{"id":13634,"date":"2017-09-13T10:18:24","date_gmt":"2017-09-13T10:18:24","guid":{"rendered":"https:\/\/lapasion.es\/producto\/tortas-de-alma\/"},"modified":"2024-02-09T11:50:16","modified_gmt":"2024-02-09T09:50:16","slug":"torta-alma","status":"publish","type":"product","link":"https:\/\/lapasion.es\/fr\/produit\/torta-alma\/","title":{"rendered":"G\u00e2teaux aux cheveux d\u00b4ange | 2.5 Kg"},"content":{"rendered":"<p>Farine de bl\u00e9, huile de tournesol, vin doux (sulfites), cheveux d\u00b4ange, [(pulpe de citrouille, sucre et glucose)], sucre.<\/p>\n","protected":false},"excerpt":{"rendered":"<p>Les G\u00c2TEAUX D\u00b4\u00c2ME de Lapasi\u00f3n sont un produit de p\u00e2tisserie traditionnelle. Douceur typique d\u00b4Aragon. Petits chaussons fourr\u00e9s \u00e0 la confiture de courge. Ils sont remplis de cheveux d\u00b4ange. PR\u00c9SENTATION | La bo\u00eete contient 43 unit\u00e9s | Total 2,5 kg.<\/p>\n","protected":false},"featured_media":9596,"template":"","meta":{"_acf_changed":false,"_uag_custom_page_level_css":"","_genesis_hide_title":false,"_genesis_hide_breadcrumbs":false,"_genesis_hide_singular_image":false,"_genesis_hide_footer_widgets":false,"_genesis_custom_body_class":"","_genesis_custom_post_class":"","_genesis_layout":""},"product_brand":[],"product_cat":[1670,1728,1730,1664],"product_tag":[],"class_list":{"0":"post-13634","1":"product","2":"type-product","3":"status-publish","4":"has-post-thumbnail","6":"product_cat-autres-sucreries","7":"product_cat-boutique-en-ligne","8":"product_cat-distributeurs","9":"product_cat-confiserie-boulangerie","10":"entry","12":"first","13":"instock","14":"shipping-taxable","15":"purchasable","16":"product-type-simple"},"acf":[],"df_price":37.3,"df_sale_price":"","df_regular_price":37.3,"df_image_link":"https:\/\/lapasion.es\/wp-content\/uploads\/2017\/10\/5031-300x300.jpg","uagb_featured_image_src":{"full":["https:\/\/lapasion.es\/wp-content\/uploads\/2017\/10\/5031.jpg",482,482,false],"thumbnail":["https:\/\/lapasion.es\/wp-content\/uploads\/2017\/10\/5031-150x150.jpg",150,150,true],"medium":["https:\/\/lapasion.es\/wp-content\/uploads\/2017\/10\/5031-300x300.jpg",300,300,true],"medium_large":["https:\/\/lapasion.es\/wp-content\/uploads\/2017\/10\/5031.jpg",482,482,false],"large":["https:\/\/lapasion.es\/wp-content\/uploads\/2017\/10\/5031.jpg",482,482,false],"1536x1536":["https:\/\/lapasion.es\/wp-content\/uploads\/2017\/10\/5031.jpg",482,482,false],"2048x2048":["https:\/\/lapasion.es\/wp-content\/uploads\/2017\/10\/5031.jpg",482,482,false],"gur_featured_image":["https:\/\/lapasion.es\/wp-content\/uploads\/2017\/10\/5031.jpg",482,482,false],"gur_blog_thumbnail":["https:\/\/lapasion.es\/wp-content\/uploads\/2017\/10\/5031.jpg",482,482,false],"woocommerce_thumbnail":["https:\/\/lapasion.es\/wp-content\/uploads\/2017\/10\/5031.jpg",482,482,false],"woocommerce_single":["https:\/\/lapasion.es\/wp-content\/uploads\/2017\/10\/5031.jpg",482,482,false],"woocommerce_gallery_thumbnail":["https:\/\/lapasion.es\/wp-content\/uploads\/2017\/10\/5031-100x100.jpg",100,100,true]},"uagb_author_info":{"display_name":"incaelum","author_link":"https:\/\/lapasion.es\/fr\/author\/"},"uagb_comment_info":0,"uagb_excerpt":"Les G\u00c2TEAUX D\u00b4\u00c2ME de Lapasi\u00f3n sont un produit de p\u00e2tisserie traditionnelle. Douceur typique d\u00b4Aragon. Petits chaussons fourr\u00e9s \u00e0 la confiture de courge. Ils sont remplis de cheveux d\u00b4ange. PR\u00c9SENTATION | La bo\u00eete contient 43 unit\u00e9s | Total 2,5 kg.","_links":{"self":[{"href":"https:\/\/lapasion.es\/fr\/wp-json\/wp\/v2\/product\/13634","targetHints":{"allow":["GET"]}}],"collection":[{"href":"https:\/\/lapasion.es\/fr\/wp-json\/wp\/v2\/product"}],"about":[{"href":"https:\/\/lapasion.es\/fr\/wp-json\/wp\/v2\/types\/product"}],"wp:featuredmedia":[{"embeddable":true,"href":"https:\/\/lapasion.es\/fr\/wp-json\/wp\/v2\/media\/9596"}],"wp:attachment":[{"href":"https:\/\/lapasion.es\/fr\/wp-json\/wp\/v2\/media?parent=13634"}],"wp:term":[{"taxonomy":"product_brand","embeddable":true,"href":"https:\/\/lapasion.es\/fr\/wp-json\/wp\/v2\/product_brand?post=13634"},{"taxonomy":"product_cat","embeddable":true,"href":"https:\/\/lapasion.es\/fr\/wp-json\/wp\/v2\/product_cat?post=13634"},{"taxonomy":"product_tag","embeddable":true,"href":"https:\/\/lapasion.es\/fr\/wp-json\/wp\/v2\/product_tag?post=13634"}],"curies":[{"name":"wp","href":"https:\/\/api.w.org\/{rel}","templated":true}]}}