{"id":13632,"date":"2017-09-13T10:18:50","date_gmt":"2017-09-13T10:18:50","guid":{"rendered":"https:\/\/lapasion.es\/producto\/oranxinas-con-edulcorante-2\/"},"modified":"2024-10-04T10:44:51","modified_gmt":"2024-10-04T08:44:51","slug":"oranxinas-con-edulcorante-2","status":"publish","type":"product","link":"https:\/\/lapasion.es\/fr\/produit\/oranxinas-con-edulcorante-2\/","title":{"rendered":"Oranxinas avec \u00e9dulcorant | 1.75 Kg"},"content":{"rendered":"<p>Ingr\u00e9dients : Farine de <strong>BL\u00c9<\/strong> complet (38%), \u00e9dulcorant (maltitol), <strong>\u0152UF<\/strong> entier pasteuris\u00e9, huile de tournesol, jus d&rsquo;orange, grains de <strong>S\u00c9SAME<\/strong> (3%), eau, poudres \u00e0 lever (bicarbonate de sodium et hydrog\u00e9nopyrophosphate de sodium), ar\u00f4mes naturels, correct acidit\u00e9 (acide citrique). <strong>Peut contenir des traces de fruits \u00e0 coque, de lait, de soja et de moutarde.<\/strong><\/p>\n","protected":false},"excerpt":{"rendered":"<p>Biscuits l\u00e9g\u00e8rement parfum\u00e9s \u00e0 l\u00b4orange SANS SUCRES AJOUT\u00c9S, fabriqu\u00e9s avec du maltitol et d\u00e9cor\u00e9s de s\u00e9same. QUALIT\u00c9 SUPR\u00caME | P\u00e2tisserie id\u00e9ale pour les petits d\u00e9jeuners, les d\u00e9jeuners et les collations. Ces biscuits sont servis dans des bo\u00eetes de 1,750 kg.<\/p>\n","protected":false},"featured_media":9606,"template":"","meta":{"_acf_changed":false,"_uag_custom_page_level_css":"","_genesis_hide_title":false,"_genesis_hide_breadcrumbs":false,"_genesis_hide_singular_image":false,"_genesis_hide_footer_widgets":false,"_genesis_custom_body_class":"","_genesis_custom_post_class":"","_genesis_layout":""},"product_brand":[],"product_cat":[1668,1728,1730,1664],"product_tag":[1690,1688],"class_list":{"0":"post-13632","1":"product","2":"type-product","3":"status-publish","4":"has-post-thumbnail","6":"product_cat-patisseries-gaufrettes","7":"product_cat-boutique-en-ligne","8":"product_cat-distributeurs","9":"product_cat-confiserie-boulangerie","10":"product_tag-boulangerie-integrale","11":"product_tag-patisseries-sans-sucre","12":"entry","14":"first","15":"outofstock","16":"shipping-taxable","17":"purchasable","18":"product-type-simple"},"acf":[],"df_price":32.18,"df_sale_price":"","df_regular_price":32.18,"df_image_link":"https:\/\/lapasion.es\/wp-content\/uploads\/2017\/10\/5504-300x300.jpg","uagb_featured_image_src":{"full":["https:\/\/lapasion.es\/wp-content\/uploads\/2017\/10\/5504.jpg",482,482,false],"thumbnail":["https:\/\/lapasion.es\/wp-content\/uploads\/2017\/10\/5504-150x150.jpg",150,150,true],"medium":["https:\/\/lapasion.es\/wp-content\/uploads\/2017\/10\/5504-300x300.jpg",300,300,true],"medium_large":["https:\/\/lapasion.es\/wp-content\/uploads\/2017\/10\/5504.jpg",482,482,false],"large":["https:\/\/lapasion.es\/wp-content\/uploads\/2017\/10\/5504.jpg",482,482,false],"1536x1536":["https:\/\/lapasion.es\/wp-content\/uploads\/2017\/10\/5504.jpg",482,482,false],"2048x2048":["https:\/\/lapasion.es\/wp-content\/uploads\/2017\/10\/5504.jpg",482,482,false],"gur_featured_image":["https:\/\/lapasion.es\/wp-content\/uploads\/2017\/10\/5504.jpg",482,482,false],"gur_blog_thumbnail":["https:\/\/lapasion.es\/wp-content\/uploads\/2017\/10\/5504.jpg",482,482,false],"woocommerce_thumbnail":["https:\/\/lapasion.es\/wp-content\/uploads\/2017\/10\/5504.jpg",482,482,false],"woocommerce_single":["https:\/\/lapasion.es\/wp-content\/uploads\/2017\/10\/5504.jpg",482,482,false],"woocommerce_gallery_thumbnail":["https:\/\/lapasion.es\/wp-content\/uploads\/2017\/10\/5504-100x100.jpg",100,100,true]},"uagb_author_info":{"display_name":"incaelum","author_link":"https:\/\/lapasion.es\/fr\/author\/"},"uagb_comment_info":0,"uagb_excerpt":"Biscuits l\u00e9g\u00e8rement parfum\u00e9s \u00e0 l\u00b4orange SANS SUCRES AJOUT\u00c9S, fabriqu\u00e9s avec du maltitol et d\u00e9cor\u00e9s de s\u00e9same. QUALIT\u00c9 SUPR\u00caME | P\u00e2tisserie id\u00e9ale pour les petits d\u00e9jeuners, les d\u00e9jeuners et les collations. Ces biscuits sont servis dans des bo\u00eetes de 1,750 kg.","_links":{"self":[{"href":"https:\/\/lapasion.es\/fr\/wp-json\/wp\/v2\/product\/13632","targetHints":{"allow":["GET"]}}],"collection":[{"href":"https:\/\/lapasion.es\/fr\/wp-json\/wp\/v2\/product"}],"about":[{"href":"https:\/\/lapasion.es\/fr\/wp-json\/wp\/v2\/types\/product"}],"wp:featuredmedia":[{"embeddable":true,"href":"https:\/\/lapasion.es\/fr\/wp-json\/wp\/v2\/media\/9606"}],"wp:attachment":[{"href":"https:\/\/lapasion.es\/fr\/wp-json\/wp\/v2\/media?parent=13632"}],"wp:term":[{"taxonomy":"product_brand","embeddable":true,"href":"https:\/\/lapasion.es\/fr\/wp-json\/wp\/v2\/product_brand?post=13632"},{"taxonomy":"product_cat","embeddable":true,"href":"https:\/\/lapasion.es\/fr\/wp-json\/wp\/v2\/product_cat?post=13632"},{"taxonomy":"product_tag","embeddable":true,"href":"https:\/\/lapasion.es\/fr\/wp-json\/wp\/v2\/product_tag?post=13632"}],"curies":[{"name":"wp","href":"https:\/\/api.w.org\/{rel}","templated":true}]}}