{"id":13630,"date":"2017-09-13T10:18:53","date_gmt":"2017-09-13T08:18:53","guid":{"rendered":"https:\/\/lapasion.es\/producto\/bizcocho-integral-con-azucar-2\/"},"modified":"2024-01-02T15:06:19","modified_gmt":"2024-01-02T13:06:19","slug":"bizcocho-integral-con-azucar-2","status":"publish","type":"product","link":"https:\/\/lapasion.es\/fr\/produit\/bizcocho-integral-con-azucar-2\/","title":{"rendered":"G\u00e2teau Env riche en fibres | 2,5 kg x 2,5 paquets"},"content":{"rendered":"<p>Farine de <strong>BL\u00c9<\/strong>, sucre, saindoux de porc ib\u00e9rique, son de BL\u00c9 10%, <strong>\u0152UF<\/strong> pasteuris\u00e9 (<strong>OEUF<\/strong>, conservateur E202 et antioxydant E330), fibres de pois, poudres \u00e0 lever (E450i et 500ii) et ar\u00f4mes. <strong>Peut contenir des traces de soja et de moutarde.<\/strong><\/p>\n","protected":false},"excerpt":{"rendered":"<p>G\u00e2teau allong\u00e9, de couleur dor\u00e9e, grill\u00e9 et croustillant avec un go\u00fbt sucr\u00e9 et de c\u00e9r\u00e9ales. Produit avec une HAUTE TENEUR EN FIBRES.<\/p>\n","protected":false},"featured_media":9608,"template":"","meta":{"_acf_changed":false,"_uag_custom_page_level_css":"","_genesis_hide_title":false,"_genesis_hide_breadcrumbs":false,"_genesis_hide_singular_image":false,"_genesis_hide_footer_widgets":false,"_genesis_custom_body_class":"","_genesis_custom_post_class":"","_genesis_layout":""},"product_brand":[],"product_cat":[1734,1728,1730,1665,1664],"product_tag":[1688],"class_list":{"0":"post-13630","1":"product","2":"type-product","3":"status-publish","4":"has-post-thumbnail","6":"product_cat-produits-de-confiserie-et-de-boulangerie-en-vrac-emballes","7":"product_cat-boutique-en-ligne","8":"product_cat-distributeurs","9":"product_cat-biscuits-fr","10":"product_cat-confiserie-boulangerie","11":"product_tag-patisseries-sans-sucre","12":"entry","14":"first","15":"instock","16":"shipping-taxable","17":"purchasable","18":"product-type-simple"},"acf":[],"df_price":26.95,"df_sale_price":"","df_regular_price":26.95,"df_image_link":"https:\/\/lapasion.es\/wp-content\/uploads\/2017\/10\/4702-1-300x300.jpg","uagb_featured_image_src":{"full":["https:\/\/lapasion.es\/wp-content\/uploads\/2017\/10\/4702-1.jpg",482,482,false],"thumbnail":["https:\/\/lapasion.es\/wp-content\/uploads\/2017\/10\/4702-1-150x150.jpg",150,150,true],"medium":["https:\/\/lapasion.es\/wp-content\/uploads\/2017\/10\/4702-1-300x300.jpg",300,300,true],"medium_large":["https:\/\/lapasion.es\/wp-content\/uploads\/2017\/10\/4702-1.jpg",482,482,false],"large":["https:\/\/lapasion.es\/wp-content\/uploads\/2017\/10\/4702-1.jpg",482,482,false],"1536x1536":["https:\/\/lapasion.es\/wp-content\/uploads\/2017\/10\/4702-1.jpg",482,482,false],"2048x2048":["https:\/\/lapasion.es\/wp-content\/uploads\/2017\/10\/4702-1.jpg",482,482,false],"gur_featured_image":["https:\/\/lapasion.es\/wp-content\/uploads\/2017\/10\/4702-1.jpg",482,482,false],"gur_blog_thumbnail":["https:\/\/lapasion.es\/wp-content\/uploads\/2017\/10\/4702-1.jpg",482,482,false],"woocommerce_thumbnail":["https:\/\/lapasion.es\/wp-content\/uploads\/2017\/10\/4702-1.jpg",482,482,false],"woocommerce_single":["https:\/\/lapasion.es\/wp-content\/uploads\/2017\/10\/4702-1.jpg",482,482,false],"woocommerce_gallery_thumbnail":["https:\/\/lapasion.es\/wp-content\/uploads\/2017\/10\/4702-1-100x100.jpg",100,100,true]},"uagb_author_info":{"display_name":"incaelum","author_link":"https:\/\/lapasion.es\/fr\/author\/"},"uagb_comment_info":0,"uagb_excerpt":"G\u00e2teau allong\u00e9, de couleur dor\u00e9e, grill\u00e9 et croustillant avec un go\u00fbt sucr\u00e9 et de c\u00e9r\u00e9ales. Produit avec une HAUTE TENEUR EN FIBRES.","_links":{"self":[{"href":"https:\/\/lapasion.es\/fr\/wp-json\/wp\/v2\/product\/13630","targetHints":{"allow":["GET"]}}],"collection":[{"href":"https:\/\/lapasion.es\/fr\/wp-json\/wp\/v2\/product"}],"about":[{"href":"https:\/\/lapasion.es\/fr\/wp-json\/wp\/v2\/types\/product"}],"wp:featuredmedia":[{"embeddable":true,"href":"https:\/\/lapasion.es\/fr\/wp-json\/wp\/v2\/media\/9608"}],"wp:attachment":[{"href":"https:\/\/lapasion.es\/fr\/wp-json\/wp\/v2\/media?parent=13630"}],"wp:term":[{"taxonomy":"product_brand","embeddable":true,"href":"https:\/\/lapasion.es\/fr\/wp-json\/wp\/v2\/product_brand?post=13630"},{"taxonomy":"product_cat","embeddable":true,"href":"https:\/\/lapasion.es\/fr\/wp-json\/wp\/v2\/product_cat?post=13630"},{"taxonomy":"product_tag","embeddable":true,"href":"https:\/\/lapasion.es\/fr\/wp-json\/wp\/v2\/product_tag?post=13630"}],"curies":[{"name":"wp","href":"https:\/\/api.w.org\/{rel}","templated":true}]}}