{"id":13628,"date":"2017-09-13T10:19:19","date_gmt":"2017-09-13T10:19:19","guid":{"rendered":"https:\/\/lapasion.es\/producto\/plum-cake-integral-fructosa-2\/"},"modified":"2024-01-02T14:59:02","modified_gmt":"2024-01-02T12:59:02","slug":"plum-cake-integral-fructosa-2","status":"publish","type":"product","link":"https:\/\/lapasion.es\/fr\/produit\/plum-cake-integral-fructosa-2\/","title":{"rendered":"G\u00e2teau complet aux prunes avec fruits et raisins secs | 2.5 Kg"},"content":{"rendered":"<p>Farine de <strong>BLE<\/strong> entier (20%), <strong>OEUFS<\/strong>, huile v\u00e9g\u00e9tale (tournesol et <strong>SOJA<\/strong> en proportion variable), fructose, maltitol, raisins secs, fruits confits [(\u00e9corces d&rsquo;orange, potiron, fructose, saccharose, conservateur E-202, colorant E-133 et E-120 et acidulant E-300)], poudre de <strong>LACTOSERUM<\/strong>, amidon de ma\u00efs, sorbitol, agent levant (E-450, E-500ii), conservateur (E-200, E-281) et ar\u00f4mes<strong>. Peut contenir des traces de fruits \u00e0 coque et de sulfites.<\/strong><\/p>\n","protected":false},"excerpt":{"rendered":"<p>G\u00e2teau aux prunes rectangulaire avec des fruits \u00e0 l\u00b4int\u00e9rieur. Saveur et odeur sucr\u00e9es. QUALIT\u00c9 SUPR\u00caME | Id\u00e9al pour les petits d\u00e9jeuners, les d\u00e9jeuners et les collations. Ils sont servis individuellement emball\u00e9s pour assurer leur conservation plus longtemps.<\/p>\n","protected":false},"featured_media":12150,"template":"","meta":{"_acf_changed":false,"_uag_custom_page_level_css":"","_genesis_hide_title":false,"_genesis_hide_breadcrumbs":false,"_genesis_hide_singular_image":false,"_genesis_hide_footer_widgets":false,"_genesis_custom_body_class":"","_genesis_custom_post_class":"","_genesis_layout":""},"product_brand":[],"product_cat":[1734,1728,1730,1665,1664],"product_tag":[1690],"class_list":{"0":"post-13628","1":"product","2":"type-product","3":"status-publish","4":"has-post-thumbnail","6":"product_cat-produits-de-confiserie-et-de-boulangerie-en-vrac-emballes","7":"product_cat-boutique-en-ligne","8":"product_cat-distributeurs","9":"product_cat-biscuits-fr","10":"product_cat-confiserie-boulangerie","11":"product_tag-boulangerie-integrale","12":"entry","14":"first","15":"instock","16":"shipping-taxable","17":"purchasable","18":"product-type-simple"},"acf":[],"df_price":29.5,"df_sale_price":"","df_regular_price":29.5,"df_image_link":"https:\/\/lapasion.es\/wp-content\/uploads\/2017\/09\/004717-Plum-cake-int-fructosa-scaled-1-300x273.jpg","uagb_featured_image_src":{"full":["https:\/\/lapasion.es\/wp-content\/uploads\/2017\/09\/004717-Plum-cake-int-fructosa-scaled-1.jpg",2560,2329,false],"thumbnail":["https:\/\/lapasion.es\/wp-content\/uploads\/2017\/09\/004717-Plum-cake-int-fructosa-scaled-1-150x150.jpg",150,150,true],"medium":["https:\/\/lapasion.es\/wp-content\/uploads\/2017\/09\/004717-Plum-cake-int-fructosa-scaled-1-300x273.jpg",300,273,true],"medium_large":["https:\/\/lapasion.es\/wp-content\/uploads\/2017\/09\/004717-Plum-cake-int-fructosa-scaled-1-768x699.jpg",768,699,true],"large":["https:\/\/lapasion.es\/wp-content\/uploads\/2017\/09\/004717-Plum-cake-int-fructosa-scaled-1-1024x932.jpg",1024,932,true],"1536x1536":["https:\/\/lapasion.es\/wp-content\/uploads\/2017\/09\/004717-Plum-cake-int-fructosa-scaled-1-1536x1397.jpg",1536,1397,true],"2048x2048":["https:\/\/lapasion.es\/wp-content\/uploads\/2017\/09\/004717-Plum-cake-int-fructosa-scaled-1-2048x1863.jpg",2048,1863,true],"gur_featured_image":["https:\/\/lapasion.es\/wp-content\/uploads\/2017\/09\/004717-Plum-cake-int-fructosa-scaled-1.jpg",692,630,false],"gur_blog_thumbnail":["https:\/\/lapasion.es\/wp-content\/uploads\/2017\/09\/004717-Plum-cake-int-fructosa-scaled-1.jpg",550,500,false],"woocommerce_thumbnail":["https:\/\/lapasion.es\/wp-content\/uploads\/2017\/09\/004717-Plum-cake-int-fructosa-scaled-1-500x500.jpg",500,500,true],"woocommerce_single":["https:\/\/lapasion.es\/wp-content\/uploads\/2017\/09\/004717-Plum-cake-int-fructosa-scaled-1-655x596.jpg",655,596,true],"woocommerce_gallery_thumbnail":["https:\/\/lapasion.es\/wp-content\/uploads\/2017\/09\/004717-Plum-cake-int-fructosa-scaled-1-100x100.jpg",100,100,true]},"uagb_author_info":{"display_name":"incaelum","author_link":"https:\/\/lapasion.es\/fr\/author\/"},"uagb_comment_info":0,"uagb_excerpt":"G\u00e2teau aux prunes rectangulaire avec des fruits \u00e0 l\u00b4int\u00e9rieur. Saveur et odeur sucr\u00e9es. QUALIT\u00c9 SUPR\u00caME | Id\u00e9al pour les petits d\u00e9jeuners, les d\u00e9jeuners et les collations. Ils sont servis individuellement emball\u00e9s pour assurer leur conservation plus longtemps.","_links":{"self":[{"href":"https:\/\/lapasion.es\/fr\/wp-json\/wp\/v2\/product\/13628","targetHints":{"allow":["GET"]}}],"collection":[{"href":"https:\/\/lapasion.es\/fr\/wp-json\/wp\/v2\/product"}],"about":[{"href":"https:\/\/lapasion.es\/fr\/wp-json\/wp\/v2\/types\/product"}],"wp:featuredmedia":[{"embeddable":true,"href":"https:\/\/lapasion.es\/fr\/wp-json\/wp\/v2\/media\/12150"}],"wp:attachment":[{"href":"https:\/\/lapasion.es\/fr\/wp-json\/wp\/v2\/media?parent=13628"}],"wp:term":[{"taxonomy":"product_brand","embeddable":true,"href":"https:\/\/lapasion.es\/fr\/wp-json\/wp\/v2\/product_brand?post=13628"},{"taxonomy":"product_cat","embeddable":true,"href":"https:\/\/lapasion.es\/fr\/wp-json\/wp\/v2\/product_cat?post=13628"},{"taxonomy":"product_tag","embeddable":true,"href":"https:\/\/lapasion.es\/fr\/wp-json\/wp\/v2\/product_tag?post=13628"}],"curies":[{"name":"wp","href":"https:\/\/api.w.org\/{rel}","templated":true}]}}