{"id":13624,"date":"2017-09-13T10:19:47","date_gmt":"2017-09-13T10:19:47","guid":{"rendered":"https:\/\/lapasion.es\/producto\/bizcocho-coc\/"},"modified":"2024-10-07T18:51:07","modified_gmt":"2024-10-07T16:51:07","slug":"bizcocho-coc","status":"publish","type":"product","link":"https:\/\/lapasion.es\/fr\/produit\/bizcocho-coc\/","title":{"rendered":"Gate\u00e2u Coc Moelleux Envelopp\u00e9 | 2 Kg"},"content":{"rendered":"<p>Farine de <strong>bl\u00e9<\/strong>, sucre, <strong>\u0153uf<\/strong> pasteuris\u00e9, huile v\u00e9g\u00e9tale de tournesol, sucre inverti, agents levants (bicarbonate de sodium et diphosphate disodique), prot\u00e9ine de <strong>lait<\/strong>, humectants (sorbitol et glyc\u00e9rol), acidifiant (acide citrique), conservateurs (acide sorbique, sorbate de potassium), sel, ar\u00f4me (beurre et citron) et colorant (carot\u00e8ne). <strong>Peut contenir des traces de fruits \u00e0 coque.<\/strong><\/p>\n","protected":false},"excerpt":{"rendered":"<p><strong>QUALIT\u00c9 SUPR\u00caME<\/strong> | Produit p\u00e2tissier r\u00e9pondant \u00e0 l&rsquo;appellation \u00ab\u00a0Gate\u00e2u COC Moelleux\u00a0\u00bb. Il s&rsquo;agit d&rsquo;un g\u00e2teau fabriqu\u00e9 \u00e0 partir de p\u00e2te trait\u00e9e avec de la farine de bl\u00e9 et des huiles v\u00e9g\u00e9tales, cuite au four.<\/p>\n<p><strong>MOMENT PARFAIT<\/strong> | Id\u00e9al pour les snack et petit dejeuner.<\/p>\n<p><strong>PR\u00c9SENTATION<\/strong> | Envelopp\u00e9 avec 65g | Total 2 kg<\/p>\n<p><strong>PRODUITS EN ESPAGNE<\/strong> | Ces bonbons sont produits en Espagne.<\/p>\n<p><strong>DLU ET CONSERVATION<\/strong> | \u00a0Consommation privil\u00e9gi\u00e9e dans les 7 mois suivant sa fabrication. Conservez-le dans un endroit frais et sec et prot\u00e9gez-le du soleil.<\/p>\n","protected":false},"featured_media":12148,"template":"","meta":{"_acf_changed":false,"_uag_custom_page_level_css":"","_genesis_hide_title":false,"_genesis_hide_breadcrumbs":false,"_genesis_hide_singular_image":false,"_genesis_hide_footer_widgets":false,"_genesis_custom_body_class":"","_genesis_custom_post_class":"","_genesis_layout":""},"product_brand":[],"product_cat":[1728,1665,1664],"product_tag":[],"class_list":{"0":"post-13624","1":"product","2":"type-product","3":"status-publish","4":"has-post-thumbnail","6":"product_cat-boutique-en-ligne","7":"product_cat-biscuits-fr","8":"product_cat-confiserie-boulangerie","9":"entry","11":"first","12":"instock","13":"shipping-taxable","14":"purchasable","15":"product-type-simple"},"acf":[],"df_price":27.92,"df_sale_price":"","df_regular_price":27.92,"df_image_link":"https:\/\/lapasion.es\/wp-content\/uploads\/2017\/09\/004039-coc-env1-300x298.jpg","uagb_featured_image_src":{"full":["https:\/\/lapasion.es\/wp-content\/uploads\/2017\/09\/004039-coc-env1.jpg",2176,2165,false],"thumbnail":["https:\/\/lapasion.es\/wp-content\/uploads\/2017\/09\/004039-coc-env1-150x150.jpg",150,150,true],"medium":["https:\/\/lapasion.es\/wp-content\/uploads\/2017\/09\/004039-coc-env1-300x298.jpg",300,298,true],"medium_large":["https:\/\/lapasion.es\/wp-content\/uploads\/2017\/09\/004039-coc-env1-768x764.jpg",768,764,true],"large":["https:\/\/lapasion.es\/wp-content\/uploads\/2017\/09\/004039-coc-env1-1024x1019.jpg",1024,1019,true],"1536x1536":["https:\/\/lapasion.es\/wp-content\/uploads\/2017\/09\/004039-coc-env1-1536x1528.jpg",1536,1528,true],"2048x2048":["https:\/\/lapasion.es\/wp-content\/uploads\/2017\/09\/004039-coc-env1-2048x2038.jpg",2048,2038,true],"gur_featured_image":["https:\/\/lapasion.es\/wp-content\/uploads\/2017\/09\/004039-coc-env1.jpg",633,630,false],"gur_blog_thumbnail":["https:\/\/lapasion.es\/wp-content\/uploads\/2017\/09\/004039-coc-env1.jpg",503,500,false],"woocommerce_thumbnail":["https:\/\/lapasion.es\/wp-content\/uploads\/2017\/09\/004039-coc-env1-500x500.jpg",500,500,true],"woocommerce_single":["https:\/\/lapasion.es\/wp-content\/uploads\/2017\/09\/004039-coc-env1-655x652.jpg",655,652,true],"woocommerce_gallery_thumbnail":["https:\/\/lapasion.es\/wp-content\/uploads\/2017\/09\/004039-coc-env1-100x100.jpg",100,100,true]},"uagb_author_info":{"display_name":"incaelum","author_link":"https:\/\/lapasion.es\/fr\/author\/"},"uagb_comment_info":0,"uagb_excerpt":"QUALIT\u00c9 SUPR\u00caME | Produit p\u00e2tissier r\u00e9pondant \u00e0 l'appellation \"Gate\u00e2u COC Moelleux\". Il s'agit d'un g\u00e2teau fabriqu\u00e9 \u00e0 partir de p\u00e2te trait\u00e9e avec de la farine de bl\u00e9 et des huiles v\u00e9g\u00e9tales, cuite au four. MOMENT PARFAIT | Id\u00e9al pour les snack et petit dejeuner. PR\u00c9SENTATION | Envelopp\u00e9 avec 65g | Total 2 kg PRODUITS EN\u2026","_links":{"self":[{"href":"https:\/\/lapasion.es\/fr\/wp-json\/wp\/v2\/product\/13624","targetHints":{"allow":["GET"]}}],"collection":[{"href":"https:\/\/lapasion.es\/fr\/wp-json\/wp\/v2\/product"}],"about":[{"href":"https:\/\/lapasion.es\/fr\/wp-json\/wp\/v2\/types\/product"}],"wp:featuredmedia":[{"embeddable":true,"href":"https:\/\/lapasion.es\/fr\/wp-json\/wp\/v2\/media\/12148"}],"wp:attachment":[{"href":"https:\/\/lapasion.es\/fr\/wp-json\/wp\/v2\/media?parent=13624"}],"wp:term":[{"taxonomy":"product_brand","embeddable":true,"href":"https:\/\/lapasion.es\/fr\/wp-json\/wp\/v2\/product_brand?post=13624"},{"taxonomy":"product_cat","embeddable":true,"href":"https:\/\/lapasion.es\/fr\/wp-json\/wp\/v2\/product_cat?post=13624"},{"taxonomy":"product_tag","embeddable":true,"href":"https:\/\/lapasion.es\/fr\/wp-json\/wp\/v2\/product_tag?post=13624"}],"curies":[{"name":"wp","href":"https:\/\/api.w.org\/{rel}","templated":true}]}}