{"id":13622,"date":"2017-09-13T10:19:50","date_gmt":"2017-09-13T08:19:50","guid":{"rendered":"https:\/\/lapasion.es\/producto\/bombon-oro-env\/"},"modified":"2024-10-07T18:52:53","modified_gmt":"2024-10-07T16:52:53","slug":"bombon-oro-env","status":"publish","type":"product","link":"https:\/\/lapasion.es\/fr\/produit\/bombon-oro-env\/","title":{"rendered":"G\u00e2teau \u00e9ponge enrob\u00e9 de cr\u00e8me au cacao | 2 kg"},"content":{"rendered":"<p>Farine de <strong>BL\u00c9<\/strong>, sucre, enrobage sp\u00e9cial avec 20% de graisse v\u00e9g\u00e9tale [Sucre, graisse v\u00e9g\u00e9tale enti\u00e8rement hydrog\u00e9n\u00e9e (palmiste), poudre de cacao d\u00e9graiss\u00e9 (15,5%), \u00e9mulsifiants (l\u00e9cithine de tournesol, polyricinol\u00e9ate de polyglyc\u00e9rol, trist\u00e9arate de sorbitan) et ar\u00f4me], <strong>OEUFS<\/strong>, v\u00e9g\u00e9tal huile (tournesol ou <strong>soja<\/strong>) en proportions variables, eau, poudres \u00e0 lever (E-450i, E-500ii), humectant (glyc\u00e9rine), sirop (eau, sucre, E330 et E202), sel, gomme xanthane, acidifiant (E330), ar\u00f4me citron et conservateurs (E200 et E202). <strong>Peut contenir des traces de lait, moutarde, soja, s\u00e9same, <\/strong><strong>fruits \u00e0 coque et sulfites. <\/strong><\/p>\n","protected":false},"excerpt":{"rendered":"<p>Le Bonbon Or de Lapasi\u00f3n est un produit de p\u00e2tisserie tremp\u00e9 dans du sirop et recouvert d\u00b4un d\u00e9licieux chocolat. PR\u00c9SENTATION | La bo\u00eete contient 30 unit\u00e9s | Total 2 Kg.<\/p>\n","protected":false},"featured_media":9620,"template":"","meta":{"_acf_changed":false,"_uag_custom_page_level_css":"","_genesis_hide_title":false,"_genesis_hide_breadcrumbs":false,"_genesis_hide_singular_image":false,"_genesis_hide_footer_widgets":false,"_genesis_custom_body_class":"","_genesis_custom_post_class":"","_genesis_layout":""},"product_brand":[],"product_cat":[1734,1728,1730,1665,1664],"product_tag":[],"class_list":{"0":"post-13622","1":"product","2":"type-product","3":"status-publish","4":"has-post-thumbnail","6":"product_cat-produits-de-confiserie-et-de-boulangerie-en-vrac-emballes","7":"product_cat-boutique-en-ligne","8":"product_cat-distributeurs","9":"product_cat-biscuits-fr","10":"product_cat-confiserie-boulangerie","11":"entry","13":"first","14":"instock","15":"shipping-taxable","16":"purchasable","17":"product-type-simple"},"acf":[],"df_price":27.92,"df_sale_price":"","df_regular_price":27.92,"df_image_link":"https:\/\/lapasion.es\/wp-content\/uploads\/2017\/10\/4051-1-300x300.jpg","uagb_featured_image_src":{"full":["https:\/\/lapasion.es\/wp-content\/uploads\/2017\/10\/4051-1.jpg",482,482,false],"thumbnail":["https:\/\/lapasion.es\/wp-content\/uploads\/2017\/10\/4051-1-150x150.jpg",150,150,true],"medium":["https:\/\/lapasion.es\/wp-content\/uploads\/2017\/10\/4051-1-300x300.jpg",300,300,true],"medium_large":["https:\/\/lapasion.es\/wp-content\/uploads\/2017\/10\/4051-1.jpg",482,482,false],"large":["https:\/\/lapasion.es\/wp-content\/uploads\/2017\/10\/4051-1.jpg",482,482,false],"1536x1536":["https:\/\/lapasion.es\/wp-content\/uploads\/2017\/10\/4051-1.jpg",482,482,false],"2048x2048":["https:\/\/lapasion.es\/wp-content\/uploads\/2017\/10\/4051-1.jpg",482,482,false],"gur_featured_image":["https:\/\/lapasion.es\/wp-content\/uploads\/2017\/10\/4051-1.jpg",482,482,false],"gur_blog_thumbnail":["https:\/\/lapasion.es\/wp-content\/uploads\/2017\/10\/4051-1.jpg",482,482,false],"woocommerce_thumbnail":["https:\/\/lapasion.es\/wp-content\/uploads\/2017\/10\/4051-1.jpg",482,482,false],"woocommerce_single":["https:\/\/lapasion.es\/wp-content\/uploads\/2017\/10\/4051-1.jpg",482,482,false],"woocommerce_gallery_thumbnail":["https:\/\/lapasion.es\/wp-content\/uploads\/2017\/10\/4051-1-100x100.jpg",100,100,true]},"uagb_author_info":{"display_name":"incaelum","author_link":"https:\/\/lapasion.es\/fr\/author\/"},"uagb_comment_info":0,"uagb_excerpt":"Le Bonbon Or de Lapasi\u00f3n est un produit de p\u00e2tisserie tremp\u00e9 dans du sirop et recouvert d\u00b4un d\u00e9licieux chocolat. PR\u00c9SENTATION | La bo\u00eete contient 30 unit\u00e9s | Total 2 Kg.","_links":{"self":[{"href":"https:\/\/lapasion.es\/fr\/wp-json\/wp\/v2\/product\/13622","targetHints":{"allow":["GET"]}}],"collection":[{"href":"https:\/\/lapasion.es\/fr\/wp-json\/wp\/v2\/product"}],"about":[{"href":"https:\/\/lapasion.es\/fr\/wp-json\/wp\/v2\/types\/product"}],"wp:featuredmedia":[{"embeddable":true,"href":"https:\/\/lapasion.es\/fr\/wp-json\/wp\/v2\/media\/9620"}],"wp:attachment":[{"href":"https:\/\/lapasion.es\/fr\/wp-json\/wp\/v2\/media?parent=13622"}],"wp:term":[{"taxonomy":"product_brand","embeddable":true,"href":"https:\/\/lapasion.es\/fr\/wp-json\/wp\/v2\/product_brand?post=13622"},{"taxonomy":"product_cat","embeddable":true,"href":"https:\/\/lapasion.es\/fr\/wp-json\/wp\/v2\/product_cat?post=13622"},{"taxonomy":"product_tag","embeddable":true,"href":"https:\/\/lapasion.es\/fr\/wp-json\/wp\/v2\/product_tag?post=13622"}],"curies":[{"name":"wp","href":"https:\/\/api.w.org\/{rel}","templated":true}]}}