{"id":13614,"date":"2017-09-13T10:21:58","date_gmt":"2017-09-13T08:21:58","guid":{"rendered":"https:\/\/lapasion.es\/producto\/goles-de-coco-bizcocho-con-ralladura-de-coco\/"},"modified":"2024-11-11T12:32:07","modified_gmt":"2024-11-11T10:32:07","slug":"sunnetes-coco","status":"publish","type":"product","link":"https:\/\/lapasion.es\/fr\/produit\/sunnetes-coco\/","title":{"rendered":"Goles Coco| G\u00e2teau \u00e9ponge \u00e0 la Noix de Coco R\u00e2p\u00e9e | 250g x 10 paquets"},"content":{"rendered":"<p>Farine de <strong>BL\u00c9<\/strong>, sucre, <strong>OEUFS<\/strong>, huiles de tournesol et de soja en proportions variables, eau, noix de coco r\u00e2p\u00e9e (4%) (Contient des <strong>SULFITES<\/strong>), poudre \u00e0 lever (diphosphate disodique, bicarbonate de sodium), humectant (glyc\u00e9rine), sirop [Eau, sucre, E -330, E-202], <strong>LACTOS\u00c9RUM<\/strong>, sel, acidifiant (acide citrique), ar\u00f4me citron et conservateurs (E-200, E-202). <strong>Peut contenir des traces de soja, moutarde, fruits \u00e0 coque et s\u00e9same.<\/strong><\/p>\n","protected":false},"excerpt":{"rendered":"<p style=\"text-align: left;\"><strong>QUALIT\u00c9 SUPR\u00caME<\/strong> | Les biscuits GOLES COCO de Lapasion sont des biscuits moelleux \u00e0 la noix de coco r\u00e2p\u00e9e.<\/p>\n<div class=\"woocommerce-product-details__short-description\">\n<p><strong>MOMENT PARFAIT<\/strong> | Id\u00e9al pour les desserts, snack, et petit dejeuner.<\/p>\n<p><strong>PR\u00c9SENTATION<\/strong> | 250 g x 10 paquets | Total 2.5 kg<\/p>\n<p><strong>PRODUITS EN ESPAGNE<\/strong> | Ces bonbons sont produits en Espagne.<\/p>\n<p><strong>DLU ET CONSERVATION<\/strong> | \u00a0Consommation privil\u00e9gi\u00e9e dans les 7 mois suivant sa fabrication. Conservez-le dans un endroit frais et sec et prot\u00e9gez-le du soleil.<\/p>\n<\/div>\n","protected":false},"featured_media":15338,"template":"","meta":{"_acf_changed":false,"_uag_custom_page_level_css":"","_genesis_hide_title":false,"_genesis_hide_breadcrumbs":false,"_genesis_hide_singular_image":false,"_genesis_hide_footer_widgets":false,"_genesis_custom_body_class":"","_genesis_custom_post_class":"","_genesis_layout":""},"product_brand":[],"product_cat":[1736,1728,1730,1665,1664],"product_tag":[],"class_list":{"0":"post-13614","1":"product","2":"type-product","3":"status-publish","4":"has-post-thumbnail","6":"product_cat-produits-de-confiserie-et-de-boulangerie-emballes","7":"product_cat-boutique-en-ligne","8":"product_cat-distributeurs","9":"product_cat-biscuits-fr","10":"product_cat-confiserie-boulangerie","11":"entry","13":"first","14":"outofstock","15":"shipping-taxable","16":"purchasable","17":"product-type-simple"},"acf":[],"df_price":27.3,"df_sale_price":"","df_regular_price":27.3,"df_image_link":"https:\/\/lapasion.es\/wp-content\/uploads\/2017\/09\/2007-goles-coco1-300x300.jpg","uagb_featured_image_src":{"full":["https:\/\/lapasion.es\/wp-content\/uploads\/2017\/09\/2007-goles-coco1.jpg",500,500,false],"thumbnail":["https:\/\/lapasion.es\/wp-content\/uploads\/2017\/09\/2007-goles-coco1-150x150.jpg",150,150,true],"medium":["https:\/\/lapasion.es\/wp-content\/uploads\/2017\/09\/2007-goles-coco1-300x300.jpg",300,300,true],"medium_large":["https:\/\/lapasion.es\/wp-content\/uploads\/2017\/09\/2007-goles-coco1.jpg",500,500,false],"large":["https:\/\/lapasion.es\/wp-content\/uploads\/2017\/09\/2007-goles-coco1.jpg",500,500,false],"1536x1536":["https:\/\/lapasion.es\/wp-content\/uploads\/2017\/09\/2007-goles-coco1.jpg",500,500,false],"2048x2048":["https:\/\/lapasion.es\/wp-content\/uploads\/2017\/09\/2007-goles-coco1.jpg",500,500,false],"gur_featured_image":["https:\/\/lapasion.es\/wp-content\/uploads\/2017\/09\/2007-goles-coco1.jpg",500,500,false],"gur_blog_thumbnail":["https:\/\/lapasion.es\/wp-content\/uploads\/2017\/09\/2007-goles-coco1-240x240.jpg",240,240,true],"woocommerce_thumbnail":["https:\/\/lapasion.es\/wp-content\/uploads\/2017\/09\/2007-goles-coco1.jpg",500,500,false],"woocommerce_single":["https:\/\/lapasion.es\/wp-content\/uploads\/2017\/09\/2007-goles-coco1.jpg",500,500,false],"woocommerce_gallery_thumbnail":["https:\/\/lapasion.es\/wp-content\/uploads\/2017\/09\/2007-goles-coco1-100x100.jpg",100,100,true]},"uagb_author_info":{"display_name":"incaelum","author_link":"https:\/\/lapasion.es\/fr\/author\/"},"uagb_comment_info":0,"uagb_excerpt":"QUALIT\u00c9 SUPR\u00caME | Les biscuits GOLES COCO de Lapasion sont des biscuits moelleux \u00e0 la noix de coco r\u00e2p\u00e9e. MOMENT PARFAIT | Id\u00e9al pour les desserts, snack, et petit dejeuner. PR\u00c9SENTATION | 250 g x 10 paquets | Total 2.5 kg PRODUITS EN ESPAGNE | Ces bonbons sont produits en Espagne. DLU ET CONSERVATION |\u2026","_links":{"self":[{"href":"https:\/\/lapasion.es\/fr\/wp-json\/wp\/v2\/product\/13614","targetHints":{"allow":["GET"]}}],"collection":[{"href":"https:\/\/lapasion.es\/fr\/wp-json\/wp\/v2\/product"}],"about":[{"href":"https:\/\/lapasion.es\/fr\/wp-json\/wp\/v2\/types\/product"}],"wp:featuredmedia":[{"embeddable":true,"href":"https:\/\/lapasion.es\/fr\/wp-json\/wp\/v2\/media\/15338"}],"wp:attachment":[{"href":"https:\/\/lapasion.es\/fr\/wp-json\/wp\/v2\/media?parent=13614"}],"wp:term":[{"taxonomy":"product_brand","embeddable":true,"href":"https:\/\/lapasion.es\/fr\/wp-json\/wp\/v2\/product_brand?post=13614"},{"taxonomy":"product_cat","embeddable":true,"href":"https:\/\/lapasion.es\/fr\/wp-json\/wp\/v2\/product_cat?post=13614"},{"taxonomy":"product_tag","embeddable":true,"href":"https:\/\/lapasion.es\/fr\/wp-json\/wp\/v2\/product_tag?post=13614"}],"curies":[{"name":"wp","href":"https:\/\/api.w.org\/{rel}","templated":true}]}}