{"id":13612,"date":"2017-09-13T10:21:59","date_gmt":"2017-09-13T08:21:59","guid":{"rendered":"https:\/\/lapasion.es\/producto\/goles-choco-2\/"},"modified":"2024-11-11T13:27:02","modified_gmt":"2024-11-11T11:27:02","slug":"goles-choco-2","status":"publish","type":"product","link":"https:\/\/lapasion.es\/fr\/produit\/goles-choco-2\/","title":{"rendered":"G\u00e2teau \u00e9ponge avec base de chocolat | 250g x 10 paquets"},"content":{"rendered":"<p>Farine de BL\u00c9, sucre, huiles de tournesol et de soja en proportions variables, OEUFS, eau, enrobage sp\u00e9cial avec 10% de mati\u00e8re grasse v\u00e9g\u00e9tale [Sucre, graisse v\u00e9g\u00e9tale enti\u00e8rement hydrog\u00e9n\u00e9e (palmiste), poudre de cacao d\u00e9graiss\u00e9 (15,5%), \u00e9mulsifiants (l\u00e9cithine de tournesol, polyglyc\u00e9rol polyricinol\u00e9ate, trist\u00e9arate de sorbitan) et ar\u00f4me], agents levants (E450i, E500ii), humectant (glyc\u00e9rine), sirop (eau, sucre, E330, E202), LACTOS\u00c9RUM, sel, acidulant (E330), ar\u00f4me citron et conservateurs (E200 et E202). ). Peut contenir des traces de moutarde, soja, s\u00e9same, fruits \u00e0 coque et sulfites.<\/p>\n","protected":false},"excerpt":{"rendered":"<p>Les biscuits GOLES CHOCOLATE de Lapasi\u00f3n sont des biscuits moelleux \u00e0 base de chocolat. Id\u00e9al pour les petits d\u00e9jeuners et les go\u00fbters. PR\u00c9SENTATION | paquet de 250g x 10 paquets | Total 2,5 kg.<\/p>\n","protected":false},"featured_media":15335,"template":"","meta":{"_acf_changed":false,"_uag_custom_page_level_css":"","_genesis_hide_title":false,"_genesis_hide_breadcrumbs":false,"_genesis_hide_singular_image":false,"_genesis_hide_footer_widgets":false,"_genesis_custom_body_class":"","_genesis_custom_post_class":"","_genesis_layout":""},"product_brand":[],"product_cat":[1736,1728,1730,1665,1664],"product_tag":[],"class_list":{"0":"post-13612","1":"product","2":"type-product","3":"status-publish","4":"has-post-thumbnail","6":"product_cat-produits-de-confiserie-et-de-boulangerie-emballes","7":"product_cat-boutique-en-ligne","8":"product_cat-distributeurs","9":"product_cat-biscuits-fr","10":"product_cat-confiserie-boulangerie","11":"entry","13":"first","14":"outofstock","15":"shipping-taxable","16":"purchasable","17":"product-type-simple"},"acf":[],"df_price":27.3,"df_sale_price":"","df_regular_price":27.3,"df_image_link":"https:\/\/lapasion.es\/wp-content\/uploads\/2017\/09\/2009-goles-choco1-300x300.jpg","uagb_featured_image_src":{"full":["https:\/\/lapasion.es\/wp-content\/uploads\/2017\/09\/2009-goles-choco1.jpg",500,500,false],"thumbnail":["https:\/\/lapasion.es\/wp-content\/uploads\/2017\/09\/2009-goles-choco1-150x150.jpg",150,150,true],"medium":["https:\/\/lapasion.es\/wp-content\/uploads\/2017\/09\/2009-goles-choco1-300x300.jpg",300,300,true],"medium_large":["https:\/\/lapasion.es\/wp-content\/uploads\/2017\/09\/2009-goles-choco1.jpg",500,500,false],"large":["https:\/\/lapasion.es\/wp-content\/uploads\/2017\/09\/2009-goles-choco1.jpg",500,500,false],"1536x1536":["https:\/\/lapasion.es\/wp-content\/uploads\/2017\/09\/2009-goles-choco1.jpg",500,500,false],"2048x2048":["https:\/\/lapasion.es\/wp-content\/uploads\/2017\/09\/2009-goles-choco1.jpg",500,500,false],"gur_featured_image":["https:\/\/lapasion.es\/wp-content\/uploads\/2017\/09\/2009-goles-choco1.jpg",500,500,false],"gur_blog_thumbnail":["https:\/\/lapasion.es\/wp-content\/uploads\/2017\/09\/2009-goles-choco1-240x240.jpg",240,240,true],"woocommerce_thumbnail":["https:\/\/lapasion.es\/wp-content\/uploads\/2017\/09\/2009-goles-choco1.jpg",500,500,false],"woocommerce_single":["https:\/\/lapasion.es\/wp-content\/uploads\/2017\/09\/2009-goles-choco1.jpg",500,500,false],"woocommerce_gallery_thumbnail":["https:\/\/lapasion.es\/wp-content\/uploads\/2017\/09\/2009-goles-choco1-100x100.jpg",100,100,true]},"uagb_author_info":{"display_name":"incaelum","author_link":"https:\/\/lapasion.es\/fr\/author\/"},"uagb_comment_info":0,"uagb_excerpt":"Les biscuits GOLES CHOCOLATE de Lapasi\u00f3n sont des biscuits moelleux \u00e0 base de chocolat. Id\u00e9al pour les petits d\u00e9jeuners et les go\u00fbters. PR\u00c9SENTATION | paquet de 250g x 10 paquets | Total 2,5 kg.","_links":{"self":[{"href":"https:\/\/lapasion.es\/fr\/wp-json\/wp\/v2\/product\/13612","targetHints":{"allow":["GET"]}}],"collection":[{"href":"https:\/\/lapasion.es\/fr\/wp-json\/wp\/v2\/product"}],"about":[{"href":"https:\/\/lapasion.es\/fr\/wp-json\/wp\/v2\/types\/product"}],"wp:featuredmedia":[{"embeddable":true,"href":"https:\/\/lapasion.es\/fr\/wp-json\/wp\/v2\/media\/15335"}],"wp:attachment":[{"href":"https:\/\/lapasion.es\/fr\/wp-json\/wp\/v2\/media?parent=13612"}],"wp:term":[{"taxonomy":"product_brand","embeddable":true,"href":"https:\/\/lapasion.es\/fr\/wp-json\/wp\/v2\/product_brand?post=13612"},{"taxonomy":"product_cat","embeddable":true,"href":"https:\/\/lapasion.es\/fr\/wp-json\/wp\/v2\/product_cat?post=13612"},{"taxonomy":"product_tag","embeddable":true,"href":"https:\/\/lapasion.es\/fr\/wp-json\/wp\/v2\/product_tag?post=13612"}],"curies":[{"name":"wp","href":"https:\/\/api.w.org\/{rel}","templated":true}]}}