{"id":13610,"date":"2017-09-13T10:22:03","date_gmt":"2017-09-13T10:22:03","guid":{"rendered":"https:\/\/lapasion.es\/producto\/rosquilla-laminada-con-almendra\/"},"modified":"2023-10-24T15:37:15","modified_gmt":"2023-10-24T13:37:15","slug":"rosquilla-laminada-con-almendra","status":"publish","type":"product","link":"https:\/\/lapasion.es\/fr\/produit\/rosquilla-laminada-con-almendra\/","title":{"rendered":"Rosquillas Laminadas Con Almendra Artisan Style | 2 Kg"},"content":{"rendered":"<p>Farine de BL\u00c9, sucre, saindoux, BEURRE, \u0152UF, AMANDE (7%), eau, diphosphate disodique (E450i), bicarbonate de sodium (E500ii), amidon de ma\u00efs et carbonate de sodium (E500i).<\/p>\n","protected":false},"excerpt":{"rendered":"<p>Les BEIGNETS LAMIN\u00c9S de Lapasi\u00f3n sont une sp\u00e9cialit\u00e9 de p\u00e2tisserie, une p\u00e2te s\u00e8che en forme de beignet, faite avec du beurre, d\u00e9cor\u00e9e de lamelles d\u00b4amande et recouverte de sucre. PR\u00c9SENTATION | La bo\u00eete contient 80 unit\u00e9s | Total 2 Kg.<\/p>\n","protected":false},"featured_media":9672,"template":"","meta":{"_acf_changed":false,"_uag_custom_page_level_css":"","_genesis_hide_title":false,"_genesis_hide_breadcrumbs":false,"_genesis_hide_singular_image":false,"_genesis_hide_footer_widgets":false,"_genesis_custom_body_class":"","_genesis_custom_post_class":"","_genesis_layout":""},"product_brand":[],"product_cat":[1728,1730,1669,1664],"product_tag":[],"class_list":{"0":"post-13610","1":"product","2":"type-product","3":"status-publish","4":"has-post-thumbnail","6":"product_cat-boutique-en-ligne","7":"product_cat-distributeurs","8":"product_cat-beignets-fr","9":"product_cat-confiserie-boulangerie","10":"entry","12":"first","13":"instock","14":"shipping-taxable","15":"purchasable","16":"product-type-simple"},"acf":[],"df_price":31.95,"df_sale_price":"","df_regular_price":31.95,"df_image_link":"https:\/\/lapasion.es\/wp-content\/uploads\/2017\/10\/5113-1-300x300.jpg","uagb_featured_image_src":{"full":["https:\/\/lapasion.es\/wp-content\/uploads\/2017\/10\/5113-1.jpg",482,482,false],"thumbnail":["https:\/\/lapasion.es\/wp-content\/uploads\/2017\/10\/5113-1-150x150.jpg",150,150,true],"medium":["https:\/\/lapasion.es\/wp-content\/uploads\/2017\/10\/5113-1-300x300.jpg",300,300,true],"medium_large":["https:\/\/lapasion.es\/wp-content\/uploads\/2017\/10\/5113-1.jpg",482,482,false],"large":["https:\/\/lapasion.es\/wp-content\/uploads\/2017\/10\/5113-1.jpg",482,482,false],"1536x1536":["https:\/\/lapasion.es\/wp-content\/uploads\/2017\/10\/5113-1.jpg",482,482,false],"2048x2048":["https:\/\/lapasion.es\/wp-content\/uploads\/2017\/10\/5113-1.jpg",482,482,false],"gur_featured_image":["https:\/\/lapasion.es\/wp-content\/uploads\/2017\/10\/5113-1.jpg",482,482,false],"gur_blog_thumbnail":["https:\/\/lapasion.es\/wp-content\/uploads\/2017\/10\/5113-1.jpg",482,482,false],"woocommerce_thumbnail":["https:\/\/lapasion.es\/wp-content\/uploads\/2017\/10\/5113-1.jpg",482,482,false],"woocommerce_single":["https:\/\/lapasion.es\/wp-content\/uploads\/2017\/10\/5113-1.jpg",482,482,false],"woocommerce_gallery_thumbnail":["https:\/\/lapasion.es\/wp-content\/uploads\/2017\/10\/5113-1-100x100.jpg",100,100,true]},"uagb_author_info":{"display_name":"incaelum","author_link":"https:\/\/lapasion.es\/fr\/author\/"},"uagb_comment_info":0,"uagb_excerpt":"Les BEIGNETS LAMIN\u00c9S de Lapasi\u00f3n sont une sp\u00e9cialit\u00e9 de p\u00e2tisserie, une p\u00e2te s\u00e8che en forme de beignet, faite avec du beurre, d\u00e9cor\u00e9e de lamelles d\u00b4amande et recouverte de sucre. PR\u00c9SENTATION | La bo\u00eete contient 80 unit\u00e9s | Total 2 Kg.","_links":{"self":[{"href":"https:\/\/lapasion.es\/fr\/wp-json\/wp\/v2\/product\/13610","targetHints":{"allow":["GET"]}}],"collection":[{"href":"https:\/\/lapasion.es\/fr\/wp-json\/wp\/v2\/product"}],"about":[{"href":"https:\/\/lapasion.es\/fr\/wp-json\/wp\/v2\/types\/product"}],"wp:featuredmedia":[{"embeddable":true,"href":"https:\/\/lapasion.es\/fr\/wp-json\/wp\/v2\/media\/9672"}],"wp:attachment":[{"href":"https:\/\/lapasion.es\/fr\/wp-json\/wp\/v2\/media?parent=13610"}],"wp:term":[{"taxonomy":"product_brand","embeddable":true,"href":"https:\/\/lapasion.es\/fr\/wp-json\/wp\/v2\/product_brand?post=13610"},{"taxonomy":"product_cat","embeddable":true,"href":"https:\/\/lapasion.es\/fr\/wp-json\/wp\/v2\/product_cat?post=13610"},{"taxonomy":"product_tag","embeddable":true,"href":"https:\/\/lapasion.es\/fr\/wp-json\/wp\/v2\/product_tag?post=13610"}],"curies":[{"name":"wp","href":"https:\/\/api.w.org\/{rel}","templated":true}]}}