{"id":13608,"date":"2017-09-13T10:22:27","date_gmt":"2017-09-13T10:22:27","guid":{"rendered":"https:\/\/lapasion.es\/producto\/rizos-choco\/"},"modified":"2024-10-04T10:59:13","modified_gmt":"2024-10-04T08:59:13","slug":"rizos-choco","status":"publish","type":"product","link":"https:\/\/lapasion.es\/fr\/produit\/rizos-choco\/","title":{"rendered":"Boucles de p\u00e2te feuillet\u00e9e au chocolat | 2.5Kg"},"content":{"rendered":"<p>Ingr\u00e9dients : Enrobage sp\u00e9cial cacao 24% [sucre, graisse v\u00e9g\u00e9tale fractionn\u00e9e et enti\u00e8rement hydrog\u00e9n\u00e9e (palmiste), poudre de cacao d\u00e9graiss\u00e9 13%, <strong>lactos\u00e9rum<\/strong> en poudre, <strong>LAIT<\/strong> entier en poudre, \u00e9mulsifiants (E492, l\u00e9cithines) et ar\u00f4mes], farine de <strong>BL\u00c9<\/strong>, sucre, margarine [graisse v\u00e9g\u00e9tale (palme), eau, huile v\u00e9g\u00e9tale (tournesol), sel, \u00e9mulsifiant (mono et diglyc\u00e9rides d&rsquo;acides gras), ar\u00f4mes et correcteur d&rsquo;acidit\u00e9 (acide citrique)], eau, sirop de glucose et fructose, miel, beurre (contient du <strong>LAIT<\/strong> ), <strong>LAIT<\/strong> entier en poudre et sel. <strong>Peut contenir des traces de fruits \u00e0 coque, graines de s\u00e9same, \u0153uf, soja et moutarde.<\/strong><\/p>\n","protected":false},"excerpt":{"rendered":"<p>Les BOUCLES BOMB\u00d3N de Lapasi\u00f3n sont des n\u0153uds en chocolat fabriqu\u00e9s avec de la p\u00e2te feuillet\u00e9e et recouverts d\u00b4un d\u00e9licieux chocolat. PR\u00c9SENTATION | La bo\u00eete contient 54 unit\u00e9s | Total 2,5 kg.<\/p>\n","protected":false},"featured_media":15128,"template":"","meta":{"_acf_changed":false,"_uag_custom_page_level_css":"","_genesis_hide_title":false,"_genesis_hide_breadcrumbs":false,"_genesis_hide_singular_image":false,"_genesis_hide_footer_widgets":false,"_genesis_custom_body_class":"","_genesis_custom_post_class":"","_genesis_layout":""},"product_brand":[],"product_cat":[1732,1728,1730,1664,1667],"product_tag":[],"class_list":{"0":"post-13608","1":"product","2":"type-product","3":"status-publish","4":"has-post-thumbnail","6":"product_cat-patisseries-et-produits-de-boulangerie-en-vrac","7":"product_cat-boutique-en-ligne","8":"product_cat-distributeurs","9":"product_cat-confiserie-boulangerie","10":"product_cat-feuilles-feuilletees","11":"entry","13":"first","14":"instock","15":"shipping-taxable","16":"purchasable","17":"product-type-simple"},"acf":[],"df_price":37.23,"df_sale_price":"","df_regular_price":37.23,"df_image_link":"https:\/\/lapasion.es\/wp-content\/uploads\/2017\/09\/lazos-de-hojaldre-con-chocolate-300x300.jpg","uagb_featured_image_src":{"full":["https:\/\/lapasion.es\/wp-content\/uploads\/2017\/09\/lazos-de-hojaldre-con-chocolate.jpg",800,800,false],"thumbnail":["https:\/\/lapasion.es\/wp-content\/uploads\/2017\/09\/lazos-de-hojaldre-con-chocolate-150x150.jpg",150,150,true],"medium":["https:\/\/lapasion.es\/wp-content\/uploads\/2017\/09\/lazos-de-hojaldre-con-chocolate-300x300.jpg",300,300,true],"medium_large":["https:\/\/lapasion.es\/wp-content\/uploads\/2017\/09\/lazos-de-hojaldre-con-chocolate-768x768.jpg",768,768,true],"large":["https:\/\/lapasion.es\/wp-content\/uploads\/2017\/09\/lazos-de-hojaldre-con-chocolate.jpg",800,800,false],"1536x1536":["https:\/\/lapasion.es\/wp-content\/uploads\/2017\/09\/lazos-de-hojaldre-con-chocolate.jpg",800,800,false],"2048x2048":["https:\/\/lapasion.es\/wp-content\/uploads\/2017\/09\/lazos-de-hojaldre-con-chocolate.jpg",800,800,false],"gur_featured_image":["https:\/\/lapasion.es\/wp-content\/uploads\/2017\/09\/lazos-de-hojaldre-con-chocolate-800x630.jpg",800,630,true],"gur_blog_thumbnail":["https:\/\/lapasion.es\/wp-content\/uploads\/2017\/09\/lazos-de-hojaldre-con-chocolate-240x240.jpg",240,240,true],"woocommerce_thumbnail":["https:\/\/lapasion.es\/wp-content\/uploads\/2017\/09\/lazos-de-hojaldre-con-chocolate-500x500.jpg",500,500,true],"woocommerce_single":["https:\/\/lapasion.es\/wp-content\/uploads\/2017\/09\/lazos-de-hojaldre-con-chocolate-655x655.jpg",655,655,true],"woocommerce_gallery_thumbnail":["https:\/\/lapasion.es\/wp-content\/uploads\/2017\/09\/lazos-de-hojaldre-con-chocolate-100x100.jpg",100,100,true]},"uagb_author_info":{"display_name":"incaelum","author_link":"https:\/\/lapasion.es\/fr\/author\/"},"uagb_comment_info":0,"uagb_excerpt":"Les BOUCLES BOMB\u00d3N de Lapasi\u00f3n sont des n\u0153uds en chocolat fabriqu\u00e9s avec de la p\u00e2te feuillet\u00e9e et recouverts d\u00b4un d\u00e9licieux chocolat. PR\u00c9SENTATION | La bo\u00eete contient 54 unit\u00e9s | Total 2,5 kg.","_links":{"self":[{"href":"https:\/\/lapasion.es\/fr\/wp-json\/wp\/v2\/product\/13608","targetHints":{"allow":["GET"]}}],"collection":[{"href":"https:\/\/lapasion.es\/fr\/wp-json\/wp\/v2\/product"}],"about":[{"href":"https:\/\/lapasion.es\/fr\/wp-json\/wp\/v2\/types\/product"}],"wp:featuredmedia":[{"embeddable":true,"href":"https:\/\/lapasion.es\/fr\/wp-json\/wp\/v2\/media\/15128"}],"wp:attachment":[{"href":"https:\/\/lapasion.es\/fr\/wp-json\/wp\/v2\/media?parent=13608"}],"wp:term":[{"taxonomy":"product_brand","embeddable":true,"href":"https:\/\/lapasion.es\/fr\/wp-json\/wp\/v2\/product_brand?post=13608"},{"taxonomy":"product_cat","embeddable":true,"href":"https:\/\/lapasion.es\/fr\/wp-json\/wp\/v2\/product_cat?post=13608"},{"taxonomy":"product_tag","embeddable":true,"href":"https:\/\/lapasion.es\/fr\/wp-json\/wp\/v2\/product_tag?post=13608"}],"curies":[{"name":"wp","href":"https:\/\/api.w.org\/{rel}","templated":true}]}}