{"id":13606,"date":"2017-09-13T10:22:58","date_gmt":"2017-09-13T10:22:58","guid":{"rendered":"https:\/\/lapasion.es\/producto\/lenguas-integrales-con-azucar\/"},"modified":"2023-12-22T12:05:09","modified_gmt":"2023-12-22T10:05:09","slug":"lenguas-integrales-con-azucar","status":"publish","type":"product","link":"https:\/\/lapasion.es\/fr\/produit\/lenguas-integrales-con-azucar\/","title":{"rendered":"Biscuits complets croustillants | Sole compl\u00e8te avec sucre | 2kg x 2 paquets"},"content":{"rendered":"<p>Farine de <strong>BLE<\/strong> entier, <strong>OEUFS<\/strong>, sucre de canne, huile de tournesol, <strong>LAIT<\/strong> \u00e9cr\u00e9m\u00e9, poudres \u00e0 lever (diphosphate disodique, bicarbonate de sodium).<\/p>\n","protected":false},"excerpt":{"rendered":"<p>LANGUES INT\u00c9GRALES AU SUCRE | D\u00e9licieux biscuits croustillants int\u00e9graux faits avec de la farine compl\u00e8te et des \u0153ufs cuits au four. Des p\u00e2tes s\u00e8ches connues sous le nom de Langues Int\u00e9grales. Id\u00e9ales pour le petit d\u00e9jeuner, le d\u00e9jeuner et le go\u00fbter.<\/p>\n","protected":false},"featured_media":10978,"template":"","meta":{"_acf_changed":false,"_uag_custom_page_level_css":"","_genesis_hide_title":false,"_genesis_hide_breadcrumbs":false,"_genesis_hide_singular_image":false,"_genesis_hide_footer_widgets":false,"_genesis_custom_body_class":"","_genesis_custom_post_class":"","_genesis_layout":""},"product_brand":[],"product_cat":[1668,1732,1728,1730,1664],"product_tag":[1690],"class_list":{"0":"post-13606","1":"product","2":"type-product","3":"status-publish","4":"has-post-thumbnail","6":"product_cat-patisseries-gaufrettes","7":"product_cat-patisseries-et-produits-de-boulangerie-en-vrac","8":"product_cat-boutique-en-ligne","9":"product_cat-distributeurs","10":"product_cat-confiserie-boulangerie","11":"product_tag-boulangerie-integrale","12":"entry","14":"first","15":"instock","16":"shipping-taxable","17":"purchasable","18":"product-type-simple"},"acf":[],"df_price":29.95,"df_sale_price":"","df_regular_price":29.95,"df_image_link":"https:\/\/lapasion.es\/wp-content\/uploads\/2017\/09\/lenguas-integrales-con-azucar-300x300.jpg","uagb_featured_image_src":{"full":["https:\/\/lapasion.es\/wp-content\/uploads\/2017\/09\/lenguas-integrales-con-azucar.jpg",500,500,false],"thumbnail":["https:\/\/lapasion.es\/wp-content\/uploads\/2017\/09\/lenguas-integrales-con-azucar-150x150.jpg",150,150,true],"medium":["https:\/\/lapasion.es\/wp-content\/uploads\/2017\/09\/lenguas-integrales-con-azucar-300x300.jpg",300,300,true],"medium_large":["https:\/\/lapasion.es\/wp-content\/uploads\/2017\/09\/lenguas-integrales-con-azucar.jpg",500,500,false],"large":["https:\/\/lapasion.es\/wp-content\/uploads\/2017\/09\/lenguas-integrales-con-azucar.jpg",500,500,false],"1536x1536":["https:\/\/lapasion.es\/wp-content\/uploads\/2017\/09\/lenguas-integrales-con-azucar.jpg",500,500,false],"2048x2048":["https:\/\/lapasion.es\/wp-content\/uploads\/2017\/09\/lenguas-integrales-con-azucar.jpg",500,500,false],"gur_featured_image":["https:\/\/lapasion.es\/wp-content\/uploads\/2017\/09\/lenguas-integrales-con-azucar.jpg",500,500,false],"gur_blog_thumbnail":["https:\/\/lapasion.es\/wp-content\/uploads\/2017\/09\/lenguas-integrales-con-azucar.jpg",500,500,false],"woocommerce_thumbnail":["https:\/\/lapasion.es\/wp-content\/uploads\/2017\/09\/lenguas-integrales-con-azucar.jpg",500,500,false],"woocommerce_single":["https:\/\/lapasion.es\/wp-content\/uploads\/2017\/09\/lenguas-integrales-con-azucar.jpg",500,500,false],"woocommerce_gallery_thumbnail":["https:\/\/lapasion.es\/wp-content\/uploads\/2017\/09\/lenguas-integrales-con-azucar-100x100.jpg",100,100,true]},"uagb_author_info":{"display_name":"incaelum","author_link":"https:\/\/lapasion.es\/fr\/author\/"},"uagb_comment_info":0,"uagb_excerpt":"LANGUES INT\u00c9GRALES AU SUCRE | D\u00e9licieux biscuits croustillants int\u00e9graux faits avec de la farine compl\u00e8te et des \u0153ufs cuits au four. Des p\u00e2tes s\u00e8ches connues sous le nom de Langues Int\u00e9grales. Id\u00e9ales pour le petit d\u00e9jeuner, le d\u00e9jeuner et le go\u00fbter.","_links":{"self":[{"href":"https:\/\/lapasion.es\/fr\/wp-json\/wp\/v2\/product\/13606","targetHints":{"allow":["GET"]}}],"collection":[{"href":"https:\/\/lapasion.es\/fr\/wp-json\/wp\/v2\/product"}],"about":[{"href":"https:\/\/lapasion.es\/fr\/wp-json\/wp\/v2\/types\/product"}],"wp:featuredmedia":[{"embeddable":true,"href":"https:\/\/lapasion.es\/fr\/wp-json\/wp\/v2\/media\/10978"}],"wp:attachment":[{"href":"https:\/\/lapasion.es\/fr\/wp-json\/wp\/v2\/media?parent=13606"}],"wp:term":[{"taxonomy":"product_brand","embeddable":true,"href":"https:\/\/lapasion.es\/fr\/wp-json\/wp\/v2\/product_brand?post=13606"},{"taxonomy":"product_cat","embeddable":true,"href":"https:\/\/lapasion.es\/fr\/wp-json\/wp\/v2\/product_cat?post=13606"},{"taxonomy":"product_tag","embeddable":true,"href":"https:\/\/lapasion.es\/fr\/wp-json\/wp\/v2\/product_tag?post=13606"}],"curies":[{"name":"wp","href":"https:\/\/api.w.org\/{rel}","templated":true}]}}