{"id":13604,"date":"2017-09-13T10:23:00","date_gmt":"2017-09-13T08:23:00","guid":{"rendered":"https:\/\/lapasion.es\/producto\/lenguas-chocochips-con-fructosa\/"},"modified":"2023-12-22T12:16:47","modified_gmt":"2023-12-22T10:16:47","slug":"lenguas-chocochips-con-fructosa","status":"publish","type":"product","link":"https:\/\/lapasion.es\/fr\/produit\/lenguas-chocochips-con-fructosa\/","title":{"rendered":"Biscuits complets croustillants aux p\u00e9pites de chocolat | Langues compl\u00e8tes | Source de Fibres | 2 Kg"},"content":{"rendered":"<p>Farine de <strong>BL\u00c9<\/strong> complet, <strong>OEUFS<\/strong>, fructose, huile de tournesol, gouttes de chocolat [sucre, p\u00e2te de cacao, beurre de cacao, dextrose, \u00e9mulsifiant (E-322, l\u00e9cithine de tournesol E-476)], sorbitol, poudres \u00e0 lever (E450, E500ii), farine de <strong>SOJA<\/strong> et ar\u00f4mes. <strong>Peut contenir des traces de lait et de fruits \u00e0 coque.<\/strong><\/p>\n","protected":false},"excerpt":{"rendered":"<p>LANGUES AUX P\u00c9PITES DE CHOCOLAT INT\u00c9GRALES | D\u00e9licieux biscuits croustillants faits avec de la farine int\u00e9grale et des p\u00e9pites de chocolat pour une touche sp\u00e9ciale. Id\u00e9aux pour les petits d\u00e9jeuners, les d\u00e9jeuners et les collations. P\u00e2tes s\u00e8ches connues sous le nom de Langues Int\u00e9grales.<\/p>\n","protected":false},"featured_media":9682,"template":"","meta":{"_acf_changed":false,"_uag_custom_page_level_css":"","_genesis_hide_title":false,"_genesis_hide_breadcrumbs":false,"_genesis_hide_singular_image":false,"_genesis_hide_footer_widgets":false,"_genesis_custom_body_class":"","_genesis_custom_post_class":"","_genesis_layout":""},"product_brand":[],"product_cat":[1668,1732,1728,1730,1664],"product_tag":[1690],"class_list":{"0":"post-13604","1":"product","2":"type-product","3":"status-publish","4":"has-post-thumbnail","6":"product_cat-patisseries-gaufrettes","7":"product_cat-patisseries-et-produits-de-boulangerie-en-vrac","8":"product_cat-boutique-en-ligne","9":"product_cat-distributeurs","10":"product_cat-confiserie-boulangerie","11":"product_tag-boulangerie-integrale","12":"entry","14":"first","15":"instock","16":"shipping-taxable","17":"purchasable","18":"product-type-simple"},"acf":[],"df_price":29.95,"df_sale_price":"","df_regular_price":29.95,"df_image_link":"https:\/\/lapasion.es\/wp-content\/uploads\/2017\/10\/5506-1-300x300.jpg","uagb_featured_image_src":{"full":["https:\/\/lapasion.es\/wp-content\/uploads\/2017\/10\/5506-1.jpg",482,482,false],"thumbnail":["https:\/\/lapasion.es\/wp-content\/uploads\/2017\/10\/5506-1-150x150.jpg",150,150,true],"medium":["https:\/\/lapasion.es\/wp-content\/uploads\/2017\/10\/5506-1-300x300.jpg",300,300,true],"medium_large":["https:\/\/lapasion.es\/wp-content\/uploads\/2017\/10\/5506-1.jpg",482,482,false],"large":["https:\/\/lapasion.es\/wp-content\/uploads\/2017\/10\/5506-1.jpg",482,482,false],"1536x1536":["https:\/\/lapasion.es\/wp-content\/uploads\/2017\/10\/5506-1.jpg",482,482,false],"2048x2048":["https:\/\/lapasion.es\/wp-content\/uploads\/2017\/10\/5506-1.jpg",482,482,false],"gur_featured_image":["https:\/\/lapasion.es\/wp-content\/uploads\/2017\/10\/5506-1.jpg",482,482,false],"gur_blog_thumbnail":["https:\/\/lapasion.es\/wp-content\/uploads\/2017\/10\/5506-1.jpg",482,482,false],"woocommerce_thumbnail":["https:\/\/lapasion.es\/wp-content\/uploads\/2017\/10\/5506-1.jpg",482,482,false],"woocommerce_single":["https:\/\/lapasion.es\/wp-content\/uploads\/2017\/10\/5506-1.jpg",482,482,false],"woocommerce_gallery_thumbnail":["https:\/\/lapasion.es\/wp-content\/uploads\/2017\/10\/5506-1-100x100.jpg",100,100,true]},"uagb_author_info":{"display_name":"incaelum","author_link":"https:\/\/lapasion.es\/fr\/author\/"},"uagb_comment_info":0,"uagb_excerpt":"LANGUES AUX P\u00c9PITES DE CHOCOLAT INT\u00c9GRALES | D\u00e9licieux biscuits croustillants faits avec de la farine int\u00e9grale et des p\u00e9pites de chocolat pour une touche sp\u00e9ciale. Id\u00e9aux pour les petits d\u00e9jeuners, les d\u00e9jeuners et les collations. P\u00e2tes s\u00e8ches connues sous le nom de Langues Int\u00e9grales.","_links":{"self":[{"href":"https:\/\/lapasion.es\/fr\/wp-json\/wp\/v2\/product\/13604","targetHints":{"allow":["GET"]}}],"collection":[{"href":"https:\/\/lapasion.es\/fr\/wp-json\/wp\/v2\/product"}],"about":[{"href":"https:\/\/lapasion.es\/fr\/wp-json\/wp\/v2\/types\/product"}],"wp:featuredmedia":[{"embeddable":true,"href":"https:\/\/lapasion.es\/fr\/wp-json\/wp\/v2\/media\/9682"}],"wp:attachment":[{"href":"https:\/\/lapasion.es\/fr\/wp-json\/wp\/v2\/media?parent=13604"}],"wp:term":[{"taxonomy":"product_brand","embeddable":true,"href":"https:\/\/lapasion.es\/fr\/wp-json\/wp\/v2\/product_brand?post=13604"},{"taxonomy":"product_cat","embeddable":true,"href":"https:\/\/lapasion.es\/fr\/wp-json\/wp\/v2\/product_cat?post=13604"},{"taxonomy":"product_tag","embeddable":true,"href":"https:\/\/lapasion.es\/fr\/wp-json\/wp\/v2\/product_tag?post=13604"}],"curies":[{"name":"wp","href":"https:\/\/api.w.org\/{rel}","templated":true}]}}