{"id":13600,"date":"2017-09-13T10:23:02","date_gmt":"2017-09-13T10:23:02","guid":{"rendered":"https:\/\/lapasion.es\/producto\/rizada-int-con-edulcorante\/"},"modified":"2024-10-07T18:58:49","modified_gmt":"2024-10-07T16:58:49","slug":"rizada-int-con-edulcorante","status":"publish","type":"product","link":"https:\/\/lapasion.es\/fr\/produit\/rizada-int-con-edulcorante\/","title":{"rendered":"Rizada complet avec \u00e9dulcorant | 2 Kg"},"content":{"rendered":"<p>Avec \u00e9dulcorant. Ingr\u00e9dients : Farine de <strong>BL\u00c9<\/strong>, farine de <strong>BL\u00c9<\/strong> complet (21%), \u00e9dulcorant : maltitol* (21%), huile de tournesol, eau, <strong>OEUF<\/strong> liquide pasteuris\u00e9, son de <strong>BL\u00c9<\/strong>. graines de lin, extrait de malt <strong>D&rsquo;ORGE<\/strong>, poudres \u00e0 lever : bicarbonate de sodium et d&rsquo;ammonium, sel et ar\u00f4mes.<\/p>\n<p>*Une consommation excessive peut produire des effets laxatifs. <strong>Peut contenir des traces de soja, de lait, de fruits \u00e0 coque et d&rsquo;arachides.<\/strong><\/p>\n","protected":false},"excerpt":{"rendered":"<p><strong>QUALIT\u00c9 SUPR\u00caME<\/strong> | Biscuits int\u00e9graux en forme fris\u00e9e, riches en fibres et \u00e9dulcor\u00e9s. Ne renoncez \u00e0 rien, profitez de cette d\u00e9licieuse p\u00e2tisserie, biscuits int\u00e9graux id\u00e9aux pour le petit d\u00e9jeuner, le d\u00e9jeuner et le go\u00fbter.<\/p>\n<p><strong>MOMENT PARFAIT<\/strong> | Id\u00e9al pour les desserts, snack et petit dejeuner.<\/p>\n<p><strong>PR\u00c9SENTATION<\/strong> | en vrac | Total 2 kg<\/p>\n<p><strong>PRODUITS EN ESPAGNE<\/strong> | Ces bonbons sont produits en Espagne.<\/p>\n<p><strong>DLU ET CONSERVATION<\/strong> | \u00a0Consommation privil\u00e9gi\u00e9e dans les 12 mois suivant sa fabrication. Conservez-le dans un endroit frais et sec et prot\u00e9gez-le du soleil.<\/p>\n","protected":false},"featured_media":9686,"template":"","meta":{"_acf_changed":false,"_uag_custom_page_level_css":"","_genesis_hide_title":false,"_genesis_hide_breadcrumbs":false,"_genesis_hide_singular_image":false,"_genesis_hide_footer_widgets":false,"_genesis_custom_body_class":"","_genesis_custom_post_class":"","_genesis_layout":""},"product_brand":[],"product_cat":[1732,1728,1730,1665,1664],"product_tag":[1690,1688],"class_list":{"0":"post-13600","1":"product","2":"type-product","3":"status-publish","4":"has-post-thumbnail","6":"product_cat-patisseries-et-produits-de-boulangerie-en-vrac","7":"product_cat-boutique-en-ligne","8":"product_cat-distributeurs","9":"product_cat-biscuits-fr","10":"product_cat-confiserie-boulangerie","11":"product_tag-boulangerie-integrale","12":"product_tag-patisseries-sans-sucre","13":"entry","15":"first","16":"instock","17":"shipping-taxable","18":"purchasable","19":"product-type-simple"},"acf":[],"df_price":25.92,"df_sale_price":"","df_regular_price":25.92,"df_image_link":"https:\/\/lapasion.es\/wp-content\/uploads\/2017\/10\/5517-1-300x300.jpg","uagb_featured_image_src":{"full":["https:\/\/lapasion.es\/wp-content\/uploads\/2017\/10\/5517-1.jpg",482,482,false],"thumbnail":["https:\/\/lapasion.es\/wp-content\/uploads\/2017\/10\/5517-1-150x150.jpg",150,150,true],"medium":["https:\/\/lapasion.es\/wp-content\/uploads\/2017\/10\/5517-1-300x300.jpg",300,300,true],"medium_large":["https:\/\/lapasion.es\/wp-content\/uploads\/2017\/10\/5517-1.jpg",482,482,false],"large":["https:\/\/lapasion.es\/wp-content\/uploads\/2017\/10\/5517-1.jpg",482,482,false],"1536x1536":["https:\/\/lapasion.es\/wp-content\/uploads\/2017\/10\/5517-1.jpg",482,482,false],"2048x2048":["https:\/\/lapasion.es\/wp-content\/uploads\/2017\/10\/5517-1.jpg",482,482,false],"gur_featured_image":["https:\/\/lapasion.es\/wp-content\/uploads\/2017\/10\/5517-1.jpg",482,482,false],"gur_blog_thumbnail":["https:\/\/lapasion.es\/wp-content\/uploads\/2017\/10\/5517-1.jpg",482,482,false],"woocommerce_thumbnail":["https:\/\/lapasion.es\/wp-content\/uploads\/2017\/10\/5517-1.jpg",482,482,false],"woocommerce_single":["https:\/\/lapasion.es\/wp-content\/uploads\/2017\/10\/5517-1.jpg",482,482,false],"woocommerce_gallery_thumbnail":["https:\/\/lapasion.es\/wp-content\/uploads\/2017\/10\/5517-1-100x100.jpg",100,100,true]},"uagb_author_info":{"display_name":"incaelum","author_link":"https:\/\/lapasion.es\/fr\/author\/"},"uagb_comment_info":0,"uagb_excerpt":"QUALIT\u00c9 SUPR\u00caME | Biscuits int\u00e9graux en forme fris\u00e9e, riches en fibres et \u00e9dulcor\u00e9s. Ne renoncez \u00e0 rien, profitez de cette d\u00e9licieuse p\u00e2tisserie, biscuits int\u00e9graux id\u00e9aux pour le petit d\u00e9jeuner, le d\u00e9jeuner et le go\u00fbter. MOMENT PARFAIT | Id\u00e9al pour les desserts, snack et petit dejeuner. PR\u00c9SENTATION | en vrac | Total 2 kg PRODUITS EN\u2026","_links":{"self":[{"href":"https:\/\/lapasion.es\/fr\/wp-json\/wp\/v2\/product\/13600","targetHints":{"allow":["GET"]}}],"collection":[{"href":"https:\/\/lapasion.es\/fr\/wp-json\/wp\/v2\/product"}],"about":[{"href":"https:\/\/lapasion.es\/fr\/wp-json\/wp\/v2\/types\/product"}],"wp:featuredmedia":[{"embeddable":true,"href":"https:\/\/lapasion.es\/fr\/wp-json\/wp\/v2\/media\/9686"}],"wp:attachment":[{"href":"https:\/\/lapasion.es\/fr\/wp-json\/wp\/v2\/media?parent=13600"}],"wp:term":[{"taxonomy":"product_brand","embeddable":true,"href":"https:\/\/lapasion.es\/fr\/wp-json\/wp\/v2\/product_brand?post=13600"},{"taxonomy":"product_cat","embeddable":true,"href":"https:\/\/lapasion.es\/fr\/wp-json\/wp\/v2\/product_cat?post=13600"},{"taxonomy":"product_tag","embeddable":true,"href":"https:\/\/lapasion.es\/fr\/wp-json\/wp\/v2\/product_tag?post=13600"}],"curies":[{"name":"wp","href":"https:\/\/api.w.org\/{rel}","templated":true}]}}