{"id":13598,"date":"2017-09-13T10:23:04","date_gmt":"2017-09-13T08:23:04","guid":{"rendered":"https:\/\/lapasion.es\/producto\/pepifruit\/"},"modified":"2025-01-08T18:23:36","modified_gmt":"2025-01-08T16:23:36","slug":"pepifruit","status":"publish","type":"product","link":"https:\/\/lapasion.es\/fr\/produit\/pepifruit\/","title":{"rendered":"G\u00e2teau \u00e9ponge aux pamplemousses et aux fruits confits | 180g x 11 paquets"},"content":{"rendered":"<p>Farine de <strong>BL\u00c9<\/strong>, sucre, <strong>OEUFS<\/strong>, eau, huiles de tournesol et de soja en proportions variables, fruits confits 8,5% [cubes de potiron, sucre, sirop de glucose et fructose, cubes d&rsquo;\u00e9corces d&rsquo;orange, correcteur d&rsquo;acidit\u00e9 (acide des agrumes), conservateurs (E-202, E -223 <strong>SULFITES<\/strong>), colorants (E-129, E-102, E-133], agents levants (E450i, E500ii), sirop (Eau, sucre, E330, E202), humectants (sorbitol, dextrose), acidifiant (E-330), <strong>LACTOS\u00c9RUM<\/strong>, conservateur (E202), gomme xanthane, ar\u00f4me citron et sel. <strong>Peut contenir des traces de soja. , s\u00e9same, noix et moutarde.<\/strong><\/p>\n","protected":false},"excerpt":{"rendered":"<p>Le g\u00e2teau PEPIFRUIT Lapasi\u00f3n est un g\u00e2teau enrichi de morceaux de fruits confits. Id\u00e9al pour les d\u00e9jeuners, les petits d\u00e9jeuners et les desserts. PR\u00c9SENTATION | Plateau de 180g x 11 paquets | Total 1,98 kg.<\/p>\n","protected":false},"featured_media":15638,"template":"","meta":{"_acf_changed":false,"_uag_custom_page_level_css":"","_genesis_hide_title":false,"_genesis_hide_breadcrumbs":false,"_genesis_hide_singular_image":false,"_genesis_hide_footer_widgets":false,"_genesis_custom_body_class":"","_genesis_custom_post_class":"","_genesis_layout":""},"product_brand":[],"product_cat":[1736,1728,1730,1665,1664],"product_tag":[],"class_list":{"0":"post-13598","1":"product","2":"type-product","3":"status-publish","4":"has-post-thumbnail","6":"product_cat-produits-de-confiserie-et-de-boulangerie-emballes","7":"product_cat-boutique-en-ligne","8":"product_cat-distributeurs","9":"product_cat-biscuits-fr","10":"product_cat-confiserie-boulangerie","11":"entry","13":"first","14":"instock","15":"shipping-taxable","16":"purchasable","17":"product-type-simple"},"acf":[],"df_price":28.8,"df_sale_price":"","df_regular_price":28.8,"df_image_link":"https:\/\/lapasion.es\/wp-content\/uploads\/2017\/09\/2111-pepifruit-300x300.jpg","uagb_featured_image_src":{"full":["https:\/\/lapasion.es\/wp-content\/uploads\/2017\/09\/2111-pepifruit.jpg",500,500,false],"thumbnail":["https:\/\/lapasion.es\/wp-content\/uploads\/2017\/09\/2111-pepifruit-150x150.jpg",150,150,true],"medium":["https:\/\/lapasion.es\/wp-content\/uploads\/2017\/09\/2111-pepifruit-300x300.jpg",300,300,true],"medium_large":["https:\/\/lapasion.es\/wp-content\/uploads\/2017\/09\/2111-pepifruit.jpg",500,500,false],"large":["https:\/\/lapasion.es\/wp-content\/uploads\/2017\/09\/2111-pepifruit.jpg",500,500,false],"1536x1536":["https:\/\/lapasion.es\/wp-content\/uploads\/2017\/09\/2111-pepifruit.jpg",500,500,false],"2048x2048":["https:\/\/lapasion.es\/wp-content\/uploads\/2017\/09\/2111-pepifruit.jpg",500,500,false],"gur_featured_image":["https:\/\/lapasion.es\/wp-content\/uploads\/2017\/09\/2111-pepifruit.jpg",500,500,false],"gur_blog_thumbnail":["https:\/\/lapasion.es\/wp-content\/uploads\/2017\/09\/2111-pepifruit-240x240.jpg",240,240,true],"woocommerce_thumbnail":["https:\/\/lapasion.es\/wp-content\/uploads\/2017\/09\/2111-pepifruit.jpg",500,500,false],"woocommerce_single":["https:\/\/lapasion.es\/wp-content\/uploads\/2017\/09\/2111-pepifruit.jpg",500,500,false],"woocommerce_gallery_thumbnail":["https:\/\/lapasion.es\/wp-content\/uploads\/2017\/09\/2111-pepifruit-100x100.jpg",100,100,true]},"uagb_author_info":{"display_name":"incaelum","author_link":"https:\/\/lapasion.es\/fr\/author\/"},"uagb_comment_info":0,"uagb_excerpt":"Le g\u00e2teau PEPIFRUIT Lapasi\u00f3n est un g\u00e2teau enrichi de morceaux de fruits confits. Id\u00e9al pour les d\u00e9jeuners, les petits d\u00e9jeuners et les desserts. PR\u00c9SENTATION | Plateau de 180g x 11 paquets | Total 1,98 kg.","_links":{"self":[{"href":"https:\/\/lapasion.es\/fr\/wp-json\/wp\/v2\/product\/13598","targetHints":{"allow":["GET"]}}],"collection":[{"href":"https:\/\/lapasion.es\/fr\/wp-json\/wp\/v2\/product"}],"about":[{"href":"https:\/\/lapasion.es\/fr\/wp-json\/wp\/v2\/types\/product"}],"wp:featuredmedia":[{"embeddable":true,"href":"https:\/\/lapasion.es\/fr\/wp-json\/wp\/v2\/media\/15638"}],"wp:attachment":[{"href":"https:\/\/lapasion.es\/fr\/wp-json\/wp\/v2\/media?parent=13598"}],"wp:term":[{"taxonomy":"product_brand","embeddable":true,"href":"https:\/\/lapasion.es\/fr\/wp-json\/wp\/v2\/product_brand?post=13598"},{"taxonomy":"product_cat","embeddable":true,"href":"https:\/\/lapasion.es\/fr\/wp-json\/wp\/v2\/product_cat?post=13598"},{"taxonomy":"product_tag","embeddable":true,"href":"https:\/\/lapasion.es\/fr\/wp-json\/wp\/v2\/product_tag?post=13598"}],"curies":[{"name":"wp","href":"https:\/\/api.w.org\/{rel}","templated":true}]}}