{"id":13582,"date":"2017-09-13T10:24:37","date_gmt":"2017-09-13T10:24:37","guid":{"rendered":"https:\/\/lapasion.es\/producto\/palmera-especial-choco\/"},"modified":"2023-10-24T15:32:33","modified_gmt":"2023-10-24T13:32:33","slug":"palmera-especial-choco","status":"publish","type":"product","link":"https:\/\/lapasion.es\/fr\/produit\/palmera-especial-choco\/","title":{"rendered":"Palmitas au chocolat | 2.4 Kg"},"content":{"rendered":"<p>Couverture sp\u00e9ciale au cacao 24% [sucre, graisse v\u00e9g\u00e9tale fractionn\u00e9e et totalement hydrog\u00e9n\u00e9e (palmiste), lactos\u00e9rum en poudre, poudre de cacao d\u00e9graiss\u00e9 13%, lait entier en poudre, \u00e9mulsifiants (l\u00e9cithine de tournesol) et ar\u00f4me], farine de bl\u00e9, sucre, margarine sans huiles ni graisses hydrog\u00e9n\u00e9es [graisses v\u00e9g\u00e9tales (palme), eau, huiles v\u00e9g\u00e9tales (tournesol), sel, \u00e9mulsifiant], eau, sirop de glucose et fructose (ma\u00efs), miel, beurre (contient du lait), lait entier en poudre et sel.<\/p>\n","protected":false},"excerpt":{"rendered":"<p>Les PALMIERS AU CHOCOLAT de Lapasi\u00f3n sont fabriqu\u00e9s avec de la p\u00e2te feuillet\u00e9e en forme de c\u0153ur recouverte de chocolat. PR\u00c9SENTATION | La bo\u00eete contient 70 unit\u00e9s | Total 2,4 kg.<\/p>\n","protected":false},"featured_media":9728,"template":"","meta":{"_acf_changed":false,"_uag_custom_page_level_css":"","_genesis_hide_title":false,"_genesis_hide_breadcrumbs":false,"_genesis_hide_singular_image":false,"_genesis_hide_footer_widgets":false,"_genesis_custom_body_class":"","_genesis_custom_post_class":"","_genesis_layout":""},"product_brand":[],"product_cat":[1728,1664,1667],"product_tag":[],"class_list":{"0":"post-13582","1":"product","2":"type-product","3":"status-publish","4":"has-post-thumbnail","6":"product_cat-boutique-en-ligne","7":"product_cat-confiserie-boulangerie","8":"product_cat-feuilles-feuilletees","9":"entry","11":"first","12":"outofstock","13":"shipping-taxable","14":"purchasable","15":"product-type-simple"},"acf":[],"df_price":31.92,"df_sale_price":"","df_regular_price":31.92,"df_image_link":"https:\/\/lapasion.es\/wp-content\/uploads\/2017\/10\/5011-300x300.jpg","uagb_featured_image_src":{"full":["https:\/\/lapasion.es\/wp-content\/uploads\/2017\/10\/5011.jpg",482,482,false],"thumbnail":["https:\/\/lapasion.es\/wp-content\/uploads\/2017\/10\/5011-150x150.jpg",150,150,true],"medium":["https:\/\/lapasion.es\/wp-content\/uploads\/2017\/10\/5011-300x300.jpg",300,300,true],"medium_large":["https:\/\/lapasion.es\/wp-content\/uploads\/2017\/10\/5011.jpg",482,482,false],"large":["https:\/\/lapasion.es\/wp-content\/uploads\/2017\/10\/5011.jpg",482,482,false],"1536x1536":["https:\/\/lapasion.es\/wp-content\/uploads\/2017\/10\/5011.jpg",482,482,false],"2048x2048":["https:\/\/lapasion.es\/wp-content\/uploads\/2017\/10\/5011.jpg",482,482,false],"gur_featured_image":["https:\/\/lapasion.es\/wp-content\/uploads\/2017\/10\/5011.jpg",482,482,false],"gur_blog_thumbnail":["https:\/\/lapasion.es\/wp-content\/uploads\/2017\/10\/5011.jpg",482,482,false],"woocommerce_thumbnail":["https:\/\/lapasion.es\/wp-content\/uploads\/2017\/10\/5011.jpg",482,482,false],"woocommerce_single":["https:\/\/lapasion.es\/wp-content\/uploads\/2017\/10\/5011.jpg",482,482,false],"woocommerce_gallery_thumbnail":["https:\/\/lapasion.es\/wp-content\/uploads\/2017\/10\/5011-100x100.jpg",100,100,true]},"uagb_author_info":{"display_name":"incaelum","author_link":"https:\/\/lapasion.es\/fr\/author\/"},"uagb_comment_info":0,"uagb_excerpt":"Les PALMIERS AU CHOCOLAT de Lapasi\u00f3n sont fabriqu\u00e9s avec de la p\u00e2te feuillet\u00e9e en forme de c\u0153ur recouverte de chocolat. PR\u00c9SENTATION | La bo\u00eete contient 70 unit\u00e9s | Total 2,4 kg.","_links":{"self":[{"href":"https:\/\/lapasion.es\/fr\/wp-json\/wp\/v2\/product\/13582","targetHints":{"allow":["GET"]}}],"collection":[{"href":"https:\/\/lapasion.es\/fr\/wp-json\/wp\/v2\/product"}],"about":[{"href":"https:\/\/lapasion.es\/fr\/wp-json\/wp\/v2\/types\/product"}],"wp:featuredmedia":[{"embeddable":true,"href":"https:\/\/lapasion.es\/fr\/wp-json\/wp\/v2\/media\/9728"}],"wp:attachment":[{"href":"https:\/\/lapasion.es\/fr\/wp-json\/wp\/v2\/media?parent=13582"}],"wp:term":[{"taxonomy":"product_brand","embeddable":true,"href":"https:\/\/lapasion.es\/fr\/wp-json\/wp\/v2\/product_brand?post=13582"},{"taxonomy":"product_cat","embeddable":true,"href":"https:\/\/lapasion.es\/fr\/wp-json\/wp\/v2\/product_cat?post=13582"},{"taxonomy":"product_tag","embeddable":true,"href":"https:\/\/lapasion.es\/fr\/wp-json\/wp\/v2\/product_tag?post=13582"}],"curies":[{"name":"wp","href":"https:\/\/api.w.org\/{rel}","templated":true}]}}