{"id":13580,"date":"2017-09-13T10:25:10","date_gmt":"2017-09-13T10:25:10","guid":{"rendered":"https:\/\/lapasion.es\/producto\/palitas-con-almendra\/"},"modified":"2024-10-08T17:15:29","modified_gmt":"2024-10-08T15:15:29","slug":"palitas-con-almendra","status":"publish","type":"product","link":"https:\/\/lapasion.es\/fr\/produit\/palitas-con-almendra\/","title":{"rendered":"Popsicles aux amandes fourr\u00e9s au cacao | 2 Kg"},"content":{"rendered":"<p>Farine de <strong>BL\u00c9<\/strong>, cr\u00e8me de cacao 26% [sucre, huile v\u00e9g\u00e9tale (tournesol), poudre de cacao d\u00e9graiss\u00e9 7,5%, amidon modifi\u00e9, \u00e9mulsifiants (l\u00e9cithine de <strong>SOJA<\/strong>), p\u00e2te de <strong>NOISETTES<\/strong>, ar\u00f4me et vanilline], <strong>AMANDES<\/strong> 18%, saindoux [graisse de porc ib\u00e9rique et antioxydant (E-320), sucre, <strong>\u0152UF<\/strong> entier pasteuris\u00e9, eau, <strong>LAIT<\/strong> entier en poudre, huile de tournesol, extrait de malt (contient de <strong>l&rsquo;ORGE<\/strong>), sel, ar\u00f4me, poudres \u00e0 lever (bicarbonate de sodium et bicarbonate d&rsquo;ammonium). <strong>Peut contenir des traces de fruits \u00e0 coque, de moutarde et de s\u00e9same.<\/strong><\/p>\n","protected":false},"excerpt":{"rendered":"<p>Les b\u00e2tonnets d\u00b4amande fourr\u00e9s au cacao de Lapasi\u00f3n sont des biscuits fourr\u00e9s \u00e0 la cr\u00e8me de chocolat et d\u00e9cor\u00e9s d\u00b4amandes. PR\u00c9SENTATION | La bo\u00eete contient 50 unit\u00e9s | Total 2 kg.<\/p>\n","protected":false},"featured_media":9744,"template":"","meta":{"_acf_changed":false,"_uag_custom_page_level_css":"","_genesis_hide_title":false,"_genesis_hide_breadcrumbs":false,"_genesis_hide_singular_image":false,"_genesis_hide_footer_widgets":false,"_genesis_custom_body_class":"","_genesis_custom_post_class":"","_genesis_layout":""},"product_brand":[],"product_cat":[1668,1728,1730,1664],"product_tag":[],"class_list":{"0":"post-13580","1":"product","2":"type-product","3":"status-publish","4":"has-post-thumbnail","6":"product_cat-patisseries-gaufrettes","7":"product_cat-boutique-en-ligne","8":"product_cat-distributeurs","9":"product_cat-confiserie-boulangerie","10":"entry","12":"first","13":"instock","14":"shipping-taxable","15":"purchasable","16":"product-type-simple"},"acf":[],"df_price":38,"df_sale_price":"","df_regular_price":38,"df_image_link":"https:\/\/lapasion.es\/wp-content\/uploads\/2017\/10\/5125-300x300.jpg","uagb_featured_image_src":{"full":["https:\/\/lapasion.es\/wp-content\/uploads\/2017\/10\/5125.jpg",482,482,false],"thumbnail":["https:\/\/lapasion.es\/wp-content\/uploads\/2017\/10\/5125-150x150.jpg",150,150,true],"medium":["https:\/\/lapasion.es\/wp-content\/uploads\/2017\/10\/5125-300x300.jpg",300,300,true],"medium_large":["https:\/\/lapasion.es\/wp-content\/uploads\/2017\/10\/5125.jpg",482,482,false],"large":["https:\/\/lapasion.es\/wp-content\/uploads\/2017\/10\/5125.jpg",482,482,false],"1536x1536":["https:\/\/lapasion.es\/wp-content\/uploads\/2017\/10\/5125.jpg",482,482,false],"2048x2048":["https:\/\/lapasion.es\/wp-content\/uploads\/2017\/10\/5125.jpg",482,482,false],"gur_featured_image":["https:\/\/lapasion.es\/wp-content\/uploads\/2017\/10\/5125.jpg",482,482,false],"gur_blog_thumbnail":["https:\/\/lapasion.es\/wp-content\/uploads\/2017\/10\/5125.jpg",482,482,false],"woocommerce_thumbnail":["https:\/\/lapasion.es\/wp-content\/uploads\/2017\/10\/5125.jpg",482,482,false],"woocommerce_single":["https:\/\/lapasion.es\/wp-content\/uploads\/2017\/10\/5125.jpg",482,482,false],"woocommerce_gallery_thumbnail":["https:\/\/lapasion.es\/wp-content\/uploads\/2017\/10\/5125-100x100.jpg",100,100,true]},"uagb_author_info":{"display_name":"incaelum","author_link":"https:\/\/lapasion.es\/fr\/author\/"},"uagb_comment_info":0,"uagb_excerpt":"Les b\u00e2tonnets d\u00b4amande fourr\u00e9s au cacao de Lapasi\u00f3n sont des biscuits fourr\u00e9s \u00e0 la cr\u00e8me de chocolat et d\u00e9cor\u00e9s d\u00b4amandes. PR\u00c9SENTATION | La bo\u00eete contient 50 unit\u00e9s | Total 2 kg.","_links":{"self":[{"href":"https:\/\/lapasion.es\/fr\/wp-json\/wp\/v2\/product\/13580","targetHints":{"allow":["GET"]}}],"collection":[{"href":"https:\/\/lapasion.es\/fr\/wp-json\/wp\/v2\/product"}],"about":[{"href":"https:\/\/lapasion.es\/fr\/wp-json\/wp\/v2\/types\/product"}],"wp:featuredmedia":[{"embeddable":true,"href":"https:\/\/lapasion.es\/fr\/wp-json\/wp\/v2\/media\/9744"}],"wp:attachment":[{"href":"https:\/\/lapasion.es\/fr\/wp-json\/wp\/v2\/media?parent=13580"}],"wp:term":[{"taxonomy":"product_brand","embeddable":true,"href":"https:\/\/lapasion.es\/fr\/wp-json\/wp\/v2\/product_brand?post=13580"},{"taxonomy":"product_cat","embeddable":true,"href":"https:\/\/lapasion.es\/fr\/wp-json\/wp\/v2\/product_cat?post=13580"},{"taxonomy":"product_tag","embeddable":true,"href":"https:\/\/lapasion.es\/fr\/wp-json\/wp\/v2\/product_tag?post=13580"}],"curies":[{"name":"wp","href":"https:\/\/api.w.org\/{rel}","templated":true}]}}