{"id":13576,"date":"2017-09-13T10:25:12","date_gmt":"2017-09-13T10:25:12","guid":{"rendered":"https:\/\/lapasion.es\/producto\/galletas-cookies-con-chocolate-y-avellanas\/"},"modified":"2025-04-03T09:20:36","modified_gmt":"2025-04-03T07:20:36","slug":"cookie-con-avellanas","status":"publish","type":"product","link":"https:\/\/lapasion.es\/fr\/produit\/cookie-con-avellanas\/","title":{"rendered":"Cookies au Chocolat et Noisettes | 2.2 Kg"},"content":{"rendered":"<p><u>Cr\u00e8me de<\/u><u> cac<\/u><u>ao<\/u><u> 29% [sucre, huile v\u00e9g\u00e9tale (tournesol), poudre de cacao d\u00e9graiss\u00e9 7,5%, amidon modifi\u00e9, \u00e9mulsifiants (l\u00e9cithine de SOJA), p\u00e2te de NOISETTES, ar\u00f4me et vanilline], farine de BL\u00c9, sucre glace, huile de tournesol, OEUF entier pasteuris\u00e9, NOISETTES 9%, p\u00e9pites de chocolat 4% [sucre, p\u00e2te de cacao, dextrose, beurre de cacao, \u00e9mulsifiant (SOJA). l\u00e9cithine), ar\u00f4me naturel de vanille], zeste d&rsquo;orange [\u00e9corce d&rsquo;orange, sucre, sirop de saccharose et glucose], 1% de cacao en poudre, beurre (contient du LAIT), ar\u00f4mes et poudre \u00e0 lever (Bicarbonate de sodium). Peut contenir des traces de s\u00e9same, de fruits \u00e0 coque et de moutarde.<\/u><\/p>\n","protected":false},"excerpt":{"rendered":"<p>Les COOKIES de Lapasi\u00f3n sont des biscuits au chocolat, recouverts de p\u00e9pites de chocolat et de morceaux de noisette, qui vous apporteront une source d\u00b4\u00e9nergie et de vitamine E incomparable. PR\u00c9SENTATION | La bo\u00eete contient 105 unit\u00e9s | Total 2,2 kg.<\/p>\n","protected":false},"featured_media":9750,"template":"","meta":{"_acf_changed":false,"_uag_custom_page_level_css":"","_genesis_hide_title":false,"_genesis_hide_breadcrumbs":false,"_genesis_hide_singular_image":false,"_genesis_hide_footer_widgets":false,"_genesis_custom_body_class":"","_genesis_custom_post_class":"","_genesis_layout":""},"product_brand":[],"product_cat":[1668,1728,1730,1664],"product_tag":[],"class_list":{"0":"post-13576","1":"product","2":"type-product","3":"status-publish","4":"has-post-thumbnail","6":"product_cat-patisseries-gaufrettes","7":"product_cat-boutique-en-ligne","8":"product_cat-distributeurs","9":"product_cat-confiserie-boulangerie","10":"entry","12":"first","13":"instock","14":"shipping-taxable","15":"purchasable","16":"product-type-simple"},"acf":[],"df_price":41.28,"df_sale_price":"","df_regular_price":41.28,"df_image_link":"https:\/\/lapasion.es\/wp-content\/uploads\/2017\/10\/5127-300x300.jpg","uagb_featured_image_src":{"full":["https:\/\/lapasion.es\/wp-content\/uploads\/2017\/10\/5127.jpg",482,482,false],"thumbnail":["https:\/\/lapasion.es\/wp-content\/uploads\/2017\/10\/5127-150x150.jpg",150,150,true],"medium":["https:\/\/lapasion.es\/wp-content\/uploads\/2017\/10\/5127-300x300.jpg",300,300,true],"medium_large":["https:\/\/lapasion.es\/wp-content\/uploads\/2017\/10\/5127.jpg",482,482,false],"large":["https:\/\/lapasion.es\/wp-content\/uploads\/2017\/10\/5127.jpg",482,482,false],"1536x1536":["https:\/\/lapasion.es\/wp-content\/uploads\/2017\/10\/5127.jpg",482,482,false],"2048x2048":["https:\/\/lapasion.es\/wp-content\/uploads\/2017\/10\/5127.jpg",482,482,false],"gur_featured_image":["https:\/\/lapasion.es\/wp-content\/uploads\/2017\/10\/5127.jpg",482,482,false],"gur_blog_thumbnail":["https:\/\/lapasion.es\/wp-content\/uploads\/2017\/10\/5127.jpg",482,482,false],"woocommerce_thumbnail":["https:\/\/lapasion.es\/wp-content\/uploads\/2017\/10\/5127.jpg",482,482,false],"woocommerce_single":["https:\/\/lapasion.es\/wp-content\/uploads\/2017\/10\/5127.jpg",482,482,false],"woocommerce_gallery_thumbnail":["https:\/\/lapasion.es\/wp-content\/uploads\/2017\/10\/5127-100x100.jpg",100,100,true]},"uagb_author_info":{"display_name":"incaelum","author_link":"https:\/\/lapasion.es\/fr\/author\/"},"uagb_comment_info":0,"uagb_excerpt":"Les COOKIES de Lapasi\u00f3n sont des biscuits au chocolat, recouverts de p\u00e9pites de chocolat et de morceaux de noisette, qui vous apporteront une source d\u00b4\u00e9nergie et de vitamine E incomparable. PR\u00c9SENTATION | La bo\u00eete contient 105 unit\u00e9s | Total 2,2 kg.","_links":{"self":[{"href":"https:\/\/lapasion.es\/fr\/wp-json\/wp\/v2\/product\/13576","targetHints":{"allow":["GET"]}}],"collection":[{"href":"https:\/\/lapasion.es\/fr\/wp-json\/wp\/v2\/product"}],"about":[{"href":"https:\/\/lapasion.es\/fr\/wp-json\/wp\/v2\/types\/product"}],"wp:featuredmedia":[{"embeddable":true,"href":"https:\/\/lapasion.es\/fr\/wp-json\/wp\/v2\/media\/9750"}],"wp:attachment":[{"href":"https:\/\/lapasion.es\/fr\/wp-json\/wp\/v2\/media?parent=13576"}],"wp:term":[{"taxonomy":"product_brand","embeddable":true,"href":"https:\/\/lapasion.es\/fr\/wp-json\/wp\/v2\/product_brand?post=13576"},{"taxonomy":"product_cat","embeddable":true,"href":"https:\/\/lapasion.es\/fr\/wp-json\/wp\/v2\/product_cat?post=13576"},{"taxonomy":"product_tag","embeddable":true,"href":"https:\/\/lapasion.es\/fr\/wp-json\/wp\/v2\/product_tag?post=13576"}],"curies":[{"name":"wp","href":"https:\/\/api.w.org\/{rel}","templated":true}]}}