{"id":13566,"date":"2017-09-13T10:25:44","date_gmt":"2017-09-13T10:25:44","guid":{"rendered":"https:\/\/lapasion.es\/producto\/pasioncico-yema\/"},"modified":"2023-10-24T15:24:09","modified_gmt":"2023-10-24T13:24:09","slug":"pasioncico-yema","status":"publish","type":"product","link":"https:\/\/lapasion.es\/fr\/produit\/pasioncico-yema\/","title":{"rendered":"Portions de Nougat au jaune d\u00b4\u0153uf grill\u00e9 |Qualit\u00e9 supr\u00eame |Sans sucres ajout\u00e9s"},"content":{"rendered":"<p>Amande (35%), sucre, sirop de glucose et fructose, jaune d\u00b4\u0153uf (10%) et conservateurs invertase (E-1103), E-200, E-202 et essence.<\/p>\n","protected":false},"excerpt":{"rendered":"<p>NOUGAT \u00c0 LA CR\u00c8ME BR\u00dbL\u00c9E SUPR\u00caME | Le produit est obtenu en cuisant un m\u00e9lange de sucre et de sirop de glucose, puis en ajoutant de la poudre d\u00b4amande et du jaune d\u00b4\u0153uf. Enfin, les surfaces de la tablette sont grill\u00e9es. Go\u00fbt sucr\u00e9 typique, odeur et texture typiques du nougat \u00e0 la cr\u00e8me br\u00fbl\u00e9e. Portions de nougat emball\u00e9es individuellement pour assurer leur conservation pendant beaucoup plus longtemps.<\/p>\n","protected":false},"featured_media":22043,"template":"","meta":{"_acf_changed":false,"_uag_custom_page_level_css":"","_genesis_hide_title":false,"_genesis_hide_breadcrumbs":false,"_genesis_hide_singular_image":false,"_genesis_hide_footer_widgets":false,"_genesis_custom_body_class":"","_genesis_custom_post_class":"","_genesis_layout":""},"product_brand":[],"product_cat":[1728,1671,1745,1730,1677],"product_tag":[],"class_list":{"0":"post-13566","1":"product","2":"type-product","3":"status-publish","4":"has-post-thumbnail","6":"product_cat-boutique-en-ligne","7":"product_cat-chocolat-gourmet","8":"product_cat-confiseries-de-noel-emballees-fr","9":"product_cat-distributeurs","10":"product_cat-nougat-fr","11":"entry","13":"first","14":"outofstock","15":"shipping-taxable","16":"purchasable","17":"product-type-variable"},"acf":[],"df_price":32.9,"df_sale_price":"","df_regular_price":32.9,"df_image_link":"https:\/\/lapasion.es\/wp-content\/uploads\/2017\/09\/Diseno-sin-titulo197-300x300.jpg","uagb_featured_image_src":{"full":["https:\/\/lapasion.es\/wp-content\/uploads\/2017\/09\/Diseno-sin-titulo197.jpg",500,500,false],"thumbnail":["https:\/\/lapasion.es\/wp-content\/uploads\/2017\/09\/Diseno-sin-titulo197-150x150.jpg",150,150,true],"medium":["https:\/\/lapasion.es\/wp-content\/uploads\/2017\/09\/Diseno-sin-titulo197-300x300.jpg",300,300,true],"medium_large":["https:\/\/lapasion.es\/wp-content\/uploads\/2017\/09\/Diseno-sin-titulo197.jpg",500,500,false],"large":["https:\/\/lapasion.es\/wp-content\/uploads\/2017\/09\/Diseno-sin-titulo197.jpg",500,500,false],"1536x1536":["https:\/\/lapasion.es\/wp-content\/uploads\/2017\/09\/Diseno-sin-titulo197.jpg",500,500,false],"2048x2048":["https:\/\/lapasion.es\/wp-content\/uploads\/2017\/09\/Diseno-sin-titulo197.jpg",500,500,false],"gur_featured_image":["https:\/\/lapasion.es\/wp-content\/uploads\/2017\/09\/Diseno-sin-titulo197.jpg",500,500,false],"gur_blog_thumbnail":["https:\/\/lapasion.es\/wp-content\/uploads\/2017\/09\/Diseno-sin-titulo197.jpg",500,500,false],"woocommerce_thumbnail":["https:\/\/lapasion.es\/wp-content\/uploads\/2017\/09\/Diseno-sin-titulo197.jpg",500,500,false],"woocommerce_single":["https:\/\/lapasion.es\/wp-content\/uploads\/2017\/09\/Diseno-sin-titulo197.jpg",500,500,false],"woocommerce_gallery_thumbnail":["https:\/\/lapasion.es\/wp-content\/uploads\/2017\/09\/Diseno-sin-titulo197-100x100.jpg",100,100,true]},"uagb_author_info":{"display_name":"incaelum","author_link":"https:\/\/lapasion.es\/fr\/author\/"},"uagb_comment_info":0,"uagb_excerpt":"NOUGAT \u00c0 LA CR\u00c8ME BR\u00dbL\u00c9E SUPR\u00caME | Le produit est obtenu en cuisant un m\u00e9lange de sucre et de sirop de glucose, puis en ajoutant de la poudre d\u00b4amande et du jaune d\u00b4\u0153uf. Enfin, les surfaces de la tablette sont grill\u00e9es. Go\u00fbt sucr\u00e9 typique, odeur et texture typiques du nougat \u00e0 la cr\u00e8me br\u00fbl\u00e9e. Portions\u2026","_links":{"self":[{"href":"https:\/\/lapasion.es\/fr\/wp-json\/wp\/v2\/product\/13566","targetHints":{"allow":["GET"]}}],"collection":[{"href":"https:\/\/lapasion.es\/fr\/wp-json\/wp\/v2\/product"}],"about":[{"href":"https:\/\/lapasion.es\/fr\/wp-json\/wp\/v2\/types\/product"}],"wp:featuredmedia":[{"embeddable":true,"href":"https:\/\/lapasion.es\/fr\/wp-json\/wp\/v2\/media\/22043"}],"wp:attachment":[{"href":"https:\/\/lapasion.es\/fr\/wp-json\/wp\/v2\/media?parent=13566"}],"wp:term":[{"taxonomy":"product_brand","embeddable":true,"href":"https:\/\/lapasion.es\/fr\/wp-json\/wp\/v2\/product_brand?post=13566"},{"taxonomy":"product_cat","embeddable":true,"href":"https:\/\/lapasion.es\/fr\/wp-json\/wp\/v2\/product_cat?post=13566"},{"taxonomy":"product_tag","embeddable":true,"href":"https:\/\/lapasion.es\/fr\/wp-json\/wp\/v2\/product_tag?post=13566"}],"curies":[{"name":"wp","href":"https:\/\/api.w.org\/{rel}","templated":true}]}}