{"id":13558,"date":"2017-09-13T10:26:47","date_gmt":"2017-09-13T08:26:47","guid":{"rendered":"https:\/\/lapasion.es\/producto\/almendra-rellena-almendra\/"},"modified":"2023-10-24T15:23:53","modified_gmt":"2023-10-24T13:23:53","slug":"almendra-rellena-almendra","status":"publish","type":"product","link":"https:\/\/lapasion.es\/fr\/produit\/almendra-rellena-almendra\/","title":{"rendered":"Amandes farcies au nougat | Qualit\u00e9 Supr\u00eame"},"content":{"rendered":"<p>Sucre, amandes (45%). Gaufrettes (10%): farine de bl\u00e9, \u00e9mulsifiant: l\u00e9cithine de soja, agent levant: bicarbonate de sodium et colorant: dioxyde de titane.<\/p>\n","protected":false},"excerpt":{"rendered":"<p>AMANDES FOURR\u00c9ES AU NOUGAT | Le produit est obtenu en m\u00e9langeant et homog\u00e9n\u00e9isant du sucre et des amandes. Ensuite, la coque est d\u00e9coup\u00e9e avec la p\u00e2te \u00e0 l\u00b4int\u00e9rieur, obtenant ainsi la forme d\u00b4amandes. Go\u00fbt sucr\u00e9 typique, odeur et texture typiques des amandes fourr\u00e9es.<\/p>\n","protected":false},"featured_media":22088,"template":"","meta":{"_acf_changed":false,"_uag_custom_page_level_css":"","_genesis_hide_title":false,"_genesis_hide_breadcrumbs":false,"_genesis_hide_singular_image":false,"_genesis_hide_footer_widgets":false,"_genesis_custom_body_class":"","_genesis_custom_post_class":"","_genesis_layout":""},"product_brand":[],"product_cat":[1728,1671,1745,1730,1677],"product_tag":[],"class_list":{"0":"post-13558","1":"product","2":"type-product","3":"status-publish","4":"has-post-thumbnail","6":"product_cat-boutique-en-ligne","7":"product_cat-chocolat-gourmet","8":"product_cat-confiseries-de-noel-emballees-fr","9":"product_cat-distributeurs","10":"product_cat-nougat-fr","11":"entry","13":"first","14":"instock","15":"shipping-taxable","16":"purchasable","17":"product-type-variable"},"acf":[],"df_price":31.48,"df_sale_price":"","df_regular_price":31.48,"df_image_link":"https:\/\/lapasion.es\/wp-content\/uploads\/2017\/09\/Caja-almendras-rellenas-de-turron-calidad-suprema-300x300.jpg","uagb_featured_image_src":{"full":["https:\/\/lapasion.es\/wp-content\/uploads\/2017\/09\/Caja-almendras-rellenas-de-turron-calidad-suprema.jpg",500,500,false],"thumbnail":["https:\/\/lapasion.es\/wp-content\/uploads\/2017\/09\/Caja-almendras-rellenas-de-turron-calidad-suprema-150x150.jpg",150,150,true],"medium":["https:\/\/lapasion.es\/wp-content\/uploads\/2017\/09\/Caja-almendras-rellenas-de-turron-calidad-suprema-300x300.jpg",300,300,true],"medium_large":["https:\/\/lapasion.es\/wp-content\/uploads\/2017\/09\/Caja-almendras-rellenas-de-turron-calidad-suprema.jpg",500,500,false],"large":["https:\/\/lapasion.es\/wp-content\/uploads\/2017\/09\/Caja-almendras-rellenas-de-turron-calidad-suprema.jpg",500,500,false],"1536x1536":["https:\/\/lapasion.es\/wp-content\/uploads\/2017\/09\/Caja-almendras-rellenas-de-turron-calidad-suprema.jpg",500,500,false],"2048x2048":["https:\/\/lapasion.es\/wp-content\/uploads\/2017\/09\/Caja-almendras-rellenas-de-turron-calidad-suprema.jpg",500,500,false],"gur_featured_image":["https:\/\/lapasion.es\/wp-content\/uploads\/2017\/09\/Caja-almendras-rellenas-de-turron-calidad-suprema.jpg",500,500,false],"gur_blog_thumbnail":["https:\/\/lapasion.es\/wp-content\/uploads\/2017\/09\/Caja-almendras-rellenas-de-turron-calidad-suprema.jpg",500,500,false],"woocommerce_thumbnail":["https:\/\/lapasion.es\/wp-content\/uploads\/2017\/09\/Caja-almendras-rellenas-de-turron-calidad-suprema.jpg",500,500,false],"woocommerce_single":["https:\/\/lapasion.es\/wp-content\/uploads\/2017\/09\/Caja-almendras-rellenas-de-turron-calidad-suprema.jpg",500,500,false],"woocommerce_gallery_thumbnail":["https:\/\/lapasion.es\/wp-content\/uploads\/2017\/09\/Caja-almendras-rellenas-de-turron-calidad-suprema-100x100.jpg",100,100,true]},"uagb_author_info":{"display_name":"incaelum","author_link":"https:\/\/lapasion.es\/fr\/author\/"},"uagb_comment_info":0,"uagb_excerpt":"AMANDES FOURR\u00c9ES AU NOUGAT | Le produit est obtenu en m\u00e9langeant et homog\u00e9n\u00e9isant du sucre et des amandes. Ensuite, la coque est d\u00e9coup\u00e9e avec la p\u00e2te \u00e0 l\u00b4int\u00e9rieur, obtenant ainsi la forme d\u00b4amandes. Go\u00fbt sucr\u00e9 typique, odeur et texture typiques des amandes fourr\u00e9es.","_links":{"self":[{"href":"https:\/\/lapasion.es\/fr\/wp-json\/wp\/v2\/product\/13558","targetHints":{"allow":["GET"]}}],"collection":[{"href":"https:\/\/lapasion.es\/fr\/wp-json\/wp\/v2\/product"}],"about":[{"href":"https:\/\/lapasion.es\/fr\/wp-json\/wp\/v2\/types\/product"}],"wp:featuredmedia":[{"embeddable":true,"href":"https:\/\/lapasion.es\/fr\/wp-json\/wp\/v2\/media\/22088"}],"wp:attachment":[{"href":"https:\/\/lapasion.es\/fr\/wp-json\/wp\/v2\/media?parent=13558"}],"wp:term":[{"taxonomy":"product_brand","embeddable":true,"href":"https:\/\/lapasion.es\/fr\/wp-json\/wp\/v2\/product_brand?post=13558"},{"taxonomy":"product_cat","embeddable":true,"href":"https:\/\/lapasion.es\/fr\/wp-json\/wp\/v2\/product_cat?post=13558"},{"taxonomy":"product_tag","embeddable":true,"href":"https:\/\/lapasion.es\/fr\/wp-json\/wp\/v2\/product_tag?post=13558"}],"curies":[{"name":"wp","href":"https:\/\/api.w.org\/{rel}","templated":true}]}}