{"id":13552,"date":"2017-09-13T10:26:50","date_gmt":"2017-09-13T08:26:50","guid":{"rendered":"https:\/\/lapasion.es\/producto\/pasioncico-choco-almendra-con-edulcorante\/"},"modified":"2023-10-24T15:21:49","modified_gmt":"2023-10-24T13:21:49","slug":"pasioncico-choco-almendra-con-edulcorante","status":"publish","type":"product","link":"https:\/\/lapasion.es\/fr\/produit\/pasioncico-choco-almendra-con-edulcorante\/","title":{"rendered":"Portions de nougat au chocolat et aux amandes : qualit\u00e9 supr\u00eame : sans sucre ajout\u00e9"},"content":{"rendered":"<p>Amande: 40%, \u00e9dulcorant: maltitol*, lait en poudre: 12%, beurre de cacao, p\u00e2te de cacao, \u00e9mulsifiant: l\u00e9cithine de soja, ar\u00f4me, \u00e9dulcorant: ac\u00e9sulfame potassium. Cacao: minimum 20%. Contient des sucres naturellement pr\u00e9sents.<\/p>\n","protected":false},"excerpt":{"rendered":"<p>NOUGAT AU CHOCOLAT AU LAIT ET AMANDES SUPR\u00caME SANS SUCRES AJOUT\u00c9S | Fabriqu\u00e9 avec une couverture de chocolat, l\u00b4ajout d\u00b4amandes enti\u00e8res et moulues grill\u00e9es, temp\u00e9r\u00e9 et moul\u00e9. Saveur\/couleur\/odeur typique de chocolat au lait et d\u00b4amande. Portions de nougat emball\u00e9es individuellement pour assurer leur conservation pendant beaucoup plus longtemps.<\/p>\n","protected":false},"featured_media":22067,"template":"","meta":{"_acf_changed":false,"_uag_custom_page_level_css":"","_genesis_hide_title":false,"_genesis_hide_breadcrumbs":false,"_genesis_hide_singular_image":false,"_genesis_hide_footer_widgets":false,"_genesis_custom_body_class":"","_genesis_custom_post_class":"","_genesis_layout":""},"product_brand":[],"product_cat":[1728,1671,1745,1730,1677],"product_tag":[],"class_list":{"0":"post-13552","1":"product","2":"type-product","3":"status-publish","4":"has-post-thumbnail","6":"product_cat-boutique-en-ligne","7":"product_cat-chocolat-gourmet","8":"product_cat-confiseries-de-noel-emballees-fr","9":"product_cat-distributeurs","10":"product_cat-nougat-fr","11":"entry","13":"first","14":"instock","15":"shipping-taxable","16":"purchasable","17":"product-type-variable"},"acf":[],"df_price":42.9,"df_sale_price":"","df_regular_price":42.9,"df_image_link":"https:\/\/lapasion.es\/wp-content\/uploads\/2017\/09\/Caja-pasioncico-turron-chocolate-con-almendra-sin-azucares-anadidos-300x300.jpg","uagb_featured_image_src":{"full":["https:\/\/lapasion.es\/wp-content\/uploads\/2017\/09\/Caja-pasioncico-turron-chocolate-con-almendra-sin-azucares-anadidos.jpg",500,500,false],"thumbnail":["https:\/\/lapasion.es\/wp-content\/uploads\/2017\/09\/Caja-pasioncico-turron-chocolate-con-almendra-sin-azucares-anadidos-150x150.jpg",150,150,true],"medium":["https:\/\/lapasion.es\/wp-content\/uploads\/2017\/09\/Caja-pasioncico-turron-chocolate-con-almendra-sin-azucares-anadidos-300x300.jpg",300,300,true],"medium_large":["https:\/\/lapasion.es\/wp-content\/uploads\/2017\/09\/Caja-pasioncico-turron-chocolate-con-almendra-sin-azucares-anadidos.jpg",500,500,false],"large":["https:\/\/lapasion.es\/wp-content\/uploads\/2017\/09\/Caja-pasioncico-turron-chocolate-con-almendra-sin-azucares-anadidos.jpg",500,500,false],"1536x1536":["https:\/\/lapasion.es\/wp-content\/uploads\/2017\/09\/Caja-pasioncico-turron-chocolate-con-almendra-sin-azucares-anadidos.jpg",500,500,false],"2048x2048":["https:\/\/lapasion.es\/wp-content\/uploads\/2017\/09\/Caja-pasioncico-turron-chocolate-con-almendra-sin-azucares-anadidos.jpg",500,500,false],"gur_featured_image":["https:\/\/lapasion.es\/wp-content\/uploads\/2017\/09\/Caja-pasioncico-turron-chocolate-con-almendra-sin-azucares-anadidos.jpg",500,500,false],"gur_blog_thumbnail":["https:\/\/lapasion.es\/wp-content\/uploads\/2017\/09\/Caja-pasioncico-turron-chocolate-con-almendra-sin-azucares-anadidos.jpg",500,500,false],"woocommerce_thumbnail":["https:\/\/lapasion.es\/wp-content\/uploads\/2017\/09\/Caja-pasioncico-turron-chocolate-con-almendra-sin-azucares-anadidos.jpg",500,500,false],"woocommerce_single":["https:\/\/lapasion.es\/wp-content\/uploads\/2017\/09\/Caja-pasioncico-turron-chocolate-con-almendra-sin-azucares-anadidos.jpg",500,500,false],"woocommerce_gallery_thumbnail":["https:\/\/lapasion.es\/wp-content\/uploads\/2017\/09\/Caja-pasioncico-turron-chocolate-con-almendra-sin-azucares-anadidos-100x100.jpg",100,100,true]},"uagb_author_info":{"display_name":"incaelum","author_link":"https:\/\/lapasion.es\/fr\/author\/"},"uagb_comment_info":0,"uagb_excerpt":"NOUGAT AU CHOCOLAT AU LAIT ET AMANDES SUPR\u00caME SANS SUCRES AJOUT\u00c9S | Fabriqu\u00e9 avec une couverture de chocolat, l\u00b4ajout d\u00b4amandes enti\u00e8res et moulues grill\u00e9es, temp\u00e9r\u00e9 et moul\u00e9. Saveur\/couleur\/odeur typique de chocolat au lait et d\u00b4amande. Portions de nougat emball\u00e9es individuellement pour assurer leur conservation pendant beaucoup plus longtemps.","_links":{"self":[{"href":"https:\/\/lapasion.es\/fr\/wp-json\/wp\/v2\/product\/13552","targetHints":{"allow":["GET"]}}],"collection":[{"href":"https:\/\/lapasion.es\/fr\/wp-json\/wp\/v2\/product"}],"about":[{"href":"https:\/\/lapasion.es\/fr\/wp-json\/wp\/v2\/types\/product"}],"wp:featuredmedia":[{"embeddable":true,"href":"https:\/\/lapasion.es\/fr\/wp-json\/wp\/v2\/media\/22067"}],"wp:attachment":[{"href":"https:\/\/lapasion.es\/fr\/wp-json\/wp\/v2\/media?parent=13552"}],"wp:term":[{"taxonomy":"product_brand","embeddable":true,"href":"https:\/\/lapasion.es\/fr\/wp-json\/wp\/v2\/product_brand?post=13552"},{"taxonomy":"product_cat","embeddable":true,"href":"https:\/\/lapasion.es\/fr\/wp-json\/wp\/v2\/product_cat?post=13552"},{"taxonomy":"product_tag","embeddable":true,"href":"https:\/\/lapasion.es\/fr\/wp-json\/wp\/v2\/product_tag?post=13552"}],"curies":[{"name":"wp","href":"https:\/\/api.w.org\/{rel}","templated":true}]}}