{"id":13536,"date":"2017-09-13T10:28:26","date_gmt":"2017-09-13T08:28:26","guid":{"rendered":"https:\/\/lapasion.es\/producto\/pasta-almenda-choco-con-edulcorante\/"},"modified":"2023-10-24T15:21:16","modified_gmt":"2023-10-24T13:21:16","slug":"pasta-almenda-choco-con-edulcorante","status":"publish","type":"product","link":"https:\/\/lapasion.es\/fr\/produit\/pasta-almenda-choco-con-edulcorante\/","title":{"rendered":"P\u00e2tes aux amandes envelopp\u00e9es de choco | sans sucre | avec \u00e9dulcorant | 2,75 Kg"},"content":{"rendered":"<p>Farine de BL\u00c9, saindoux de porc, couverture sp\u00e9ciale \u00e0 base de graisse v\u00e9g\u00e9tale et de maltitol [Maltitol, graisse v\u00e9g\u00e9tale totalement hydrog\u00e9n\u00e9e (palmiste), poudre de cacao d\u00e9graiss\u00e9e (21%), \u00e9mulsifiant (l\u00e9cithine de SOJA et E476), huile v\u00e9g\u00e9tale (tournesol), conservateur (E200) et vanilline], son de BL\u00c9 (1%), AMANDES (8%), \u00e9dulcorants (maltitol*), \u0152UF pasteuris\u00e9, fibre de pois, agents levants (diphosphate disodique et bicarbonate de sodium), prot\u00e9ine de LAIT, dextrose et huile v\u00e9g\u00e9tale (colza).<\/p>\n","protected":false},"excerpt":{"rendered":"<p>Biscuits grill\u00e9s avec une base de chocolat et le dessus avec des amandes et un gla\u00e7age ray\u00e9 de chocolat. Saveur grill\u00e9e, fruits secs et chocolat. Sans sucre. QUALIT\u00c9 SUPR\u00caME | D\u00e9licieuse p\u00e2tisserie au chocolat et aux amandes. Ils sont emball\u00e9s individuellement pour assurer leur conservation pendant beaucoup plus longtemps. Ils sont servis dans des bo\u00eetes de 2,75 kg.<\/p>\n","protected":false},"featured_media":12166,"template":"","meta":{"_acf_changed":false,"_uag_custom_page_level_css":"","_genesis_hide_title":false,"_genesis_hide_breadcrumbs":false,"_genesis_hide_singular_image":false,"_genesis_hide_footer_widgets":false,"_genesis_custom_body_class":"","_genesis_custom_post_class":"","_genesis_layout":""},"product_brand":[],"product_cat":[1668,1734,1728,1730,1664],"product_tag":[],"class_list":{"0":"post-13536","1":"product","2":"type-product","3":"status-publish","4":"has-post-thumbnail","6":"product_cat-patisseries-gaufrettes","7":"product_cat-produits-de-confiserie-et-de-boulangerie-en-vrac-emballes","8":"product_cat-boutique-en-ligne","9":"product_cat-distributeurs","10":"product_cat-confiserie-boulangerie","11":"entry","13":"first","14":"outofstock","15":"shipping-taxable","16":"purchasable","17":"product-type-simple"},"acf":[],"df_price":33.92,"df_sale_price":"","df_regular_price":33.92,"df_image_link":"https:\/\/lapasion.es\/wp-content\/uploads\/2017\/09\/004738-pasta-almendra-choco-270x300.jpg","uagb_featured_image_src":{"full":["https:\/\/lapasion.es\/wp-content\/uploads\/2017\/09\/004738-pasta-almendra-choco.jpg",2157,2400,false],"thumbnail":["https:\/\/lapasion.es\/wp-content\/uploads\/2017\/09\/004738-pasta-almendra-choco-150x150.jpg",150,150,true],"medium":["https:\/\/lapasion.es\/wp-content\/uploads\/2017\/09\/004738-pasta-almendra-choco-270x300.jpg",270,300,true],"medium_large":["https:\/\/lapasion.es\/wp-content\/uploads\/2017\/09\/004738-pasta-almendra-choco-768x855.jpg",768,855,true],"large":["https:\/\/lapasion.es\/wp-content\/uploads\/2017\/09\/004738-pasta-almendra-choco-920x1024.jpg",920,1024,true],"1536x1536":["https:\/\/lapasion.es\/wp-content\/uploads\/2017\/09\/004738-pasta-almendra-choco-1380x1536.jpg",1380,1536,true],"2048x2048":["https:\/\/lapasion.es\/wp-content\/uploads\/2017\/09\/004738-pasta-almendra-choco-1841x2048.jpg",1841,2048,true],"gur_featured_image":["https:\/\/lapasion.es\/wp-content\/uploads\/2017\/09\/004738-pasta-almendra-choco.jpg",566,630,false],"gur_blog_thumbnail":["https:\/\/lapasion.es\/wp-content\/uploads\/2017\/09\/004738-pasta-almendra-choco.jpg",449,500,false],"woocommerce_thumbnail":["https:\/\/lapasion.es\/wp-content\/uploads\/2017\/09\/004738-pasta-almendra-choco-500x500.jpg",500,500,true],"woocommerce_single":["https:\/\/lapasion.es\/wp-content\/uploads\/2017\/09\/004738-pasta-almendra-choco-655x729.jpg",655,729,true],"woocommerce_gallery_thumbnail":["https:\/\/lapasion.es\/wp-content\/uploads\/2017\/09\/004738-pasta-almendra-choco-100x100.jpg",100,100,true]},"uagb_author_info":{"display_name":"incaelum","author_link":"https:\/\/lapasion.es\/fr\/author\/"},"uagb_comment_info":0,"uagb_excerpt":"Biscuits grill\u00e9s avec une base de chocolat et le dessus avec des amandes et un gla\u00e7age ray\u00e9 de chocolat. Saveur grill\u00e9e, fruits secs et chocolat. Sans sucre. QUALIT\u00c9 SUPR\u00caME | D\u00e9licieuse p\u00e2tisserie au chocolat et aux amandes. Ils sont emball\u00e9s individuellement pour assurer leur conservation pendant beaucoup plus longtemps. Ils sont servis dans des bo\u00eetes\u2026","_links":{"self":[{"href":"https:\/\/lapasion.es\/fr\/wp-json\/wp\/v2\/product\/13536","targetHints":{"allow":["GET"]}}],"collection":[{"href":"https:\/\/lapasion.es\/fr\/wp-json\/wp\/v2\/product"}],"about":[{"href":"https:\/\/lapasion.es\/fr\/wp-json\/wp\/v2\/types\/product"}],"wp:featuredmedia":[{"embeddable":true,"href":"https:\/\/lapasion.es\/fr\/wp-json\/wp\/v2\/media\/12166"}],"wp:attachment":[{"href":"https:\/\/lapasion.es\/fr\/wp-json\/wp\/v2\/media?parent=13536"}],"wp:term":[{"taxonomy":"product_brand","embeddable":true,"href":"https:\/\/lapasion.es\/fr\/wp-json\/wp\/v2\/product_brand?post=13536"},{"taxonomy":"product_cat","embeddable":true,"href":"https:\/\/lapasion.es\/fr\/wp-json\/wp\/v2\/product_cat?post=13536"},{"taxonomy":"product_tag","embeddable":true,"href":"https:\/\/lapasion.es\/fr\/wp-json\/wp\/v2\/product_tag?post=13536"}],"curies":[{"name":"wp","href":"https:\/\/api.w.org\/{rel}","templated":true}]}}