{"id":13534,"date":"2017-09-13T10:29:29","date_gmt":"2017-09-13T08:29:29","guid":{"rendered":"https:\/\/lapasion.es\/producto\/sobaos-6-unidades\/"},"modified":"2024-12-10T10:17:50","modified_gmt":"2024-12-10T08:17:50","slug":"sobaos-6-unidades","status":"publish","type":"product","link":"https:\/\/lapasion.es\/fr\/produit\/sobaos-6-unidades\/","title":{"rendered":"Sobaos | 230g x 12 sachets"},"content":{"rendered":"<p>Farine de bl\u00e9, sucre, huile v\u00e9g\u00e9tale de tournesol ou de soja en proportion variable, \u0153ufs, sirop (sucre, eau et acide citrique), lactos\u00e9rum, agents levants (diphosphate disodique et bicarbonate de sodium), conservateurs (acide sorbique, sorbate de potassium), ar\u00f4me de beurre.<\/p>\n","protected":false},"excerpt":{"rendered":"<p>Les Sobaos de Lapasi\u00f3n sont d\u00e9licieux avec un ar\u00f4me de beurre, id\u00e9aux pour les petits d\u00e9jeuners et les collations. PR\u00c9SENTATION | paquet de 230g x 12 paquets | Total 2,76 kg.<\/p>\n","protected":false},"featured_media":18369,"template":"","meta":{"_acf_changed":false,"_uag_custom_page_level_css":"","_genesis_hide_title":false,"_genesis_hide_breadcrumbs":false,"_genesis_hide_singular_image":false,"_genesis_hide_footer_widgets":false,"_genesis_custom_body_class":"","_genesis_custom_post_class":"","_genesis_layout":""},"product_brand":[],"product_cat":[1736,1728,1730,1666,1664],"product_tag":[],"class_list":{"0":"post-13534","1":"product","2":"type-product","3":"status-publish","4":"has-post-thumbnail","6":"product_cat-produits-de-confiserie-et-de-boulangerie-emballes","7":"product_cat-boutique-en-ligne","8":"product_cat-distributeurs","9":"product_cat-muffins-sobaos","10":"product_cat-confiserie-boulangerie","11":"entry","13":"first","14":"instock","15":"shipping-taxable","16":"purchasable","17":"product-type-simple"},"acf":[],"df_price":22.12,"df_sale_price":"","df_regular_price":22.12,"df_image_link":"https:\/\/lapasion.es\/wp-content\/uploads\/2017\/09\/Sobaos-235g-300x300.jpg","uagb_featured_image_src":{"full":["https:\/\/lapasion.es\/wp-content\/uploads\/2017\/09\/Sobaos-235g.jpg",500,500,false],"thumbnail":["https:\/\/lapasion.es\/wp-content\/uploads\/2017\/09\/Sobaos-235g-150x150.jpg",150,150,true],"medium":["https:\/\/lapasion.es\/wp-content\/uploads\/2017\/09\/Sobaos-235g-300x300.jpg",300,300,true],"medium_large":["https:\/\/lapasion.es\/wp-content\/uploads\/2017\/09\/Sobaos-235g.jpg",500,500,false],"large":["https:\/\/lapasion.es\/wp-content\/uploads\/2017\/09\/Sobaos-235g.jpg",500,500,false],"1536x1536":["https:\/\/lapasion.es\/wp-content\/uploads\/2017\/09\/Sobaos-235g.jpg",500,500,false],"2048x2048":["https:\/\/lapasion.es\/wp-content\/uploads\/2017\/09\/Sobaos-235g.jpg",500,500,false],"gur_featured_image":["https:\/\/lapasion.es\/wp-content\/uploads\/2017\/09\/Sobaos-235g.jpg",500,500,false],"gur_blog_thumbnail":["https:\/\/lapasion.es\/wp-content\/uploads\/2017\/09\/Sobaos-235g-240x240.jpg",240,240,true],"woocommerce_thumbnail":["https:\/\/lapasion.es\/wp-content\/uploads\/2017\/09\/Sobaos-235g.jpg",500,500,false],"woocommerce_single":["https:\/\/lapasion.es\/wp-content\/uploads\/2017\/09\/Sobaos-235g.jpg",500,500,false],"woocommerce_gallery_thumbnail":["https:\/\/lapasion.es\/wp-content\/uploads\/2017\/09\/Sobaos-235g-100x100.jpg",100,100,true]},"uagb_author_info":{"display_name":"incaelum","author_link":"https:\/\/lapasion.es\/fr\/author\/"},"uagb_comment_info":0,"uagb_excerpt":"Les Sobaos de Lapasi\u00f3n sont d\u00e9licieux avec un ar\u00f4me de beurre, id\u00e9aux pour les petits d\u00e9jeuners et les collations. PR\u00c9SENTATION | paquet de 230g x 12 paquets | Total 2,76 kg.","_links":{"self":[{"href":"https:\/\/lapasion.es\/fr\/wp-json\/wp\/v2\/product\/13534","targetHints":{"allow":["GET"]}}],"collection":[{"href":"https:\/\/lapasion.es\/fr\/wp-json\/wp\/v2\/product"}],"about":[{"href":"https:\/\/lapasion.es\/fr\/wp-json\/wp\/v2\/types\/product"}],"wp:featuredmedia":[{"embeddable":true,"href":"https:\/\/lapasion.es\/fr\/wp-json\/wp\/v2\/media\/18369"}],"wp:attachment":[{"href":"https:\/\/lapasion.es\/fr\/wp-json\/wp\/v2\/media?parent=13534"}],"wp:term":[{"taxonomy":"product_brand","embeddable":true,"href":"https:\/\/lapasion.es\/fr\/wp-json\/wp\/v2\/product_brand?post=13534"},{"taxonomy":"product_cat","embeddable":true,"href":"https:\/\/lapasion.es\/fr\/wp-json\/wp\/v2\/product_cat?post=13534"},{"taxonomy":"product_tag","embeddable":true,"href":"https:\/\/lapasion.es\/fr\/wp-json\/wp\/v2\/product_tag?post=13534"}],"curies":[{"name":"wp","href":"https:\/\/api.w.org\/{rel}","templated":true}]}}