{"id":13532,"date":"2017-09-13T10:30:00","date_gmt":"2017-09-13T10:30:00","guid":{"rendered":"https:\/\/lapasion.es\/producto\/chokies-maltitol\/"},"modified":"2024-07-17T12:48:56","modified_gmt":"2024-07-17T10:48:56","slug":"chokies-maltitol","status":"publish","type":"product","link":"https:\/\/lapasion.es\/fr\/produit\/chokies-maltitol\/","title":{"rendered":"Chokies avec \u00e9dulcorant | 2Kg"},"content":{"rendered":"<p>Avec \u00e9dulcorant. Ingr\u00e9dients : Farine de BL\u00c9, margarine** [graisse v\u00e9g\u00e9tale (palme) et huile v\u00e9g\u00e9tale (tournesol), eau, sel, \u00e9mulsifiants (E471 et E322 (tournesol)), acidulant (E330), conservateur (E200), ar\u00f4mes, antioxydants (E304i). et E306) et colorant (E160a)], gouttes de chocolat (21,6%) [p\u00e2te de cacao, \u00e9dulcorant : maltitol*, poudre de cacao d\u00e9graiss\u00e9, \u00e9mulsifiant : l\u00e9cithine de SOJA, ar\u00f4me naturel de vanille], \u00e9dulcorant : maltitol*( 13%), liquide pasteuris\u00e9 \u0152UF, eau, extrait de malt d&rsquo;ORGE, poudres \u00e0 lever : bicarbonates de sodium et d&rsquo;ammonium, sel et ar\u00f4mes. Peut contenir des traces de fruits \u00e0 coque, de lait et d&rsquo;arachides.<\/p>\n<p>&nbsp;<\/p>\n<p>*UNE CONSOMMATION EXCESSIVE PEUT PRODUIRE DES EFFETS LAXATIFS.<\/p>\n<p>&nbsp;<\/p>\n<p>**Selon disponibilit\u00e9 en margarine : [huiles et graisses v\u00e9g\u00e9tales (palme ; soja ; noix de coco ; colza ; tournesol ; en<\/p>\n<p>proportion variable); eau; \u00e9mulsifiant (E471 ; l\u00e9cithines) ; acidulant (acide citrique); conservateur (E202); ar\u00f4mes; colorant (carot\u00e8nes)].<\/p>\n","protected":false},"excerpt":{"rendered":"<p>Biscuits aux p\u00e9pites de chocolat SANS SUCRES, tr\u00e8s croustillants et au d\u00e9licieux go\u00fbt de chocolat QUALIT\u00c9 SUPR\u00caME | P\u00e2tisserie id\u00e9ale pour les petits d\u00e9jeuners, les d\u00e9jeuners et les collations. Ces douceurs sont servies dans des bo\u00eetes de 2 kg.<\/p>\n","protected":false},"featured_media":9870,"template":"","meta":{"_acf_changed":false,"_uag_custom_page_level_css":"","_genesis_hide_title":false,"_genesis_hide_breadcrumbs":false,"_genesis_hide_singular_image":false,"_genesis_hide_footer_widgets":false,"_genesis_custom_body_class":"","_genesis_custom_post_class":"","_genesis_layout":""},"product_brand":[],"product_cat":[1668,1728,1730,1664],"product_tag":[1688],"class_list":{"0":"post-13532","1":"product","2":"type-product","3":"status-publish","4":"has-post-thumbnail","6":"product_cat-patisseries-gaufrettes","7":"product_cat-boutique-en-ligne","8":"product_cat-distributeurs","9":"product_cat-confiserie-boulangerie","10":"product_tag-patisseries-sans-sucre","11":"entry","13":"first","14":"instock","15":"shipping-taxable","16":"purchasable","17":"product-type-simple"},"acf":[],"df_price":32.37,"df_sale_price":"","df_regular_price":32.37,"df_image_link":"https:\/\/lapasion.es\/wp-content\/uploads\/2017\/10\/5529-300x300.jpg","uagb_featured_image_src":{"full":["https:\/\/lapasion.es\/wp-content\/uploads\/2017\/10\/5529.jpg",482,482,false],"thumbnail":["https:\/\/lapasion.es\/wp-content\/uploads\/2017\/10\/5529-150x150.jpg",150,150,true],"medium":["https:\/\/lapasion.es\/wp-content\/uploads\/2017\/10\/5529-300x300.jpg",300,300,true],"medium_large":["https:\/\/lapasion.es\/wp-content\/uploads\/2017\/10\/5529.jpg",482,482,false],"large":["https:\/\/lapasion.es\/wp-content\/uploads\/2017\/10\/5529.jpg",482,482,false],"1536x1536":["https:\/\/lapasion.es\/wp-content\/uploads\/2017\/10\/5529.jpg",482,482,false],"2048x2048":["https:\/\/lapasion.es\/wp-content\/uploads\/2017\/10\/5529.jpg",482,482,false],"gur_featured_image":["https:\/\/lapasion.es\/wp-content\/uploads\/2017\/10\/5529.jpg",482,482,false],"gur_blog_thumbnail":["https:\/\/lapasion.es\/wp-content\/uploads\/2017\/10\/5529.jpg",482,482,false],"woocommerce_thumbnail":["https:\/\/lapasion.es\/wp-content\/uploads\/2017\/10\/5529.jpg",482,482,false],"woocommerce_single":["https:\/\/lapasion.es\/wp-content\/uploads\/2017\/10\/5529.jpg",482,482,false],"woocommerce_gallery_thumbnail":["https:\/\/lapasion.es\/wp-content\/uploads\/2017\/10\/5529-100x100.jpg",100,100,true]},"uagb_author_info":{"display_name":"incaelum","author_link":"https:\/\/lapasion.es\/fr\/author\/"},"uagb_comment_info":0,"uagb_excerpt":"Biscuits aux p\u00e9pites de chocolat SANS SUCRES, tr\u00e8s croustillants et au d\u00e9licieux go\u00fbt de chocolat QUALIT\u00c9 SUPR\u00caME | P\u00e2tisserie id\u00e9ale pour les petits d\u00e9jeuners, les d\u00e9jeuners et les collations. Ces douceurs sont servies dans des bo\u00eetes de 2 kg.","_links":{"self":[{"href":"https:\/\/lapasion.es\/fr\/wp-json\/wp\/v2\/product\/13532","targetHints":{"allow":["GET"]}}],"collection":[{"href":"https:\/\/lapasion.es\/fr\/wp-json\/wp\/v2\/product"}],"about":[{"href":"https:\/\/lapasion.es\/fr\/wp-json\/wp\/v2\/types\/product"}],"wp:featuredmedia":[{"embeddable":true,"href":"https:\/\/lapasion.es\/fr\/wp-json\/wp\/v2\/media\/9870"}],"wp:attachment":[{"href":"https:\/\/lapasion.es\/fr\/wp-json\/wp\/v2\/media?parent=13532"}],"wp:term":[{"taxonomy":"product_brand","embeddable":true,"href":"https:\/\/lapasion.es\/fr\/wp-json\/wp\/v2\/product_brand?post=13532"},{"taxonomy":"product_cat","embeddable":true,"href":"https:\/\/lapasion.es\/fr\/wp-json\/wp\/v2\/product_cat?post=13532"},{"taxonomy":"product_tag","embeddable":true,"href":"https:\/\/lapasion.es\/fr\/wp-json\/wp\/v2\/product_tag?post=13532"}],"curies":[{"name":"wp","href":"https:\/\/api.w.org\/{rel}","templated":true}]}}