{"id":13522,"date":"2017-09-13T10:31:31","date_gmt":"2017-09-13T10:31:31","guid":{"rendered":"https:\/\/lapasion.es\/producto\/surtido-navidad-con-edulcorante\/"},"modified":"2024-11-08T13:16:17","modified_gmt":"2024-11-08T11:16:17","slug":"surtido-navidad-con-edulcorante","status":"publish","type":"product","link":"https:\/\/lapasion.es\/fr\/produit\/surtido-navidad-con-edulcorante\/","title":{"rendered":"Assortiment de Polvorones et Mantecados Sans Sucre | 3 Kg"},"content":{"rendered":"<p><strong>BEURRE D&rsquo;AMANDE MAISON Sans Sucres, Ajout\u00e9s, avec \u00e9dulcorants<\/strong>. Ingr\u00e9dients : Farine de <strong>BL\u00c9<\/strong>, saindoux (antioxydant E-320), \u00e9dulcorants (maltitol, isomalt), <strong>AMANDES<\/strong> (7%), s\u00e9same et cannelle. <strong>Peut contenir des traces d&rsquo;\u0153ufs, de lait et ses d\u00e9riv\u00e9s (dont le lactose), d&rsquo;arachides et d&rsquo;autres fruits \u00e0 coque.<\/strong><\/p>\n<p><strong>POLVORON D&rsquo;AMANDES Sans Sucres Ajout\u00e9s, avec \u00e9dulcorants<\/strong>. Ingr\u00e9dients : Farine de <strong>BL\u00c9<\/strong>, saindoux (antioxydant E-320), \u00e9dulcorants (isomaltose, maltitol), <strong>AMANDES <\/strong>(7%), cannelle et ar\u00f4me citron. <strong>Peut contenir des traces d&rsquo;arachides, de s\u00e9same et d&rsquo;autres fruits \u00e0 coque.<\/strong><\/p>\n<p><strong>VIN ROSCO Sans sucres ajout\u00e9s, avec \u00e9dulcorants.<\/strong> Ingr\u00e9dients : Farine de <strong>BL\u00c9<\/strong>, saindoux (saindoux, antioxydant : extraits de romarin), vin doux (contient des <strong>SULFITES<\/strong>) (15%), \u00e9dulcorants (maltitol et isomalt), <strong>AMANDES <\/strong>(7%), grains d&rsquo;anis, cannelle, grains de S\u00c9SAME, ar\u00f4mes d&rsquo;anis et du citron. <strong>Peut contenir des traces d&rsquo;arachides et d&rsquo;autres fruits \u00e0 coque.<\/strong><\/p>\n","protected":false},"excerpt":{"rendered":"<p>de produits de No\u00ebl vari\u00e9s, emball\u00e9s individuellement, parmi lesquels se trouvent : des polvorones aux amandes, des mantecados faits maison et des roscos de vino, Fabriqu\u00e9 avec du maltitol. SANS SUCRES. DOUCEURS DE NO\u00cbL | Ces polvorones et mantecados sont le m\u00e9lange classique de toute une vie, sans sucres. Leur odeur et leur texture sont caract\u00e9ristiques des polvorones et des mantecados. Cette douceur de No\u00ebl a une couleur de p\u00e2te cuite et du maltitol sur la couche sup\u00e9rieure. PR\u00c9SENTATION | La bo\u00eete contient 3 kg de produits de No\u00ebl vari\u00e9s, emball\u00e9s individuellement.<\/p>\n","protected":false},"featured_media":23054,"template":"","meta":{"_acf_changed":false,"_uag_custom_page_level_css":"","_genesis_hide_title":false,"_genesis_hide_breadcrumbs":false,"_genesis_hide_singular_image":false,"_genesis_hide_footer_widgets":false,"_genesis_custom_body_class":"","_genesis_custom_post_class":"","_genesis_layout":""},"product_brand":[],"product_cat":[1728,1671,1745,1730,1675],"product_tag":[1690,1688],"class_list":{"0":"post-13522","1":"product","2":"type-product","3":"status-publish","4":"has-post-thumbnail","6":"product_cat-boutique-en-ligne","7":"product_cat-chocolat-gourmet","8":"product_cat-confiseries-de-noel-emballees-fr","9":"product_cat-distributeurs","10":"product_cat-polvorones-mantecados-fr","11":"product_tag-boulangerie-integrale","12":"product_tag-patisseries-sans-sucre","13":"entry","15":"first","16":"instock","17":"shipping-taxable","18":"purchasable","19":"product-type-simple"},"acf":[],"df_price":44.99,"df_sale_price":"","df_regular_price":44.99,"df_image_link":"https:\/\/lapasion.es\/wp-content\/uploads\/2017\/09\/2-9-300x300.jpg","uagb_featured_image_src":{"full":["https:\/\/lapasion.es\/wp-content\/uploads\/2017\/09\/2-9.jpg",500,500,false],"thumbnail":["https:\/\/lapasion.es\/wp-content\/uploads\/2017\/09\/2-9-150x150.jpg",150,150,true],"medium":["https:\/\/lapasion.es\/wp-content\/uploads\/2017\/09\/2-9-300x300.jpg",300,300,true],"medium_large":["https:\/\/lapasion.es\/wp-content\/uploads\/2017\/09\/2-9.jpg",500,500,false],"large":["https:\/\/lapasion.es\/wp-content\/uploads\/2017\/09\/2-9.jpg",500,500,false],"1536x1536":["https:\/\/lapasion.es\/wp-content\/uploads\/2017\/09\/2-9.jpg",500,500,false],"2048x2048":["https:\/\/lapasion.es\/wp-content\/uploads\/2017\/09\/2-9.jpg",500,500,false],"gur_featured_image":["https:\/\/lapasion.es\/wp-content\/uploads\/2017\/09\/2-9.jpg",500,500,false],"gur_blog_thumbnail":["https:\/\/lapasion.es\/wp-content\/uploads\/2017\/09\/2-9.jpg",500,500,false],"woocommerce_thumbnail":["https:\/\/lapasion.es\/wp-content\/uploads\/2017\/09\/2-9.jpg",500,500,false],"woocommerce_single":["https:\/\/lapasion.es\/wp-content\/uploads\/2017\/09\/2-9.jpg",500,500,false],"woocommerce_gallery_thumbnail":["https:\/\/lapasion.es\/wp-content\/uploads\/2017\/09\/2-9-100x100.jpg",100,100,true]},"uagb_author_info":{"display_name":"incaelum","author_link":"https:\/\/lapasion.es\/fr\/author\/"},"uagb_comment_info":0,"uagb_excerpt":"de produits de No\u00ebl vari\u00e9s, emball\u00e9s individuellement, parmi lesquels se trouvent : des polvorones aux amandes, des mantecados faits maison et des roscos de vino, Fabriqu\u00e9 avec du maltitol. SANS SUCRES. DOUCEURS DE NO\u00cbL | Ces polvorones et mantecados sont le m\u00e9lange classique de toute une vie, sans sucres. Leur odeur et leur texture sont\u2026","_links":{"self":[{"href":"https:\/\/lapasion.es\/fr\/wp-json\/wp\/v2\/product\/13522","targetHints":{"allow":["GET"]}}],"collection":[{"href":"https:\/\/lapasion.es\/fr\/wp-json\/wp\/v2\/product"}],"about":[{"href":"https:\/\/lapasion.es\/fr\/wp-json\/wp\/v2\/types\/product"}],"wp:featuredmedia":[{"embeddable":true,"href":"https:\/\/lapasion.es\/fr\/wp-json\/wp\/v2\/media\/23054"}],"wp:attachment":[{"href":"https:\/\/lapasion.es\/fr\/wp-json\/wp\/v2\/media?parent=13522"}],"wp:term":[{"taxonomy":"product_brand","embeddable":true,"href":"https:\/\/lapasion.es\/fr\/wp-json\/wp\/v2\/product_brand?post=13522"},{"taxonomy":"product_cat","embeddable":true,"href":"https:\/\/lapasion.es\/fr\/wp-json\/wp\/v2\/product_cat?post=13522"},{"taxonomy":"product_tag","embeddable":true,"href":"https:\/\/lapasion.es\/fr\/wp-json\/wp\/v2\/product_tag?post=13522"}],"curies":[{"name":"wp","href":"https:\/\/api.w.org\/{rel}","templated":true}]}}