{"id":13520,"date":"2017-09-13T10:31:37","date_gmt":"2017-09-13T10:31:37","guid":{"rendered":"https:\/\/lapasion.es\/producto\/tacobiz-natural-con-edulcorante\/"},"modified":"2023-10-24T14:15:59","modified_gmt":"2023-10-24T12:15:59","slug":"tacobiz-natural-con-edulcorante","status":"publish","type":"product","link":"https:\/\/lapasion.es\/fr\/produit\/tacobiz-natural-con-edulcorante\/","title":{"rendered":"Tacobiz G\u00e2teau d\u00b4\u00e9ponge naturel sans sucre | 2 Kg"},"content":{"rendered":"<p>Farine de BL\u00c9, \u00e9dulcorant (maltitol), huile de tournesol, \u0152UF pasteuris\u00e9, humectants (sorbitol et glyc\u00e9rine), agents levants (bicarbonate de sodium et diphosphate disodique), LAIT en poudre, conservateurs (acide sorbique et sorbate de potassium), sel, acidifiant (acide citrique), ar\u00f4me (beurre, citron), colorant (carot\u00e8ne). Peut contenir des traces de FRUITS \u00c0 COQUE et de SOJA. Contient des sucres naturellement pr\u00e9sents.<\/p>\n","protected":false},"excerpt":{"rendered":"<p>Produit de p\u00e2tisserie r\u00e9pondant \u00e0 la d\u00e9nomination TACOBIZ NATUREL. Il s\u00b4agit d\u00b4un g\u00e2teau fait maison typique de la r\u00e9gion, \u00e0 la p\u00e2te dor\u00e9e au go\u00fbt de citron, sans sucres ajout\u00e9s, avec \u00e9dulcorant. Sans huile de palme, pr\u00e9sent\u00e9 sous forme rectangulaire emball\u00e9 individuellement pour une meilleure conservation. QUALIT\u00c9 SUPR\u00caME | P\u00e2tisserie de qualit\u00e9. Id\u00e9al pour les petits d\u00e9jeuners, les d\u00e9jeuners et les go\u00fbters. Il est servi dans des bo\u00eetes de 2 kg.<\/p>\n","protected":false},"featured_media":12136,"template":"","meta":{"_acf_changed":false,"_uag_custom_page_level_css":"","_genesis_hide_title":false,"_genesis_hide_breadcrumbs":false,"_genesis_hide_singular_image":false,"_genesis_hide_footer_widgets":false,"_genesis_custom_body_class":"","_genesis_custom_post_class":"","_genesis_layout":""},"product_brand":[],"product_cat":[1728,1665,1664],"product_tag":[1688],"class_list":{"0":"post-13520","1":"product","2":"type-product","3":"status-publish","4":"has-post-thumbnail","6":"product_cat-boutique-en-ligne","7":"product_cat-biscuits-fr","8":"product_cat-confiserie-boulangerie","9":"product_tag-patisseries-sans-sucre","10":"entry","12":"first","13":"instock","14":"shipping-taxable","15":"purchasable","16":"product-type-simple"},"acf":[],"df_price":29,"df_sale_price":"","df_regular_price":29,"df_image_link":"https:\/\/lapasion.es\/wp-content\/uploads\/2017\/09\/004747-Tacobiz-natural-298x300.jpg","uagb_featured_image_src":{"full":["https:\/\/lapasion.es\/wp-content\/uploads\/2017\/09\/004747-Tacobiz-natural.jpg",2043,2057,false],"thumbnail":["https:\/\/lapasion.es\/wp-content\/uploads\/2017\/09\/004747-Tacobiz-natural-150x150.jpg",150,150,true],"medium":["https:\/\/lapasion.es\/wp-content\/uploads\/2017\/09\/004747-Tacobiz-natural-298x300.jpg",298,300,true],"medium_large":["https:\/\/lapasion.es\/wp-content\/uploads\/2017\/09\/004747-Tacobiz-natural-768x773.jpg",768,773,true],"large":["https:\/\/lapasion.es\/wp-content\/uploads\/2017\/09\/004747-Tacobiz-natural-1017x1024.jpg",1017,1024,true],"1536x1536":["https:\/\/lapasion.es\/wp-content\/uploads\/2017\/09\/004747-Tacobiz-natural-1526x1536.jpg",1526,1536,true],"2048x2048":["https:\/\/lapasion.es\/wp-content\/uploads\/2017\/09\/004747-Tacobiz-natural-2034x2048.jpg",2034,2048,true],"gur_featured_image":["https:\/\/lapasion.es\/wp-content\/uploads\/2017\/09\/004747-Tacobiz-natural.jpg",626,630,false],"gur_blog_thumbnail":["https:\/\/lapasion.es\/wp-content\/uploads\/2017\/09\/004747-Tacobiz-natural.jpg",497,500,false],"woocommerce_thumbnail":["https:\/\/lapasion.es\/wp-content\/uploads\/2017\/09\/004747-Tacobiz-natural-500x500.jpg",500,500,true],"woocommerce_single":["https:\/\/lapasion.es\/wp-content\/uploads\/2017\/09\/004747-Tacobiz-natural-655x659.jpg",655,659,true],"woocommerce_gallery_thumbnail":["https:\/\/lapasion.es\/wp-content\/uploads\/2017\/09\/004747-Tacobiz-natural-100x100.jpg",100,100,true]},"uagb_author_info":{"display_name":"incaelum","author_link":"https:\/\/lapasion.es\/fr\/author\/"},"uagb_comment_info":0,"uagb_excerpt":"Produit de p\u00e2tisserie r\u00e9pondant \u00e0 la d\u00e9nomination TACOBIZ NATUREL. Il s\u00b4agit d\u00b4un g\u00e2teau fait maison typique de la r\u00e9gion, \u00e0 la p\u00e2te dor\u00e9e au go\u00fbt de citron, sans sucres ajout\u00e9s, avec \u00e9dulcorant. Sans huile de palme, pr\u00e9sent\u00e9 sous forme rectangulaire emball\u00e9 individuellement pour une meilleure conservation. QUALIT\u00c9 SUPR\u00caME | P\u00e2tisserie de qualit\u00e9. Id\u00e9al pour les\u2026","_links":{"self":[{"href":"https:\/\/lapasion.es\/fr\/wp-json\/wp\/v2\/product\/13520","targetHints":{"allow":["GET"]}}],"collection":[{"href":"https:\/\/lapasion.es\/fr\/wp-json\/wp\/v2\/product"}],"about":[{"href":"https:\/\/lapasion.es\/fr\/wp-json\/wp\/v2\/types\/product"}],"wp:featuredmedia":[{"embeddable":true,"href":"https:\/\/lapasion.es\/fr\/wp-json\/wp\/v2\/media\/12136"}],"wp:attachment":[{"href":"https:\/\/lapasion.es\/fr\/wp-json\/wp\/v2\/media?parent=13520"}],"wp:term":[{"taxonomy":"product_brand","embeddable":true,"href":"https:\/\/lapasion.es\/fr\/wp-json\/wp\/v2\/product_brand?post=13520"},{"taxonomy":"product_cat","embeddable":true,"href":"https:\/\/lapasion.es\/fr\/wp-json\/wp\/v2\/product_cat?post=13520"},{"taxonomy":"product_tag","embeddable":true,"href":"https:\/\/lapasion.es\/fr\/wp-json\/wp\/v2\/product_tag?post=13520"}],"curies":[{"name":"wp","href":"https:\/\/api.w.org\/{rel}","templated":true}]}}