{"id":13518,"date":"2017-09-13T10:31:38","date_gmt":"2017-09-13T10:31:38","guid":{"rendered":"https:\/\/lapasion.es\/producto\/tacobiz-marmol-con-edulcorante\/"},"modified":"2023-10-24T14:15:38","modified_gmt":"2023-10-24T12:15:38","slug":"tacobiz-marmol-con-edulcorante","status":"publish","type":"product","link":"https:\/\/lapasion.es\/fr\/produit\/tacobiz-marmol-con-edulcorante\/","title":{"rendered":"Tacobiz G\u00e2teau \u00e9ponge marbr\u00e9 sans sucre | 2 Kg"},"content":{"rendered":"<p>Farine de BL\u00c9, \u00e9dulcorant (maltitol), huile v\u00e9g\u00e9tale de tournesol, \u0152UF pasteuris\u00e9, cacao en poudre d\u00e9graiss\u00e9, humectants (sorbitol et glyc\u00e9rine), agents levants (bicarbonate de sodium et diphosphate disodique), LAIT en poudre, conservateurs (acide sorbique et sorbate de potassium), sel, acidifiant (acide citrique), ar\u00f4me (beurre, chocolat, citron), colorant (carot\u00e8ne). Peut contenir des traces de FRUITS \u00c0 COQUE et de SOJA. Contient des sucres naturellement pr\u00e9sents.<\/p>\n","protected":false},"excerpt":{"rendered":"<p>Produit de p\u00e2tisserie r\u00e9pondant \u00e0 la d\u00e9nomination TACOBIZ MARMOL. Il s\u00b4agit d\u00b4un g\u00e2teau fait maison typique de la r\u00e9gion, avec une p\u00e2te dor\u00e9e et brune au go\u00fbt de cacao, sans sucres ajout\u00e9s, avec \u00e9dulcorant. Sans huile de palme, emball\u00e9 individuellement pour une meilleure conservation. QUALIT\u00c9 SUPR\u00caME | P\u00e2tisserie de qualit\u00e9. Id\u00e9al pour les petits d\u00e9jeuners, les d\u00e9jeuners et les go\u00fbters. Il est servi dans des bo\u00eetes de 2 kg.<\/p>\n","protected":false},"featured_media":12130,"template":"","meta":{"_acf_changed":false,"_uag_custom_page_level_css":"","_genesis_hide_title":false,"_genesis_hide_breadcrumbs":false,"_genesis_hide_singular_image":false,"_genesis_hide_footer_widgets":false,"_genesis_custom_body_class":"","_genesis_custom_post_class":"","_genesis_layout":""},"product_brand":[],"product_cat":[1734,1728,1730,1665,1664],"product_tag":[1688],"class_list":{"0":"post-13518","1":"product","2":"type-product","3":"status-publish","4":"has-post-thumbnail","6":"product_cat-produits-de-confiserie-et-de-boulangerie-en-vrac-emballes","7":"product_cat-boutique-en-ligne","8":"product_cat-distributeurs","9":"product_cat-biscuits-fr","10":"product_cat-confiserie-boulangerie","11":"product_tag-patisseries-sans-sucre","12":"entry","14":"first","15":"instock","16":"shipping-taxable","17":"purchasable","18":"product-type-simple"},"acf":[],"df_price":29.92,"df_sale_price":"","df_regular_price":29.92,"df_image_link":"https:\/\/lapasion.es\/wp-content\/uploads\/2017\/09\/004745-tacobiz-marmol3-300x296.jpg","uagb_featured_image_src":{"full":["https:\/\/lapasion.es\/wp-content\/uploads\/2017\/09\/004745-tacobiz-marmol3.jpg",2419,2384,false],"thumbnail":["https:\/\/lapasion.es\/wp-content\/uploads\/2017\/09\/004745-tacobiz-marmol3-150x150.jpg",150,150,true],"medium":["https:\/\/lapasion.es\/wp-content\/uploads\/2017\/09\/004745-tacobiz-marmol3-300x296.jpg",300,296,true],"medium_large":["https:\/\/lapasion.es\/wp-content\/uploads\/2017\/09\/004745-tacobiz-marmol3-768x757.jpg",768,757,true],"large":["https:\/\/lapasion.es\/wp-content\/uploads\/2017\/09\/004745-tacobiz-marmol3-1024x1009.jpg",1024,1009,true],"1536x1536":["https:\/\/lapasion.es\/wp-content\/uploads\/2017\/09\/004745-tacobiz-marmol3-1536x1514.jpg",1536,1514,true],"2048x2048":["https:\/\/lapasion.es\/wp-content\/uploads\/2017\/09\/004745-tacobiz-marmol3-2048x2018.jpg",2048,2018,true],"gur_featured_image":["https:\/\/lapasion.es\/wp-content\/uploads\/2017\/09\/004745-tacobiz-marmol3.jpg",639,630,false],"gur_blog_thumbnail":["https:\/\/lapasion.es\/wp-content\/uploads\/2017\/09\/004745-tacobiz-marmol3.jpg",507,500,false],"woocommerce_thumbnail":["https:\/\/lapasion.es\/wp-content\/uploads\/2017\/09\/004745-tacobiz-marmol3-500x500.jpg",500,500,true],"woocommerce_single":["https:\/\/lapasion.es\/wp-content\/uploads\/2017\/09\/004745-tacobiz-marmol3-655x646.jpg",655,646,true],"woocommerce_gallery_thumbnail":["https:\/\/lapasion.es\/wp-content\/uploads\/2017\/09\/004745-tacobiz-marmol3-100x100.jpg",100,100,true]},"uagb_author_info":{"display_name":"incaelum","author_link":"https:\/\/lapasion.es\/fr\/author\/"},"uagb_comment_info":0,"uagb_excerpt":"Produit de p\u00e2tisserie r\u00e9pondant \u00e0 la d\u00e9nomination TACOBIZ MARMOL. Il s\u00b4agit d\u00b4un g\u00e2teau fait maison typique de la r\u00e9gion, avec une p\u00e2te dor\u00e9e et brune au go\u00fbt de cacao, sans sucres ajout\u00e9s, avec \u00e9dulcorant. Sans huile de palme, emball\u00e9 individuellement pour une meilleure conservation. QUALIT\u00c9 SUPR\u00caME | P\u00e2tisserie de qualit\u00e9. Id\u00e9al pour les petits d\u00e9jeuners,\u2026","_links":{"self":[{"href":"https:\/\/lapasion.es\/fr\/wp-json\/wp\/v2\/product\/13518","targetHints":{"allow":["GET"]}}],"collection":[{"href":"https:\/\/lapasion.es\/fr\/wp-json\/wp\/v2\/product"}],"about":[{"href":"https:\/\/lapasion.es\/fr\/wp-json\/wp\/v2\/types\/product"}],"wp:featuredmedia":[{"embeddable":true,"href":"https:\/\/lapasion.es\/fr\/wp-json\/wp\/v2\/media\/12130"}],"wp:attachment":[{"href":"https:\/\/lapasion.es\/fr\/wp-json\/wp\/v2\/media?parent=13518"}],"wp:term":[{"taxonomy":"product_brand","embeddable":true,"href":"https:\/\/lapasion.es\/fr\/wp-json\/wp\/v2\/product_brand?post=13518"},{"taxonomy":"product_cat","embeddable":true,"href":"https:\/\/lapasion.es\/fr\/wp-json\/wp\/v2\/product_cat?post=13518"},{"taxonomy":"product_tag","embeddable":true,"href":"https:\/\/lapasion.es\/fr\/wp-json\/wp\/v2\/product_tag?post=13518"}],"curies":[{"name":"wp","href":"https:\/\/api.w.org\/{rel}","templated":true}]}}