{"id":13516,"date":"2017-09-13T10:32:03","date_gmt":"2017-09-13T10:32:03","guid":{"rendered":"https:\/\/lapasion.es\/producto\/tacobiz-yogur-con-edulcorante\/"},"modified":"2023-10-24T14:15:29","modified_gmt":"2023-10-24T12:15:29","slug":"tacobiz-yogur-con-edulcorante","status":"publish","type":"product","link":"https:\/\/lapasion.es\/fr\/produit\/tacobiz-yogur-con-edulcorante\/","title":{"rendered":"Tacobiz G\u00e2teau \u00e9ponge au yaourt sans sucre | 2 Kg"},"content":{"rendered":"<p>Farine de BL\u00c9, \u00e9dulcorant (maltitol*), huile de tournesol, \u0152UF pasteuris\u00e9, humectants (sorbitol et glyc\u00e9rol), YAOURT en poudre 3% (LAIT \u00e9cr\u00e9m\u00e9 pasteuris\u00e9, lactobacillus acidophilus), agents levants (bicarbonate de sodium et diphosphate disodique), conservateurs (acide sorbique et sorbate de potassium), sel, acidifiant (acide citrique), ar\u00f4me (beurre, yaourt), colorant (carot\u00e8ne).<\/p>\n","protected":false},"excerpt":{"rendered":"<p>Produit de p\u00e2tisserie appel\u00e9 TACOBIZ YOGURT. Il s\u00b4agit d\u00b4un g\u00e2teau fait maison typique de la r\u00e9gion, avec une p\u00e2te dor\u00e9e au go\u00fbt de yaourt, sans sucre ajout\u00e9, recouvert d\u00b4\u00e9dulcorant en poudre. Sans huile de palme, emball\u00e9 individuellement pour une meilleure conservation.<\/p>\n","protected":false},"featured_media":12128,"template":"","meta":{"_acf_changed":false,"_uag_custom_page_level_css":"","_genesis_hide_title":false,"_genesis_hide_breadcrumbs":false,"_genesis_hide_singular_image":false,"_genesis_hide_footer_widgets":false,"_genesis_custom_body_class":"","_genesis_custom_post_class":"","_genesis_layout":""},"product_brand":[],"product_cat":[1728,1665,1664],"product_tag":[1688],"class_list":{"0":"post-13516","1":"product","2":"type-product","3":"status-publish","4":"has-post-thumbnail","6":"product_cat-boutique-en-ligne","7":"product_cat-biscuits-fr","8":"product_cat-confiserie-boulangerie","9":"product_tag-patisseries-sans-sucre","10":"entry","12":"first","13":"instock","14":"shipping-taxable","15":"purchasable","16":"product-type-simple"},"acf":[],"df_price":31.99,"df_sale_price":"","df_regular_price":31.99,"df_image_link":"https:\/\/lapasion.es\/wp-content\/uploads\/2017\/09\/004746-Tacobiz-yogur-scaled-1-300x262.jpg","uagb_featured_image_src":{"full":["https:\/\/lapasion.es\/wp-content\/uploads\/2017\/09\/004746-Tacobiz-yogur-scaled-1.jpg",2560,2232,false],"thumbnail":["https:\/\/lapasion.es\/wp-content\/uploads\/2017\/09\/004746-Tacobiz-yogur-scaled-1-150x150.jpg",150,150,true],"medium":["https:\/\/lapasion.es\/wp-content\/uploads\/2017\/09\/004746-Tacobiz-yogur-scaled-1-300x262.jpg",300,262,true],"medium_large":["https:\/\/lapasion.es\/wp-content\/uploads\/2017\/09\/004746-Tacobiz-yogur-scaled-1-768x670.jpg",768,670,true],"large":["https:\/\/lapasion.es\/wp-content\/uploads\/2017\/09\/004746-Tacobiz-yogur-scaled-1-1024x893.jpg",1024,893,true],"1536x1536":["https:\/\/lapasion.es\/wp-content\/uploads\/2017\/09\/004746-Tacobiz-yogur-scaled-1-1536x1339.jpg",1536,1339,true],"2048x2048":["https:\/\/lapasion.es\/wp-content\/uploads\/2017\/09\/004746-Tacobiz-yogur-scaled-1-2048x1786.jpg",2048,1786,true],"gur_featured_image":["https:\/\/lapasion.es\/wp-content\/uploads\/2017\/09\/004746-Tacobiz-yogur-scaled-1.jpg",723,630,false],"gur_blog_thumbnail":["https:\/\/lapasion.es\/wp-content\/uploads\/2017\/09\/004746-Tacobiz-yogur-scaled-1.jpg",573,500,false],"woocommerce_thumbnail":["https:\/\/lapasion.es\/wp-content\/uploads\/2017\/09\/004746-Tacobiz-yogur-scaled-1-500x500.jpg",500,500,true],"woocommerce_single":["https:\/\/lapasion.es\/wp-content\/uploads\/2017\/09\/004746-Tacobiz-yogur-scaled-1-655x571.jpg",655,571,true],"woocommerce_gallery_thumbnail":["https:\/\/lapasion.es\/wp-content\/uploads\/2017\/09\/004746-Tacobiz-yogur-scaled-1-100x100.jpg",100,100,true]},"uagb_author_info":{"display_name":"incaelum","author_link":"https:\/\/lapasion.es\/fr\/author\/"},"uagb_comment_info":0,"uagb_excerpt":"Produit de p\u00e2tisserie appel\u00e9 TACOBIZ YOGURT. Il s\u00b4agit d\u00b4un g\u00e2teau fait maison typique de la r\u00e9gion, avec une p\u00e2te dor\u00e9e au go\u00fbt de yaourt, sans sucre ajout\u00e9, recouvert d\u00b4\u00e9dulcorant en poudre. Sans huile de palme, emball\u00e9 individuellement pour une meilleure conservation.","_links":{"self":[{"href":"https:\/\/lapasion.es\/fr\/wp-json\/wp\/v2\/product\/13516","targetHints":{"allow":["GET"]}}],"collection":[{"href":"https:\/\/lapasion.es\/fr\/wp-json\/wp\/v2\/product"}],"about":[{"href":"https:\/\/lapasion.es\/fr\/wp-json\/wp\/v2\/types\/product"}],"wp:featuredmedia":[{"embeddable":true,"href":"https:\/\/lapasion.es\/fr\/wp-json\/wp\/v2\/media\/12128"}],"wp:attachment":[{"href":"https:\/\/lapasion.es\/fr\/wp-json\/wp\/v2\/media?parent=13516"}],"wp:term":[{"taxonomy":"product_brand","embeddable":true,"href":"https:\/\/lapasion.es\/fr\/wp-json\/wp\/v2\/product_brand?post=13516"},{"taxonomy":"product_cat","embeddable":true,"href":"https:\/\/lapasion.es\/fr\/wp-json\/wp\/v2\/product_cat?post=13516"},{"taxonomy":"product_tag","embeddable":true,"href":"https:\/\/lapasion.es\/fr\/wp-json\/wp\/v2\/product_tag?post=13516"}],"curies":[{"name":"wp","href":"https:\/\/api.w.org\/{rel}","templated":true}]}}