{"id":13510,"date":"2017-09-13T10:33:42","date_gmt":"2017-09-13T08:33:42","guid":{"rendered":"https:\/\/lapasion.es\/producto\/roxicream-con-edulcorante\/"},"modified":"2023-10-24T14:14:33","modified_gmt":"2023-10-24T12:14:33","slug":"roxicream-con-edulcorante","status":"publish","type":"product","link":"https:\/\/lapasion.es\/fr\/produit\/roxicream-con-edulcorante\/","title":{"rendered":"Roxicream | G\u00e2teau \u00e9ponge fourr\u00e9 \u00e0 la cr\u00e8me | Sans sucres ajout\u00e9s"},"content":{"rendered":"<p>Farine de BL\u00c9, garniture 18% [Maltitol (E-965ii)*, eau, amidon modifi\u00e9, graisse v\u00e9g\u00e9tale non hydrog\u00e9n\u00e9e (palme), humectant (E-422), amidon, stabilisant (E-466), r\u00e9gulateurs d\u00b4acidit\u00e9 (E-516, E-330), conservateur (E-202), \u00e9mulsifiants (E-473, E-472c), sel, ar\u00f4me, colorants (E-160c, E-160a, E-120)], \u00e9dulcorant (maltitol*), \u0152UF, huile de tournesol et SOJA en proportions variables, eau, agents levants (E450i, E500ii), humectant (glyc\u00e9rine), maltitol liquide (eau, maltitol, E-330, E-202), acidifiants (E-330), sel, gomme xanthane, ar\u00f4me de citron et conservateurs (E202, E200). Contient des sucres naturellement pr\u00e9sents.<\/p>\n","protected":false},"excerpt":{"rendered":"<p>Produit de p\u00e2tisserie qui r\u00e9pond \u00e0 la d\u00e9nomination ROXICREAM. Il s\u00b4agit d\u00b4un g\u00e2teau fourr\u00e9 \u00e0 la cr\u00e8me de cr\u00e8me fra\u00eeche, fabriqu\u00e9 \u00e0 partir d\u00b4\u0153ufs, de maltitol et de farine, sans sucre ajout\u00e9, avec \u00e9dulcorant. Emball\u00e9 individuellement pour une meilleure conservation.<\/p>\n","protected":false},"featured_media":12124,"template":"","meta":{"_acf_changed":false,"_uag_custom_page_level_css":"","_genesis_hide_title":false,"_genesis_hide_breadcrumbs":false,"_genesis_hide_singular_image":false,"_genesis_hide_footer_widgets":false,"_genesis_custom_body_class":"","_genesis_custom_post_class":"","_genesis_layout":""},"product_brand":[],"product_cat":[1734,1728,1730,1665,1664],"product_tag":[1688],"class_list":{"0":"post-13510","1":"product","2":"type-product","3":"status-publish","4":"has-post-thumbnail","6":"product_cat-produits-de-confiserie-et-de-boulangerie-en-vrac-emballes","7":"product_cat-boutique-en-ligne","8":"product_cat-distributeurs","9":"product_cat-biscuits-fr","10":"product_cat-confiserie-boulangerie","11":"product_tag-patisseries-sans-sucre","12":"entry","14":"first","15":"outofstock","16":"shipping-taxable","17":"purchasable","18":"product-type-simple"},"acf":[],"df_price":30.3,"df_sale_price":"","df_regular_price":30.3,"df_image_link":"https:\/\/lapasion.es\/wp-content\/uploads\/2017\/09\/004754-roxicrema-300x291.jpg","uagb_featured_image_src":{"full":["https:\/\/lapasion.es\/wp-content\/uploads\/2017\/09\/004754-roxicrema.jpg",1850,1795,false],"thumbnail":["https:\/\/lapasion.es\/wp-content\/uploads\/2017\/09\/004754-roxicrema-150x150.jpg",150,150,true],"medium":["https:\/\/lapasion.es\/wp-content\/uploads\/2017\/09\/004754-roxicrema-300x291.jpg",300,291,true],"medium_large":["https:\/\/lapasion.es\/wp-content\/uploads\/2017\/09\/004754-roxicrema-768x745.jpg",768,745,true],"large":["https:\/\/lapasion.es\/wp-content\/uploads\/2017\/09\/004754-roxicrema-1024x994.jpg",1024,994,true],"1536x1536":["https:\/\/lapasion.es\/wp-content\/uploads\/2017\/09\/004754-roxicrema-1536x1490.jpg",1536,1490,true],"2048x2048":["https:\/\/lapasion.es\/wp-content\/uploads\/2017\/09\/004754-roxicrema.jpg",1850,1795,false],"gur_featured_image":["https:\/\/lapasion.es\/wp-content\/uploads\/2017\/09\/004754-roxicrema.jpg",649,630,false],"gur_blog_thumbnail":["https:\/\/lapasion.es\/wp-content\/uploads\/2017\/09\/004754-roxicrema.jpg",515,500,false],"woocommerce_thumbnail":["https:\/\/lapasion.es\/wp-content\/uploads\/2017\/09\/004754-roxicrema-500x500.jpg",500,500,true],"woocommerce_single":["https:\/\/lapasion.es\/wp-content\/uploads\/2017\/09\/004754-roxicrema-655x636.jpg",655,636,true],"woocommerce_gallery_thumbnail":["https:\/\/lapasion.es\/wp-content\/uploads\/2017\/09\/004754-roxicrema-100x100.jpg",100,100,true]},"uagb_author_info":{"display_name":"incaelum","author_link":"https:\/\/lapasion.es\/fr\/author\/"},"uagb_comment_info":0,"uagb_excerpt":"Produit de p\u00e2tisserie qui r\u00e9pond \u00e0 la d\u00e9nomination ROXICREAM. Il s\u00b4agit d\u00b4un g\u00e2teau fourr\u00e9 \u00e0 la cr\u00e8me de cr\u00e8me fra\u00eeche, fabriqu\u00e9 \u00e0 partir d\u00b4\u0153ufs, de maltitol et de farine, sans sucre ajout\u00e9, avec \u00e9dulcorant. Emball\u00e9 individuellement pour une meilleure conservation.","_links":{"self":[{"href":"https:\/\/lapasion.es\/fr\/wp-json\/wp\/v2\/product\/13510","targetHints":{"allow":["GET"]}}],"collection":[{"href":"https:\/\/lapasion.es\/fr\/wp-json\/wp\/v2\/product"}],"about":[{"href":"https:\/\/lapasion.es\/fr\/wp-json\/wp\/v2\/types\/product"}],"wp:featuredmedia":[{"embeddable":true,"href":"https:\/\/lapasion.es\/fr\/wp-json\/wp\/v2\/media\/12124"}],"wp:attachment":[{"href":"https:\/\/lapasion.es\/fr\/wp-json\/wp\/v2\/media?parent=13510"}],"wp:term":[{"taxonomy":"product_brand","embeddable":true,"href":"https:\/\/lapasion.es\/fr\/wp-json\/wp\/v2\/product_brand?post=13510"},{"taxonomy":"product_cat","embeddable":true,"href":"https:\/\/lapasion.es\/fr\/wp-json\/wp\/v2\/product_cat?post=13510"},{"taxonomy":"product_tag","embeddable":true,"href":"https:\/\/lapasion.es\/fr\/wp-json\/wp\/v2\/product_tag?post=13510"}],"curies":[{"name":"wp","href":"https:\/\/api.w.org\/{rel}","templated":true}]}}