{"id":13508,"date":"2017-09-13T10:33:43","date_gmt":"2017-09-13T08:33:43","guid":{"rendered":"https:\/\/lapasion.es\/producto\/roxichoco-con-edulcorante\/"},"modified":"2023-10-24T14:14:32","modified_gmt":"2023-10-24T12:14:32","slug":"roxichoco-con-edulcorante","status":"publish","type":"product","link":"https:\/\/lapasion.es\/fr\/produit\/roxichoco-con-edulcorante\/","title":{"rendered":"Roxichoco | G\u00e2teau \u00e9ponge fourr\u00e9 \u00e0 la cr\u00e8me de cacao | Sans sucres ajout\u00e9s"},"content":{"rendered":"<p>Farine de BL\u00c9, \u00e9dulcorant (maltitol*), \u0152UF, huile de tournesol et SOJA en proportion variable, Garniture 10%: [Maltitol (E965i, E965ii), eau, amidons modifi\u00e9s, amidon natif, cacao maigre en poudre, humectant (E-466), conservateurs (E-202, E-281), ar\u00f4me, stabilisant (E-466), sel, acidifiant (acide citrique), colorant (dioxyde de titane)], eau gaz\u00e9ifi\u00e9e (diphosphate disodique, bicarbonate de sodium), humectant (glyc\u00e9rine), \u00e9mulsifiant (E-471), conservateurs (acide citrique, sorbate de potassium, acide sorbique), fibre de BL\u00c9, sel, gomme xanthane et ar\u00f4me de citron. Contient des sucres naturellement pr\u00e9sents.<\/p>\n","protected":false},"excerpt":{"rendered":"<p>Produit de p\u00e2tisserie qui r\u00e9pond \u00e0 la d\u00e9nomination ROXICHOCO. Il s\u00b4agit d\u00b4un g\u00e2teau fourr\u00e9 \u00e0 la cr\u00e8me de cacao, fabriqu\u00e9 \u00e0 partir de farine, de maltitol, d\u00b4\u0153ufs et d\u00b4huile, sans sucre ajout\u00e9, avec \u00e9dulcorant. Emball\u00e9 individuellement pour une meilleure conservation.<\/p>\n","protected":false},"featured_media":12120,"template":"","meta":{"_acf_changed":false,"_uag_custom_page_level_css":"","_genesis_hide_title":false,"_genesis_hide_breadcrumbs":false,"_genesis_hide_singular_image":false,"_genesis_hide_footer_widgets":false,"_genesis_custom_body_class":"","_genesis_custom_post_class":"","_genesis_layout":""},"product_brand":[],"product_cat":[1734,1728,1730,1665,1664],"product_tag":[1688],"class_list":{"0":"post-13508","1":"product","2":"type-product","3":"status-publish","4":"has-post-thumbnail","6":"product_cat-produits-de-confiserie-et-de-boulangerie-en-vrac-emballes","7":"product_cat-boutique-en-ligne","8":"product_cat-distributeurs","9":"product_cat-biscuits-fr","10":"product_cat-confiserie-boulangerie","11":"product_tag-patisseries-sans-sucre","12":"entry","14":"first","15":"outofstock","16":"shipping-taxable","17":"purchasable","18":"product-type-simple"},"acf":[],"df_price":30.3,"df_sale_price":"","df_regular_price":30.3,"df_image_link":"https:\/\/lapasion.es\/wp-content\/uploads\/2017\/09\/004755-Roxichoco-env-300x275.jpg","uagb_featured_image_src":{"full":["https:\/\/lapasion.es\/wp-content\/uploads\/2017\/09\/004755-Roxichoco-env.jpg",1982,1815,false],"thumbnail":["https:\/\/lapasion.es\/wp-content\/uploads\/2017\/09\/004755-Roxichoco-env-150x150.jpg",150,150,true],"medium":["https:\/\/lapasion.es\/wp-content\/uploads\/2017\/09\/004755-Roxichoco-env-300x275.jpg",300,275,true],"medium_large":["https:\/\/lapasion.es\/wp-content\/uploads\/2017\/09\/004755-Roxichoco-env-768x703.jpg",768,703,true],"large":["https:\/\/lapasion.es\/wp-content\/uploads\/2017\/09\/004755-Roxichoco-env-1024x938.jpg",1024,938,true],"1536x1536":["https:\/\/lapasion.es\/wp-content\/uploads\/2017\/09\/004755-Roxichoco-env-1536x1407.jpg",1536,1407,true],"2048x2048":["https:\/\/lapasion.es\/wp-content\/uploads\/2017\/09\/004755-Roxichoco-env.jpg",1982,1815,false],"gur_featured_image":["https:\/\/lapasion.es\/wp-content\/uploads\/2017\/09\/004755-Roxichoco-env.jpg",688,630,false],"gur_blog_thumbnail":["https:\/\/lapasion.es\/wp-content\/uploads\/2017\/09\/004755-Roxichoco-env.jpg",546,500,false],"woocommerce_thumbnail":["https:\/\/lapasion.es\/wp-content\/uploads\/2017\/09\/004755-Roxichoco-env-500x500.jpg",500,500,true],"woocommerce_single":["https:\/\/lapasion.es\/wp-content\/uploads\/2017\/09\/004755-Roxichoco-env-655x600.jpg",655,600,true],"woocommerce_gallery_thumbnail":["https:\/\/lapasion.es\/wp-content\/uploads\/2017\/09\/004755-Roxichoco-env-100x100.jpg",100,100,true]},"uagb_author_info":{"display_name":"incaelum","author_link":"https:\/\/lapasion.es\/fr\/author\/"},"uagb_comment_info":0,"uagb_excerpt":"Produit de p\u00e2tisserie qui r\u00e9pond \u00e0 la d\u00e9nomination ROXICHOCO. Il s\u00b4agit d\u00b4un g\u00e2teau fourr\u00e9 \u00e0 la cr\u00e8me de cacao, fabriqu\u00e9 \u00e0 partir de farine, de maltitol, d\u00b4\u0153ufs et d\u00b4huile, sans sucre ajout\u00e9, avec \u00e9dulcorant. Emball\u00e9 individuellement pour une meilleure conservation.","_links":{"self":[{"href":"https:\/\/lapasion.es\/fr\/wp-json\/wp\/v2\/product\/13508","targetHints":{"allow":["GET"]}}],"collection":[{"href":"https:\/\/lapasion.es\/fr\/wp-json\/wp\/v2\/product"}],"about":[{"href":"https:\/\/lapasion.es\/fr\/wp-json\/wp\/v2\/types\/product"}],"wp:featuredmedia":[{"embeddable":true,"href":"https:\/\/lapasion.es\/fr\/wp-json\/wp\/v2\/media\/12120"}],"wp:attachment":[{"href":"https:\/\/lapasion.es\/fr\/wp-json\/wp\/v2\/media?parent=13508"}],"wp:term":[{"taxonomy":"product_brand","embeddable":true,"href":"https:\/\/lapasion.es\/fr\/wp-json\/wp\/v2\/product_brand?post=13508"},{"taxonomy":"product_cat","embeddable":true,"href":"https:\/\/lapasion.es\/fr\/wp-json\/wp\/v2\/product_cat?post=13508"},{"taxonomy":"product_tag","embeddable":true,"href":"https:\/\/lapasion.es\/fr\/wp-json\/wp\/v2\/product_tag?post=13508"}],"curies":[{"name":"wp","href":"https:\/\/api.w.org\/{rel}","templated":true}]}}