{"id":13506,"date":"2017-09-13T10:33:48","date_gmt":"2017-09-13T08:33:48","guid":{"rendered":"https:\/\/lapasion.es\/producto\/paladares-de-coco\/"},"modified":"2024-07-19T10:56:39","modified_gmt":"2024-07-19T08:56:39","slug":"paladares-de-coco","status":"publish","type":"product","link":"https:\/\/lapasion.es\/fr\/produit\/paladares-de-coco\/","title":{"rendered":"B\u00e2tons de noix de coco |150g x 12 paquets"},"content":{"rendered":"<p>Sucre, farine de <strong>BL\u00c9<\/strong>, <strong>\u0152UF<\/strong>, noix de coco r\u00e2p\u00e9e (11,3%) (Contient des <strong>SULFITES<\/strong>), de l&rsquo;huile de soja et de tournesol en proportions variables et de l&rsquo;eau. <strong>Peut contenir des traces de moutarde, s\u00e9same, fruits \u00e0 coque, soja et lait.<\/strong><\/p>\n","protected":false},"excerpt":{"rendered":"<p>Les PALADARES DE COCO de Lapasi\u00f3n sont de fines et rondes biscuits au go\u00fbt de noix de coco. Super croustillants et d\u00e9licieux. PR\u00c9SENTATION | Plateau de 150 x 12 paquets | Total de 1,8 kg.<\/p>\n","protected":false},"featured_media":9940,"template":"","meta":{"_acf_changed":false,"_uag_custom_page_level_css":"","_genesis_hide_title":false,"_genesis_hide_breadcrumbs":false,"_genesis_hide_singular_image":false,"_genesis_hide_footer_widgets":false,"_genesis_custom_body_class":"","_genesis_custom_post_class":"","_genesis_layout":""},"product_brand":[],"product_cat":[1668,1736,1728,1730,1664],"product_tag":[],"class_list":{"0":"post-13506","1":"product","2":"type-product","3":"status-publish","4":"has-post-thumbnail","6":"product_cat-patisseries-gaufrettes","7":"product_cat-produits-de-confiserie-et-de-boulangerie-emballes","8":"product_cat-boutique-en-ligne","9":"product_cat-distributeurs","10":"product_cat-confiserie-boulangerie","11":"entry","13":"first","14":"instock","15":"shipping-taxable","16":"purchasable","17":"product-type-simple"},"acf":[],"df_price":29.35,"df_sale_price":"","df_regular_price":29.35,"df_image_link":"https:\/\/lapasion.es\/wp-content\/uploads\/2017\/10\/2353-300x300.jpg","uagb_featured_image_src":{"full":["https:\/\/lapasion.es\/wp-content\/uploads\/2017\/10\/2353.jpg",482,482,false],"thumbnail":["https:\/\/lapasion.es\/wp-content\/uploads\/2017\/10\/2353-150x150.jpg",150,150,true],"medium":["https:\/\/lapasion.es\/wp-content\/uploads\/2017\/10\/2353-300x300.jpg",300,300,true],"medium_large":["https:\/\/lapasion.es\/wp-content\/uploads\/2017\/10\/2353.jpg",482,482,false],"large":["https:\/\/lapasion.es\/wp-content\/uploads\/2017\/10\/2353.jpg",482,482,false],"1536x1536":["https:\/\/lapasion.es\/wp-content\/uploads\/2017\/10\/2353.jpg",482,482,false],"2048x2048":["https:\/\/lapasion.es\/wp-content\/uploads\/2017\/10\/2353.jpg",482,482,false],"gur_featured_image":["https:\/\/lapasion.es\/wp-content\/uploads\/2017\/10\/2353.jpg",482,482,false],"gur_blog_thumbnail":["https:\/\/lapasion.es\/wp-content\/uploads\/2017\/10\/2353.jpg",482,482,false],"woocommerce_thumbnail":["https:\/\/lapasion.es\/wp-content\/uploads\/2017\/10\/2353.jpg",482,482,false],"woocommerce_single":["https:\/\/lapasion.es\/wp-content\/uploads\/2017\/10\/2353.jpg",482,482,false],"woocommerce_gallery_thumbnail":["https:\/\/lapasion.es\/wp-content\/uploads\/2017\/10\/2353-100x100.jpg",100,100,true]},"uagb_author_info":{"display_name":"incaelum","author_link":"https:\/\/lapasion.es\/fr\/author\/"},"uagb_comment_info":0,"uagb_excerpt":"Les PALADARES DE COCO de Lapasi\u00f3n sont de fines et rondes biscuits au go\u00fbt de noix de coco. Super croustillants et d\u00e9licieux. PR\u00c9SENTATION | Plateau de 150 x 12 paquets | Total de 1,8 kg.","_links":{"self":[{"href":"https:\/\/lapasion.es\/fr\/wp-json\/wp\/v2\/product\/13506","targetHints":{"allow":["GET"]}}],"collection":[{"href":"https:\/\/lapasion.es\/fr\/wp-json\/wp\/v2\/product"}],"about":[{"href":"https:\/\/lapasion.es\/fr\/wp-json\/wp\/v2\/types\/product"}],"wp:featuredmedia":[{"embeddable":true,"href":"https:\/\/lapasion.es\/fr\/wp-json\/wp\/v2\/media\/9940"}],"wp:attachment":[{"href":"https:\/\/lapasion.es\/fr\/wp-json\/wp\/v2\/media?parent=13506"}],"wp:term":[{"taxonomy":"product_brand","embeddable":true,"href":"https:\/\/lapasion.es\/fr\/wp-json\/wp\/v2\/product_brand?post=13506"},{"taxonomy":"product_cat","embeddable":true,"href":"https:\/\/lapasion.es\/fr\/wp-json\/wp\/v2\/product_cat?post=13506"},{"taxonomy":"product_tag","embeddable":true,"href":"https:\/\/lapasion.es\/fr\/wp-json\/wp\/v2\/product_tag?post=13506"}],"curies":[{"name":"wp","href":"https:\/\/api.w.org\/{rel}","templated":true}]}}