{"id":13504,"date":"2017-09-13T10:33:49","date_gmt":"2017-09-13T10:33:49","guid":{"rendered":"https:\/\/lapasion.es\/producto\/suaves-chocochips\/"},"modified":"2024-11-15T11:27:41","modified_gmt":"2024-11-15T09:27:41","slug":"suaves-chocochips","status":"publish","type":"product","link":"https:\/\/lapasion.es\/fr\/produit\/suaves-chocochips\/","title":{"rendered":"Cupcakes moelleux avec p\u00e9pites | 250g x 10 paquets"},"content":{"rendered":"<p>Farine de <strong>BL\u00c9<\/strong>, sucre, eau, huiles de tournesol et de soja en proportions variables, <strong>OEUFS<\/strong>, sirop (sucre, eau et acide citrique), lactos\u00e9rum <strong>LAITIER<\/strong>, poudres \u00e0 lever (Diphosphate disodique et bicarbonate de sodium), graines (1%) [Sucre, mati\u00e8re grasse enti\u00e8rement v\u00e9g\u00e9tal hydrog\u00e9n\u00e9 (palmiste), poudre de cacao d\u00e9graiss\u00e9, huile v\u00e9g\u00e9tale (tournesol), \u00e9mulsifiant (l\u00e9cithine de <strong>SOJA<\/strong>), ar\u00f4me naturel de vanille], humectant (glyc\u00e9rine), conservateur (sorbate de potassium), acidifiant (acide citrique), ar\u00f4mes (citron et chocolat), sel et xanthane gomme. <strong>Il peut contenir des traces de sulfites, de s\u00e9same, de fruits \u00e0 coque et de moutarde<\/strong>.<\/p>\n","protected":false},"excerpt":{"rendered":"<p>Les SUAVES CHIPS de Lapasi\u00f3n sont des muffins doux et moelleux avec des p\u00e9pites. P\u00e2tisserie maison et traditionnelle. Id\u00e9al pour le petit d\u00e9jeuner, le d\u00e9jeuner, le go\u00fbter ou le dessert. PR\u00c9SENTATION | Plateau de 250g x 10 paquets | Total 2,5Kg.<\/p>\n","protected":false},"featured_media":23620,"template":"","meta":{"_acf_changed":false,"_uag_custom_page_level_css":"","_genesis_hide_title":false,"_genesis_hide_breadcrumbs":false,"_genesis_hide_singular_image":false,"_genesis_hide_footer_widgets":false,"_genesis_custom_body_class":"","_genesis_custom_post_class":"","_genesis_layout":""},"product_brand":[],"product_cat":[1736,1728,1730,1666,1664],"product_tag":[],"class_list":{"0":"post-13504","1":"product","2":"type-product","3":"status-publish","4":"has-post-thumbnail","6":"product_cat-produits-de-confiserie-et-de-boulangerie-emballes","7":"product_cat-boutique-en-ligne","8":"product_cat-distributeurs","9":"product_cat-muffins-sobaos","10":"product_cat-confiserie-boulangerie","11":"entry","13":"first","14":"instock","15":"shipping-taxable","16":"purchasable","17":"product-type-simple"},"acf":[],"df_price":24.9,"df_sale_price":"","df_regular_price":24.9,"df_image_link":"https:\/\/lapasion.es\/wp-content\/uploads\/2017\/09\/suaves-chocochips-300x300.jpg","uagb_featured_image_src":{"full":["https:\/\/lapasion.es\/wp-content\/uploads\/2017\/09\/suaves-chocochips.jpg",600,600,false],"thumbnail":["https:\/\/lapasion.es\/wp-content\/uploads\/2017\/09\/suaves-chocochips-150x150.jpg",150,150,true],"medium":["https:\/\/lapasion.es\/wp-content\/uploads\/2017\/09\/suaves-chocochips-300x300.jpg",300,300,true],"medium_large":["https:\/\/lapasion.es\/wp-content\/uploads\/2017\/09\/suaves-chocochips.jpg",600,600,false],"large":["https:\/\/lapasion.es\/wp-content\/uploads\/2017\/09\/suaves-chocochips.jpg",600,600,false],"1536x1536":["https:\/\/lapasion.es\/wp-content\/uploads\/2017\/09\/suaves-chocochips.jpg",600,600,false],"2048x2048":["https:\/\/lapasion.es\/wp-content\/uploads\/2017\/09\/suaves-chocochips.jpg",600,600,false],"gur_featured_image":["https:\/\/lapasion.es\/wp-content\/uploads\/2017\/09\/suaves-chocochips.jpg",600,600,false],"gur_blog_thumbnail":["https:\/\/lapasion.es\/wp-content\/uploads\/2017\/09\/suaves-chocochips-500x500.jpg",500,500,true],"woocommerce_thumbnail":["https:\/\/lapasion.es\/wp-content\/uploads\/2017\/09\/suaves-chocochips-500x500.jpg",500,500,true],"woocommerce_single":["https:\/\/lapasion.es\/wp-content\/uploads\/2017\/09\/suaves-chocochips.jpg",600,600,false],"woocommerce_gallery_thumbnail":["https:\/\/lapasion.es\/wp-content\/uploads\/2017\/09\/suaves-chocochips-100x100.jpg",100,100,true]},"uagb_author_info":{"display_name":"incaelum","author_link":"https:\/\/lapasion.es\/fr\/author\/"},"uagb_comment_info":0,"uagb_excerpt":"Les SUAVES CHIPS de Lapasi\u00f3n sont des muffins doux et moelleux avec des p\u00e9pites. P\u00e2tisserie maison et traditionnelle. Id\u00e9al pour le petit d\u00e9jeuner, le d\u00e9jeuner, le go\u00fbter ou le dessert. PR\u00c9SENTATION | Plateau de 250g x 10 paquets | Total 2,5Kg.","_links":{"self":[{"href":"https:\/\/lapasion.es\/fr\/wp-json\/wp\/v2\/product\/13504","targetHints":{"allow":["GET"]}}],"collection":[{"href":"https:\/\/lapasion.es\/fr\/wp-json\/wp\/v2\/product"}],"about":[{"href":"https:\/\/lapasion.es\/fr\/wp-json\/wp\/v2\/types\/product"}],"wp:featuredmedia":[{"embeddable":true,"href":"https:\/\/lapasion.es\/fr\/wp-json\/wp\/v2\/media\/23620"}],"wp:attachment":[{"href":"https:\/\/lapasion.es\/fr\/wp-json\/wp\/v2\/media?parent=13504"}],"wp:term":[{"taxonomy":"product_brand","embeddable":true,"href":"https:\/\/lapasion.es\/fr\/wp-json\/wp\/v2\/product_brand?post=13504"},{"taxonomy":"product_cat","embeddable":true,"href":"https:\/\/lapasion.es\/fr\/wp-json\/wp\/v2\/product_cat?post=13504"},{"taxonomy":"product_tag","embeddable":true,"href":"https:\/\/lapasion.es\/fr\/wp-json\/wp\/v2\/product_tag?post=13504"}],"curies":[{"name":"wp","href":"https:\/\/api.w.org\/{rel}","templated":true}]}}