{"id":13498,"date":"2018-01-05T11:30:11","date_gmt":"2018-01-05T11:30:11","guid":{"rendered":"https:\/\/lapasion.es\/producto\/higo-trufado-env\/"},"modified":"2024-10-08T19:01:11","modified_gmt":"2024-10-08T17:01:11","slug":"higo-trufado-env","status":"publish","type":"product","link":"https:\/\/lapasion.es\/fr\/produit\/higo-trufado-env\/","title":{"rendered":"Bonbon aux Figues farcies \u00e0 la Truffe au Chocolat | 2.5 Kg"},"content":{"rendered":"<p>Figues s\u00e9ch\u00e9es (50%), couverture de chocolat noir (35%) (p\u00e2te de cacao, sucre, beurre de cacao, \u00e9mulsifiant : l\u00e9cithine de <strong>soja<\/strong> et ar\u00f4me naturel de vanille) et garniture truff\u00e9e \u00e0 la liqueur (15%) (sucre, p\u00e2te de cacao, beurre de cacao, <strong>lait<\/strong> entier en poudre (3%), liqueur (cointreau 3%), l\u00e9cithine de <strong>soja<\/strong> et ar\u00f4me de vanille). Cacao minimum 57% dans le chocolat.<\/p>\n","protected":false},"excerpt":{"rendered":"<p><strong>QUALIT\u00c9 SUPR\u00caME | HIGOS Lapasion <\/strong>sont d\u00e9licieuses et d\u00e9licates figues farcies \u00e0 la truffe au chocolat enrob\u00e9es de chocolat. Le produit est obtenu en \u00e9laborant une truffe au chocolat, que l&rsquo;on injecte dans une figue s\u00e8che que l\u00b4on enrobe ensuite de chocolat. Go\u00fbt sucr\u00e9 typique, odeur et texture typiques du fruit au chocolat.<\/p>\n<p><strong>MOMENT ID\u00c9AL <\/strong><strong>|<\/strong> Ideal pour dessert, pause caf\u00e9 ou snack.<\/p>\n<p><strong>PRESENTATION<\/strong> |Envelopp\u00e9s individuallement, dans un colis de 2.5 Kg<\/p>\n<p><strong>FAIT EN ESPAGNE<\/strong> | Ce produit est fait en Espagne.<\/p>\n<p><strong>DLU ET CONSERVATION<\/strong> | 24 moins | Et Conserver dans un endroit frais, sec, et \u00e0 l\u2019abri du soleil.<\/p>\n","protected":false},"featured_media":21795,"template":"","meta":{"_acf_changed":false,"_uag_custom_page_level_css":"","_genesis_hide_title":false,"_genesis_hide_breadcrumbs":false,"_genesis_hide_singular_image":false,"_genesis_hide_footer_widgets":false,"_genesis_custom_body_class":"","_genesis_custom_post_class":"","_genesis_layout":""},"product_brand":[],"product_cat":[1728,1671,1745,1730,1672],"product_tag":[],"class_list":{"0":"post-13498","1":"product","2":"type-product","3":"status-publish","4":"has-post-thumbnail","6":"product_cat-boutique-en-ligne","7":"product_cat-chocolat-gourmet","8":"product_cat-confiseries-de-noel-emballees-fr","9":"product_cat-distributeurs","10":"product_cat-fruits-confits-au-chocolat","11":"entry","13":"first","14":"instock","15":"shipping-taxable","16":"purchasable","17":"product-type-variable"},"acf":[],"df_price":40.61,"df_sale_price":"","df_regular_price":40.61,"df_image_link":"https:\/\/lapasion.es\/wp-content\/uploads\/2025\/10\/Higos-Trufados-3-300x300.jpg","uagb_featured_image_src":{"full":["https:\/\/lapasion.es\/wp-content\/uploads\/2025\/10\/Higos-Trufados-3.jpg",500,500,false],"thumbnail":["https:\/\/lapasion.es\/wp-content\/uploads\/2025\/10\/Higos-Trufados-3-150x150.jpg",150,150,true],"medium":["https:\/\/lapasion.es\/wp-content\/uploads\/2025\/10\/Higos-Trufados-3-300x300.jpg",300,300,true],"medium_large":["https:\/\/lapasion.es\/wp-content\/uploads\/2025\/10\/Higos-Trufados-3.jpg",500,500,false],"large":["https:\/\/lapasion.es\/wp-content\/uploads\/2025\/10\/Higos-Trufados-3.jpg",500,500,false],"1536x1536":["https:\/\/lapasion.es\/wp-content\/uploads\/2025\/10\/Higos-Trufados-3.jpg",500,500,false],"2048x2048":["https:\/\/lapasion.es\/wp-content\/uploads\/2025\/10\/Higos-Trufados-3.jpg",500,500,false],"gur_featured_image":["https:\/\/lapasion.es\/wp-content\/uploads\/2025\/10\/Higos-Trufados-3.jpg",500,500,false],"gur_blog_thumbnail":["https:\/\/lapasion.es\/wp-content\/uploads\/2025\/10\/Higos-Trufados-3.jpg",500,500,false],"woocommerce_thumbnail":["https:\/\/lapasion.es\/wp-content\/uploads\/2025\/10\/Higos-Trufados-3.jpg",500,500,false],"woocommerce_single":["https:\/\/lapasion.es\/wp-content\/uploads\/2025\/10\/Higos-Trufados-3.jpg",500,500,false],"woocommerce_gallery_thumbnail":["https:\/\/lapasion.es\/wp-content\/uploads\/2025\/10\/Higos-Trufados-3-100x100.jpg",100,100,true]},"uagb_author_info":{"display_name":"incaelum","author_link":"https:\/\/lapasion.es\/fr\/author\/"},"uagb_comment_info":0,"uagb_excerpt":"QUALIT\u00c9 SUPR\u00caME | HIGOS Lapasion sont d\u00e9licieuses et d\u00e9licates figues farcies \u00e0 la truffe au chocolat enrob\u00e9es de chocolat. Le produit est obtenu en \u00e9laborant une truffe au chocolat, que l'on injecte dans une figue s\u00e8che que l\u00b4on enrobe ensuite de chocolat. Go\u00fbt sucr\u00e9 typique, odeur et texture typiques du fruit au chocolat. MOMENT ID\u00c9AL\u2026","_links":{"self":[{"href":"https:\/\/lapasion.es\/fr\/wp-json\/wp\/v2\/product\/13498","targetHints":{"allow":["GET"]}}],"collection":[{"href":"https:\/\/lapasion.es\/fr\/wp-json\/wp\/v2\/product"}],"about":[{"href":"https:\/\/lapasion.es\/fr\/wp-json\/wp\/v2\/types\/product"}],"wp:featuredmedia":[{"embeddable":true,"href":"https:\/\/lapasion.es\/fr\/wp-json\/wp\/v2\/media\/21795"}],"wp:attachment":[{"href":"https:\/\/lapasion.es\/fr\/wp-json\/wp\/v2\/media?parent=13498"}],"wp:term":[{"taxonomy":"product_brand","embeddable":true,"href":"https:\/\/lapasion.es\/fr\/wp-json\/wp\/v2\/product_brand?post=13498"},{"taxonomy":"product_cat","embeddable":true,"href":"https:\/\/lapasion.es\/fr\/wp-json\/wp\/v2\/product_cat?post=13498"},{"taxonomy":"product_tag","embeddable":true,"href":"https:\/\/lapasion.es\/fr\/wp-json\/wp\/v2\/product_tag?post=13498"}],"curies":[{"name":"wp","href":"https:\/\/api.w.org\/{rel}","templated":true}]}}