{"id":13494,"date":"2018-02-06T13:05:43","date_gmt":"2018-02-06T13:05:43","guid":{"rendered":"https:\/\/lapasion.es\/producto\/coc-manzana-400g\/"},"modified":"2024-10-08T13:27:43","modified_gmt":"2024-10-08T11:27:43","slug":"coc-manzana-400g","status":"publish","type":"product","link":"https:\/\/lapasion.es\/fr\/produit\/coc-manzana-400g\/","title":{"rendered":"Gate\u00e2u Coc aux Pommes | 400g x 6 paquets"},"content":{"rendered":"<p>Farine de <strong>BL\u00c9<\/strong>, sucre, huile v\u00e9g\u00e9tale de tournesol et <strong>SOJA<\/strong> en proportion variable, <strong>\u0152UF<\/strong> pasteuris\u00e9, pomme fra\u00eeche (10%), pomme confite (7%) (pomme, sirop de glucose, sucre, acidifiant (E330), conservateur (E202), sucre inverti, g\u00e9lifiants (carragh\u00e9nanes et gomme xanthane), agents levants (carbonate acide de sodium et diphosphate disodique), prot\u00e9ine de <strong>LAIT<\/strong>, humectants (sorbitol et glyc\u00e9rol), acidifiant (acide citrique), conservateurs (acide sorbique, sorbate de potassium et propionate de sorbate), sel, ar\u00f4me (pomme et beurre), colorant (carot\u00e8ne). <strong><span class=\"Y2IQFc\" lang=\"fr\">Peut contenir des traces de fruits \u00e0 coque.<\/span><\/strong><\/p>\n","protected":false},"excerpt":{"rendered":"<p style=\"text-align: left;\"><strong>QUALIT\u00c9 SUPR\u00caME<\/strong> | G\u00e2teau aux pommes avec une p\u00e2te dor\u00e9e et une garniture de pommes confites \u00e0 l\u00b4int\u00e9rieur, d\u00e9cor\u00e9 de tranches de pommes fra\u00eeches et recouvert de gel\u00e9e.<\/p>\n<div class=\"woocommerce-product-details__short-description\">\n<p><strong>MOMENT PARFAIT<\/strong> | Id\u00e9al pour les desserts, snack et petit dejeuner.<\/p>\n<p><strong>PR\u00c9SENTATION<\/strong> | 400g x 6 paquets | Total 2,4 kg.<\/p>\n<p><strong>PRODUITS EN ESPAGNE<\/strong> | Ces bonbons sont produits en Espagne.<\/p>\n<p><strong>DLU ET CONSERVATION<\/strong> | \u00a0Consommation privil\u00e9gi\u00e9e dans les 5 mois suivant sa fabrication. Conservez-le dans un endroit frais et sec et prot\u00e9gez-le du soleil.<\/p>\n<\/div>\n","protected":false},"featured_media":12304,"template":"","meta":{"_acf_changed":false,"_uag_custom_page_level_css":"","_genesis_hide_title":false,"_genesis_hide_breadcrumbs":false,"_genesis_hide_singular_image":false,"_genesis_hide_footer_widgets":false,"_genesis_custom_body_class":"","_genesis_custom_post_class":"","_genesis_layout":""},"product_brand":[],"product_cat":[1728,1665,1664],"product_tag":[],"class_list":{"0":"post-13494","1":"product","2":"type-product","3":"status-publish","4":"has-post-thumbnail","6":"product_cat-boutique-en-ligne","7":"product_cat-biscuits-fr","8":"product_cat-confiserie-boulangerie","9":"entry","11":"first","12":"instock","13":"shipping-taxable","14":"purchasable","15":"product-type-simple"},"acf":[],"df_price":31.38,"df_sale_price":"","df_regular_price":31.38,"df_image_link":"https:\/\/lapasion.es\/wp-content\/uploads\/2018\/02\/002271-Coc-manzana-1-300x300.jpg","uagb_featured_image_src":{"full":["https:\/\/lapasion.es\/wp-content\/uploads\/2018\/02\/002271-Coc-manzana-1.jpg",500,500,false],"thumbnail":["https:\/\/lapasion.es\/wp-content\/uploads\/2018\/02\/002271-Coc-manzana-1-150x150.jpg",150,150,true],"medium":["https:\/\/lapasion.es\/wp-content\/uploads\/2018\/02\/002271-Coc-manzana-1-300x300.jpg",300,300,true],"medium_large":["https:\/\/lapasion.es\/wp-content\/uploads\/2018\/02\/002271-Coc-manzana-1.jpg",500,500,false],"large":["https:\/\/lapasion.es\/wp-content\/uploads\/2018\/02\/002271-Coc-manzana-1.jpg",500,500,false],"1536x1536":["https:\/\/lapasion.es\/wp-content\/uploads\/2018\/02\/002271-Coc-manzana-1.jpg",500,500,false],"2048x2048":["https:\/\/lapasion.es\/wp-content\/uploads\/2018\/02\/002271-Coc-manzana-1.jpg",500,500,false],"gur_featured_image":["https:\/\/lapasion.es\/wp-content\/uploads\/2018\/02\/002271-Coc-manzana-1.jpg",500,500,false],"gur_blog_thumbnail":["https:\/\/lapasion.es\/wp-content\/uploads\/2018\/02\/002271-Coc-manzana-1.jpg",500,500,false],"woocommerce_thumbnail":["https:\/\/lapasion.es\/wp-content\/uploads\/2018\/02\/002271-Coc-manzana-1.jpg",500,500,false],"woocommerce_single":["https:\/\/lapasion.es\/wp-content\/uploads\/2018\/02\/002271-Coc-manzana-1.jpg",500,500,false],"woocommerce_gallery_thumbnail":["https:\/\/lapasion.es\/wp-content\/uploads\/2018\/02\/002271-Coc-manzana-1-100x100.jpg",100,100,true]},"uagb_author_info":{"display_name":"incaelum","author_link":"https:\/\/lapasion.es\/fr\/author\/"},"uagb_comment_info":0,"uagb_excerpt":"QUALIT\u00c9 SUPR\u00caME | G\u00e2teau aux pommes avec une p\u00e2te dor\u00e9e et une garniture de pommes confites \u00e0 l\u00b4int\u00e9rieur, d\u00e9cor\u00e9 de tranches de pommes fra\u00eeches et recouvert de gel\u00e9e. MOMENT PARFAIT | Id\u00e9al pour les desserts, snack et petit dejeuner. PR\u00c9SENTATION | 400g x 6 paquets | Total 2,4 kg. PRODUITS EN ESPAGNE | Ces bonbons\u2026","_links":{"self":[{"href":"https:\/\/lapasion.es\/fr\/wp-json\/wp\/v2\/product\/13494","targetHints":{"allow":["GET"]}}],"collection":[{"href":"https:\/\/lapasion.es\/fr\/wp-json\/wp\/v2\/product"}],"about":[{"href":"https:\/\/lapasion.es\/fr\/wp-json\/wp\/v2\/types\/product"}],"wp:featuredmedia":[{"embeddable":true,"href":"https:\/\/lapasion.es\/fr\/wp-json\/wp\/v2\/media\/12304"}],"wp:attachment":[{"href":"https:\/\/lapasion.es\/fr\/wp-json\/wp\/v2\/media?parent=13494"}],"wp:term":[{"taxonomy":"product_brand","embeddable":true,"href":"https:\/\/lapasion.es\/fr\/wp-json\/wp\/v2\/product_brand?post=13494"},{"taxonomy":"product_cat","embeddable":true,"href":"https:\/\/lapasion.es\/fr\/wp-json\/wp\/v2\/product_cat?post=13494"},{"taxonomy":"product_tag","embeddable":true,"href":"https:\/\/lapasion.es\/fr\/wp-json\/wp\/v2\/product_tag?post=13494"}],"curies":[{"name":"wp","href":"https:\/\/api.w.org\/{rel}","templated":true}]}}