{"id":13488,"date":"2018-07-09T09:13:32","date_gmt":"2018-07-09T09:13:32","guid":{"rendered":"https:\/\/lapasion.es\/producto\/galleta-7-cereales-integral-con-edulcorante\/"},"modified":"2025-03-12T15:48:01","modified_gmt":"2025-03-12T13:48:01","slug":"galleta-7-cereales-integral-con-edulcorante","status":"publish","type":"product","link":"https:\/\/lapasion.es\/fr\/produit\/galleta-7-cereales-integral-con-edulcorante\/","title":{"rendered":"7 C\u00e9r\u00e9ales Biscuit avec \u00e9dulcorant | 2 Kg"},"content":{"rendered":"<p>Avec \u00e9dulcorant. Ingr\u00e9dients : Farine de <strong>BL\u00c9<\/strong>, margarine** [graisse v\u00e9g\u00e9tale (palme) et huile v\u00e9g\u00e9tale (tournesol), eau, sel, \u00e9mulsifiants (E471 et E322 (tournesol)), acidulant (E330), conservateur (E200), ar\u00f4mes, antioxydants (E304i et E306) et colorant (E160a)], graines de c\u00e9r\u00e9ales (13,1%) [Pipes tournesol, graines de lin brun, graines de lin dor\u00e9, graines de sarrasin, graines de millet jaune, graines de pavot, graines de courge et graines de chia], \u00e9dulcorant : maltitol* (14,1%), <strong>\u0152UF<\/strong> liquide pasteuris\u00e9, eau, extrait de malt <strong>d&rsquo;ORGE<\/strong>, poudres \u00e0 lever : bicarbonate de sodium et d&rsquo;ammonium, sel et ar\u00f4mes. <strong>Peut contenir des traces de fruits \u00e0 coque, de<\/strong> <strong>lait, de soja et d&rsquo;arachides.<\/strong><\/p>\n<p><strong>\u00a0<\/strong><\/p>\n<p>*Une consommation excessive peut produire des effets laxatifs.<\/p>\n<p>&nbsp;<\/p>\n<p>**Selon disponibilit\u00e9 : margarine [huiles et graisses v\u00e9g\u00e9tales (palme, soja, coco, colza, tournesol en proportions variables) ; eau, \u00e9mulsifiants : l\u00e9cithines, E471 ; acidulant : acide citrique ; conservateur : E202, ar\u00f4mes ; colorant : carot\u00e8nes]<\/p>\n","protected":false},"excerpt":{"rendered":"<p>Croustillants biscuits avec des c\u00e9r\u00e9ales sur le dessus. Profitez d\u00e8s maintenant de ces doux biscuits avec \u00e9dulcorant. QUALIT\u00c9 SUPR\u00caME | P\u00e2tisserie de qualit\u00e9 id\u00e9ale pour les petits d\u00e9jeuners, les d\u00e9jeuners et les collations. Servi en bo\u00eetes de 2 kg.<\/p>\n","protected":false},"featured_media":10636,"template":"","meta":{"_acf_changed":false,"_uag_custom_page_level_css":"","_genesis_hide_title":false,"_genesis_hide_breadcrumbs":false,"_genesis_hide_singular_image":false,"_genesis_hide_footer_widgets":false,"_genesis_custom_body_class":"","_genesis_custom_post_class":"","_genesis_layout":""},"product_brand":[],"product_cat":[1668,1728,1730,1664],"product_tag":[1688],"class_list":{"0":"post-13488","1":"product","2":"type-product","3":"status-publish","4":"has-post-thumbnail","6":"product_cat-patisseries-gaufrettes","7":"product_cat-boutique-en-ligne","8":"product_cat-distributeurs","9":"product_cat-confiserie-boulangerie","10":"product_tag-patisseries-sans-sucre","11":"entry","13":"first","14":"instock","15":"shipping-taxable","16":"purchasable","17":"product-type-simple"},"acf":[],"df_price":26.92,"df_sale_price":"","df_regular_price":26.92,"df_image_link":"https:\/\/lapasion.es\/wp-content\/uploads\/2018\/07\/Galletas-7-cereales-con-edulcorante-300x300.jpg","uagb_featured_image_src":{"full":["https:\/\/lapasion.es\/wp-content\/uploads\/2018\/07\/Galletas-7-cereales-con-edulcorante.jpg",500,500,false],"thumbnail":["https:\/\/lapasion.es\/wp-content\/uploads\/2018\/07\/Galletas-7-cereales-con-edulcorante-150x150.jpg",150,150,true],"medium":["https:\/\/lapasion.es\/wp-content\/uploads\/2018\/07\/Galletas-7-cereales-con-edulcorante-300x300.jpg",300,300,true],"medium_large":["https:\/\/lapasion.es\/wp-content\/uploads\/2018\/07\/Galletas-7-cereales-con-edulcorante.jpg",500,500,false],"large":["https:\/\/lapasion.es\/wp-content\/uploads\/2018\/07\/Galletas-7-cereales-con-edulcorante.jpg",500,500,false],"1536x1536":["https:\/\/lapasion.es\/wp-content\/uploads\/2018\/07\/Galletas-7-cereales-con-edulcorante.jpg",500,500,false],"2048x2048":["https:\/\/lapasion.es\/wp-content\/uploads\/2018\/07\/Galletas-7-cereales-con-edulcorante.jpg",500,500,false],"gur_featured_image":["https:\/\/lapasion.es\/wp-content\/uploads\/2018\/07\/Galletas-7-cereales-con-edulcorante.jpg",500,500,false],"gur_blog_thumbnail":["https:\/\/lapasion.es\/wp-content\/uploads\/2018\/07\/Galletas-7-cereales-con-edulcorante.jpg",500,500,false],"woocommerce_thumbnail":["https:\/\/lapasion.es\/wp-content\/uploads\/2018\/07\/Galletas-7-cereales-con-edulcorante.jpg",500,500,false],"woocommerce_single":["https:\/\/lapasion.es\/wp-content\/uploads\/2018\/07\/Galletas-7-cereales-con-edulcorante.jpg",500,500,false],"woocommerce_gallery_thumbnail":["https:\/\/lapasion.es\/wp-content\/uploads\/2018\/07\/Galletas-7-cereales-con-edulcorante-100x100.jpg",100,100,true]},"uagb_author_info":{"display_name":"incaelum","author_link":"https:\/\/lapasion.es\/fr\/author\/"},"uagb_comment_info":0,"uagb_excerpt":"Croustillants biscuits avec des c\u00e9r\u00e9ales sur le dessus. Profitez d\u00e8s maintenant de ces doux biscuits avec \u00e9dulcorant. QUALIT\u00c9 SUPR\u00caME | P\u00e2tisserie de qualit\u00e9 id\u00e9ale pour les petits d\u00e9jeuners, les d\u00e9jeuners et les collations. Servi en bo\u00eetes de 2 kg.","_links":{"self":[{"href":"https:\/\/lapasion.es\/fr\/wp-json\/wp\/v2\/product\/13488","targetHints":{"allow":["GET"]}}],"collection":[{"href":"https:\/\/lapasion.es\/fr\/wp-json\/wp\/v2\/product"}],"about":[{"href":"https:\/\/lapasion.es\/fr\/wp-json\/wp\/v2\/types\/product"}],"wp:featuredmedia":[{"embeddable":true,"href":"https:\/\/lapasion.es\/fr\/wp-json\/wp\/v2\/media\/10636"}],"wp:attachment":[{"href":"https:\/\/lapasion.es\/fr\/wp-json\/wp\/v2\/media?parent=13488"}],"wp:term":[{"taxonomy":"product_brand","embeddable":true,"href":"https:\/\/lapasion.es\/fr\/wp-json\/wp\/v2\/product_brand?post=13488"},{"taxonomy":"product_cat","embeddable":true,"href":"https:\/\/lapasion.es\/fr\/wp-json\/wp\/v2\/product_cat?post=13488"},{"taxonomy":"product_tag","embeddable":true,"href":"https:\/\/lapasion.es\/fr\/wp-json\/wp\/v2\/product_tag?post=13488"}],"curies":[{"name":"wp","href":"https:\/\/api.w.org\/{rel}","templated":true}]}}