{"id":13486,"date":"2018-07-13T10:52:38","date_gmt":"2018-07-13T10:52:38","guid":{"rendered":"https:\/\/lapasion.es\/producto\/pasta-almendra-edulcorante-env\/"},"modified":"2024-10-08T17:11:41","modified_gmt":"2024-10-08T15:11:41","slug":"biscuit-amandes-avec-edulcorant-emb","status":"publish","type":"product","link":"https:\/\/lapasion.es\/fr\/produit\/biscuit-amandes-avec-edulcorant-emb\/","title":{"rendered":"P\u00e2tes d\u00b4amandes avec \u00e9dulcorant | 2,5 Kg"},"content":{"rendered":"<p>Farine de <strong>BL\u00c9<\/strong>, saindoux de porc, son de <strong>BL\u00c9<\/strong> 1%, <strong>AMANDES<\/strong> 8%, \u00e9dulcorants (maltitol*), <strong>\u0152UF<\/strong> pasteuris\u00e9 (<strong>\u0152UF<\/strong>, conservateur (E202) et antioxydant (E330)), fibre de pois 3%, agents de levage : (E450i et E500II), prot\u00e9ine de <strong>LAIT<\/strong>, dextrose, huile v\u00e9g\u00e9tale (colza) et ar\u00f4mes.<\/p>\n","protected":false},"excerpt":{"rendered":"<p style=\"text-align: left;\"><strong>QUALIT\u00c9 SUPR\u00caME<\/strong> | Les P\u00c2TES D\u00b4AMANDE de Lapasion sont d\u00e9licieux biscuits ronds, d\u00e9cor\u00e9s d\u00b4amandes. De plus, sans sucre et avec une teneur \u00e9lev\u00e9e en fibres.<\/p>\n<div class=\"woocommerce-product-details__short-description\">\n<p><strong>MOMENT PARFAIT<\/strong> | Id\u00e9al pour les desserts, snack et petit dejeuner.<\/p>\n<p><strong>PR\u00c9SENTATION<\/strong> | envelopp\u00e9 individualement | Total 2.5 Kg<\/p>\n<p><strong>PRODUITS EN ESPAGNE<\/strong> | Ces bonbons sont produits en Espagne.<\/p>\n<p><strong>DLU ET CONSERVATION<\/strong> | \u00a0Consommation privil\u00e9gi\u00e9e dans les 12 mois suivant sa fabrication. Conservez-le dans un endroit frais et sec et prot\u00e9gez-le du soleil.<\/p>\n<\/div>\n","protected":false},"featured_media":12154,"template":"","meta":{"_acf_changed":false,"_uag_custom_page_level_css":"","_genesis_hide_title":false,"_genesis_hide_breadcrumbs":false,"_genesis_hide_singular_image":false,"_genesis_hide_footer_widgets":false,"_genesis_custom_body_class":"","_genesis_custom_post_class":"","_genesis_layout":""},"product_brand":[],"product_cat":[1668,1734,1728,1730,1664],"product_tag":[1688],"class_list":{"0":"post-13486","1":"product","2":"type-product","3":"status-publish","4":"has-post-thumbnail","6":"product_cat-patisseries-gaufrettes","7":"product_cat-produits-de-confiserie-et-de-boulangerie-en-vrac-emballes","8":"product_cat-boutique-en-ligne","9":"product_cat-distributeurs","10":"product_cat-confiserie-boulangerie","11":"product_tag-patisseries-sans-sucre","12":"entry","14":"first","15":"instock","16":"shipping-taxable","17":"purchasable","18":"product-type-simple"},"acf":[],"df_price":29.92,"df_sale_price":"","df_regular_price":29.92,"df_image_link":"https:\/\/lapasion.es\/wp-content\/uploads\/2018\/07\/004701-pasta-almendra-274x300.jpg","uagb_featured_image_src":{"full":["https:\/\/lapasion.es\/wp-content\/uploads\/2018\/07\/004701-pasta-almendra.jpg",1735,1901,false],"thumbnail":["https:\/\/lapasion.es\/wp-content\/uploads\/2018\/07\/004701-pasta-almendra-150x150.jpg",150,150,true],"medium":["https:\/\/lapasion.es\/wp-content\/uploads\/2018\/07\/004701-pasta-almendra-274x300.jpg",274,300,true],"medium_large":["https:\/\/lapasion.es\/wp-content\/uploads\/2018\/07\/004701-pasta-almendra-768x841.jpg",768,841,true],"large":["https:\/\/lapasion.es\/wp-content\/uploads\/2018\/07\/004701-pasta-almendra-935x1024.jpg",935,1024,true],"1536x1536":["https:\/\/lapasion.es\/wp-content\/uploads\/2018\/07\/004701-pasta-almendra-1402x1536.jpg",1402,1536,true],"2048x2048":["https:\/\/lapasion.es\/wp-content\/uploads\/2018\/07\/004701-pasta-almendra.jpg",1735,1901,false],"gur_featured_image":["https:\/\/lapasion.es\/wp-content\/uploads\/2018\/07\/004701-pasta-almendra.jpg",575,630,false],"gur_blog_thumbnail":["https:\/\/lapasion.es\/wp-content\/uploads\/2018\/07\/004701-pasta-almendra.jpg",456,500,false],"woocommerce_thumbnail":["https:\/\/lapasion.es\/wp-content\/uploads\/2018\/07\/004701-pasta-almendra-500x500.jpg",500,500,true],"woocommerce_single":["https:\/\/lapasion.es\/wp-content\/uploads\/2018\/07\/004701-pasta-almendra-655x718.jpg",655,718,true],"woocommerce_gallery_thumbnail":["https:\/\/lapasion.es\/wp-content\/uploads\/2018\/07\/004701-pasta-almendra-100x100.jpg",100,100,true]},"uagb_author_info":{"display_name":"incaelum","author_link":"https:\/\/lapasion.es\/fr\/author\/"},"uagb_comment_info":0,"uagb_excerpt":"QUALIT\u00c9 SUPR\u00caME | Les P\u00c2TES D\u00b4AMANDE de Lapasion sont d\u00e9licieux biscuits ronds, d\u00e9cor\u00e9s d\u00b4amandes. De plus, sans sucre et avec une teneur \u00e9lev\u00e9e en fibres. MOMENT PARFAIT | Id\u00e9al pour les desserts, snack et petit dejeuner. PR\u00c9SENTATION | envelopp\u00e9 individualement | Total 2.5 Kg PRODUITS EN ESPAGNE | Ces bonbons sont produits en Espagne. DLU\u2026","_links":{"self":[{"href":"https:\/\/lapasion.es\/fr\/wp-json\/wp\/v2\/product\/13486","targetHints":{"allow":["GET"]}}],"collection":[{"href":"https:\/\/lapasion.es\/fr\/wp-json\/wp\/v2\/product"}],"about":[{"href":"https:\/\/lapasion.es\/fr\/wp-json\/wp\/v2\/types\/product"}],"wp:featuredmedia":[{"embeddable":true,"href":"https:\/\/lapasion.es\/fr\/wp-json\/wp\/v2\/media\/12154"}],"wp:attachment":[{"href":"https:\/\/lapasion.es\/fr\/wp-json\/wp\/v2\/media?parent=13486"}],"wp:term":[{"taxonomy":"product_brand","embeddable":true,"href":"https:\/\/lapasion.es\/fr\/wp-json\/wp\/v2\/product_brand?post=13486"},{"taxonomy":"product_cat","embeddable":true,"href":"https:\/\/lapasion.es\/fr\/wp-json\/wp\/v2\/product_cat?post=13486"},{"taxonomy":"product_tag","embeddable":true,"href":"https:\/\/lapasion.es\/fr\/wp-json\/wp\/v2\/product_tag?post=13486"}],"curies":[{"name":"wp","href":"https:\/\/api.w.org\/{rel}","templated":true}]}}