{"id":13480,"date":"2018-10-01T10:58:49","date_gmt":"2018-10-01T08:58:49","guid":{"rendered":"https:\/\/lapasion.es\/producto\/pasioncico-blando-extra-env\/"},"modified":"2024-10-08T17:22:00","modified_gmt":"2024-10-08T15:22:00","slug":"pasioncico-blando-extra-env","status":"publish","type":"product","link":"https:\/\/lapasion.es\/fr\/produit\/pasioncico-blando-extra-env\/","title":{"rendered":"Pasioncico Doux | Nougat sp\u00e8cial avec Amandes Qualit\u00e9 Extra  | 2 Kg"},"content":{"rendered":"<p><strong>Amande<\/strong> (50%), sucre, sirop de glucose et fructose, miel, stabilisant (E-471) et blanc d\u00b4<strong>\u0153uf<\/strong>.<\/p>\n","protected":false},"excerpt":{"rendered":"<p><strong>QUALIT\u00c9 SUPR\u00caME<\/strong> | Produit de p\u00e2tisserie appel\u00e9 PASIONCICO DOUX. Le produit est obtenu en cuisant un m\u00e9lange de sucre, de sirop de glucose et de miel, puis en le m\u00e9langeant avec des amandes grill\u00e9es et en le cuisant \u00e0 nouveau. Go\u00fbt doux typique, odeur et texture typiques du nougat doux.<\/p>\n<p><strong>MOMENT PARFAIT<\/strong> | Id\u00e9al pour les desserts, snack et petit dejeuner.<\/p>\n<p><strong>PR\u00c9SENTATION | <\/strong>envelopp\u00e9 individuallement | Total 2 kg<\/p>\n<p><strong>PRODUITS EN ESPAGNE<\/strong> | Ces bonbons sont produits en Espagne.<\/p>\n<p><strong>DLU ET CONSERVATION<\/strong> | \u00a0Consommation privil\u00e9gi\u00e9e dans les 18 mois suivant sa fabrication. Conservez-le dans un endroit frais et sec et prot\u00e9gez-le du soleil.<\/p>\n","protected":false},"featured_media":22049,"template":"","meta":{"_acf_changed":false,"_uag_custom_page_level_css":"","_genesis_hide_title":false,"_genesis_hide_breadcrumbs":false,"_genesis_hide_singular_image":false,"_genesis_hide_footer_widgets":false,"_genesis_custom_body_class":"","_genesis_custom_post_class":"","_genesis_layout":""},"product_brand":[],"product_cat":[1728,1671,1745,1730,1677],"product_tag":[],"class_list":{"0":"post-13480","1":"product","2":"type-product","3":"status-publish","4":"has-post-thumbnail","6":"product_cat-boutique-en-ligne","7":"product_cat-chocolat-gourmet","8":"product_cat-confiseries-de-noel-emballees-fr","9":"product_cat-distributeurs","10":"product_cat-nougat-fr","11":"entry","13":"first","14":"instock","15":"shipping-taxable","16":"purchasable","17":"product-type-variable"},"acf":[],"df_price":53.95,"df_sale_price":"","df_regular_price":53.95,"df_image_link":"https:\/\/lapasion.es\/wp-content\/uploads\/2017\/09\/Caja-pasioncico-blando-suprema-sin-azucares-anadidos-300x300.jpg","uagb_featured_image_src":{"full":["https:\/\/lapasion.es\/wp-content\/uploads\/2017\/09\/Caja-pasioncico-blando-suprema-sin-azucares-anadidos.jpg",500,500,false],"thumbnail":["https:\/\/lapasion.es\/wp-content\/uploads\/2017\/09\/Caja-pasioncico-blando-suprema-sin-azucares-anadidos-150x150.jpg",150,150,true],"medium":["https:\/\/lapasion.es\/wp-content\/uploads\/2017\/09\/Caja-pasioncico-blando-suprema-sin-azucares-anadidos-300x300.jpg",300,300,true],"medium_large":["https:\/\/lapasion.es\/wp-content\/uploads\/2017\/09\/Caja-pasioncico-blando-suprema-sin-azucares-anadidos.jpg",500,500,false],"large":["https:\/\/lapasion.es\/wp-content\/uploads\/2017\/09\/Caja-pasioncico-blando-suprema-sin-azucares-anadidos.jpg",500,500,false],"1536x1536":["https:\/\/lapasion.es\/wp-content\/uploads\/2017\/09\/Caja-pasioncico-blando-suprema-sin-azucares-anadidos.jpg",500,500,false],"2048x2048":["https:\/\/lapasion.es\/wp-content\/uploads\/2017\/09\/Caja-pasioncico-blando-suprema-sin-azucares-anadidos.jpg",500,500,false],"gur_featured_image":["https:\/\/lapasion.es\/wp-content\/uploads\/2017\/09\/Caja-pasioncico-blando-suprema-sin-azucares-anadidos.jpg",500,500,false],"gur_blog_thumbnail":["https:\/\/lapasion.es\/wp-content\/uploads\/2017\/09\/Caja-pasioncico-blando-suprema-sin-azucares-anadidos.jpg",500,500,false],"woocommerce_thumbnail":["https:\/\/lapasion.es\/wp-content\/uploads\/2017\/09\/Caja-pasioncico-blando-suprema-sin-azucares-anadidos.jpg",500,500,false],"woocommerce_single":["https:\/\/lapasion.es\/wp-content\/uploads\/2017\/09\/Caja-pasioncico-blando-suprema-sin-azucares-anadidos.jpg",500,500,false],"woocommerce_gallery_thumbnail":["https:\/\/lapasion.es\/wp-content\/uploads\/2017\/09\/Caja-pasioncico-blando-suprema-sin-azucares-anadidos-100x100.jpg",100,100,true]},"uagb_author_info":{"display_name":"incaelum","author_link":"https:\/\/lapasion.es\/fr\/author\/"},"uagb_comment_info":0,"uagb_excerpt":"QUALIT\u00c9 SUPR\u00caME | Produit de p\u00e2tisserie appel\u00e9 PASIONCICO DOUX. Le produit est obtenu en cuisant un m\u00e9lange de sucre, de sirop de glucose et de miel, puis en le m\u00e9langeant avec des amandes grill\u00e9es et en le cuisant \u00e0 nouveau. Go\u00fbt doux typique, odeur et texture typiques du nougat doux. MOMENT PARFAIT | Id\u00e9al pour\u2026","_links":{"self":[{"href":"https:\/\/lapasion.es\/fr\/wp-json\/wp\/v2\/product\/13480","targetHints":{"allow":["GET"]}}],"collection":[{"href":"https:\/\/lapasion.es\/fr\/wp-json\/wp\/v2\/product"}],"about":[{"href":"https:\/\/lapasion.es\/fr\/wp-json\/wp\/v2\/types\/product"}],"wp:featuredmedia":[{"embeddable":true,"href":"https:\/\/lapasion.es\/fr\/wp-json\/wp\/v2\/media\/22049"}],"wp:attachment":[{"href":"https:\/\/lapasion.es\/fr\/wp-json\/wp\/v2\/media?parent=13480"}],"wp:term":[{"taxonomy":"product_brand","embeddable":true,"href":"https:\/\/lapasion.es\/fr\/wp-json\/wp\/v2\/product_brand?post=13480"},{"taxonomy":"product_cat","embeddable":true,"href":"https:\/\/lapasion.es\/fr\/wp-json\/wp\/v2\/product_cat?post=13480"},{"taxonomy":"product_tag","embeddable":true,"href":"https:\/\/lapasion.es\/fr\/wp-json\/wp\/v2\/product_tag?post=13480"}],"curies":[{"name":"wp","href":"https:\/\/api.w.org\/{rel}","templated":true}]}}