{"id":13474,"date":"2018-10-10T11:34:14","date_gmt":"2018-10-10T09:34:14","guid":{"rendered":"https:\/\/lapasion.es\/producto\/est-pie-frutas-de-aragon-150g\/"},"modified":"2024-10-08T18:55:17","modified_gmt":"2024-10-08T16:55:17","slug":"est-pie-frutas-de-aragon-150g","status":"publish","type":"product","link":"https:\/\/lapasion.es\/fr\/produit\/est-pie-frutas-de-aragon-150g\/","title":{"rendered":"Fruits d\u00b4Aragon  | Fruit confit au Chocolat | 150g x 10 \u00c9toiles"},"content":{"rendered":"<p>Fruits et l\u00e9gumes confits (65%) (Fruit ou l\u00e9gume, sucre, sirop de glucose et fructose, acidifiant (E-330) et conservateurs (E-202, E-223) (sulfites). Enrobage de chocolat (35%) (p\u00e2te de cacao, sucre, beurre de cacao, \u00e9mulsifiant : l\u00e9cithine de soja et ar\u00f4me naturel de vanille). Cacao : 57% minimum dans le chocolat.<\/p>\n","protected":false},"excerpt":{"rendered":"<p><strong>QUALIT\u00c9 SUPR\u00caME<\/strong> | \u00a0FRUITS D\u00b4ARAGON | Fruits confits au chocolat | Le produit est obtenu en confisant diff\u00e9rents fruits et l\u00e9gumes (citrouille, poire, orange, cerise et p\u00eache) puis en les trempant dans du chocolat. Go\u00fbt sucr\u00e9 typique, odeur et texture typiques des fruits confits au chocolat.<\/p>\n<p><strong>MOMENT PARFAIT<\/strong> | Id\u00e9al pour les desserts, snack et petit dejeuner.<\/p>\n<p><strong>PR\u00c9SENTATION | <\/strong>envelopp\u00e9 individuallement dans un \u00e9toile x 10 \u00e9toiles | Total 1.20 Kg<\/p>\n<p><strong>PRODUITS EN ESPAGNE<\/strong> | Ces bonbons sont produits en Espagne.<\/p>\n<p><strong>DLU ET CONSERVATION<\/strong> | \u00a0Consommation privil\u00e9gi\u00e9e dans les 18 mois suivant sa fabrication. Conservez-le dans un endroit frais et sec et prot\u00e9gez-le du soleil.<\/p>\n","protected":false},"featured_media":21894,"template":"","meta":{"_acf_changed":false,"_uag_custom_page_level_css":"","_genesis_hide_title":false,"_genesis_hide_breadcrumbs":false,"_genesis_hide_singular_image":false,"_genesis_hide_footer_widgets":false,"_genesis_custom_body_class":"","_genesis_custom_post_class":"","_genesis_layout":""},"product_brand":[],"product_cat":[1728,1671,1743,1730,1672],"product_tag":[],"class_list":{"0":"post-13474","1":"product","2":"type-product","3":"status-publish","4":"has-post-thumbnail","6":"product_cat-boutique-en-ligne","7":"product_cat-chocolat-gourmet","8":"product_cat-confiseries-de-noel-emballees","9":"product_cat-distributeurs","10":"product_cat-fruits-confits-au-chocolat","11":"entry","13":"first","14":"instock","15":"shipping-taxable","16":"purchasable","17":"product-type-simple"},"acf":[],"df_price":30.33,"df_sale_price":"","df_regular_price":30.33,"df_image_link":"https:\/\/lapasion.es\/wp-content\/uploads\/2018\/10\/Bolsa-1-KG4-300x300.jpg","uagb_featured_image_src":{"full":["https:\/\/lapasion.es\/wp-content\/uploads\/2018\/10\/Bolsa-1-KG4.jpg",500,500,false],"thumbnail":["https:\/\/lapasion.es\/wp-content\/uploads\/2018\/10\/Bolsa-1-KG4-150x150.jpg",150,150,true],"medium":["https:\/\/lapasion.es\/wp-content\/uploads\/2018\/10\/Bolsa-1-KG4-300x300.jpg",300,300,true],"medium_large":["https:\/\/lapasion.es\/wp-content\/uploads\/2018\/10\/Bolsa-1-KG4.jpg",500,500,false],"large":["https:\/\/lapasion.es\/wp-content\/uploads\/2018\/10\/Bolsa-1-KG4.jpg",500,500,false],"1536x1536":["https:\/\/lapasion.es\/wp-content\/uploads\/2018\/10\/Bolsa-1-KG4.jpg",500,500,false],"2048x2048":["https:\/\/lapasion.es\/wp-content\/uploads\/2018\/10\/Bolsa-1-KG4.jpg",500,500,false],"gur_featured_image":["https:\/\/lapasion.es\/wp-content\/uploads\/2018\/10\/Bolsa-1-KG4.jpg",500,500,false],"gur_blog_thumbnail":["https:\/\/lapasion.es\/wp-content\/uploads\/2018\/10\/Bolsa-1-KG4.jpg",500,500,false],"woocommerce_thumbnail":["https:\/\/lapasion.es\/wp-content\/uploads\/2018\/10\/Bolsa-1-KG4.jpg",500,500,false],"woocommerce_single":["https:\/\/lapasion.es\/wp-content\/uploads\/2018\/10\/Bolsa-1-KG4.jpg",500,500,false],"woocommerce_gallery_thumbnail":["https:\/\/lapasion.es\/wp-content\/uploads\/2018\/10\/Bolsa-1-KG4-100x100.jpg",100,100,true]},"uagb_author_info":{"display_name":"incaelum","author_link":"https:\/\/lapasion.es\/fr\/author\/"},"uagb_comment_info":0,"uagb_excerpt":"QUALIT\u00c9 SUPR\u00caME | \u00a0FRUITS D\u00b4ARAGON | Fruits confits au chocolat | Le produit est obtenu en confisant diff\u00e9rents fruits et l\u00e9gumes (citrouille, poire, orange, cerise et p\u00eache) puis en les trempant dans du chocolat. Go\u00fbt sucr\u00e9 typique, odeur et texture typiques des fruits confits au chocolat. MOMENT PARFAIT | Id\u00e9al pour les desserts, snack et\u2026","_links":{"self":[{"href":"https:\/\/lapasion.es\/fr\/wp-json\/wp\/v2\/product\/13474","targetHints":{"allow":["GET"]}}],"collection":[{"href":"https:\/\/lapasion.es\/fr\/wp-json\/wp\/v2\/product"}],"about":[{"href":"https:\/\/lapasion.es\/fr\/wp-json\/wp\/v2\/types\/product"}],"wp:featuredmedia":[{"embeddable":true,"href":"https:\/\/lapasion.es\/fr\/wp-json\/wp\/v2\/media\/21894"}],"wp:attachment":[{"href":"https:\/\/lapasion.es\/fr\/wp-json\/wp\/v2\/media?parent=13474"}],"wp:term":[{"taxonomy":"product_brand","embeddable":true,"href":"https:\/\/lapasion.es\/fr\/wp-json\/wp\/v2\/product_brand?post=13474"},{"taxonomy":"product_cat","embeddable":true,"href":"https:\/\/lapasion.es\/fr\/wp-json\/wp\/v2\/product_cat?post=13474"},{"taxonomy":"product_tag","embeddable":true,"href":"https:\/\/lapasion.es\/fr\/wp-json\/wp\/v2\/product_tag?post=13474"}],"curies":[{"name":"wp","href":"https:\/\/api.w.org\/{rel}","templated":true}]}}