{"id":13472,"date":"2018-10-10T11:39:59","date_gmt":"2018-10-10T09:39:59","guid":{"rendered":"https:\/\/lapasion.es\/producto\/est-pie-guindas-al-licor-120g\/"},"modified":"2024-10-08T18:41:35","modified_gmt":"2024-10-08T16:41:35","slug":"est-pie-guindas-al-licor-120g","status":"publish","type":"product","link":"https:\/\/lapasion.es\/fr\/produit\/est-pie-guindas-al-licor-120g\/","title":{"rendered":"Cerises aigres \u00e0 la liqueur de chocolat | 120g x 10 \u00c9toiles"},"content":{"rendered":"<p>Cerise confite (50%) [cerises, sucre, sirop de glucose-fructose, liqueur (16,8%), acidifiant (E330), conservateurs (E202, E223 sulfite de sodium) et colorant (E127)]. Enrobage de chocolat (50%) [p\u00e2te de cacao, sucre, beurre de cacao, \u00e9mulsifiant (l\u00e9cithine de soja) et ar\u00f4me naturel de vanilline. Cacao (57%) minimum dans le chocolat.<\/p>\n","protected":false},"excerpt":{"rendered":"<p style=\"text-align: left;\"><strong>QUALIT\u00c9 SUPR\u00caME<\/strong> | Les CERISES \u00c0 L\u00b4ALCOOL de Lapasion sont Cerises confites \u00e0 l\u00b4alcool et au avec enrobage de delicieux chocolat.<\/p>\n<div class=\"woocommerce-product-details__short-description\">\n<p><strong>MOMENT PARFAIT<\/strong> | Id\u00e9al pour les desserts, snack et petit dejeuner.<\/p>\n<p><strong>PR\u00c9SENTATION<\/strong> | 120 g x 10 paquets | Total 1.2 kg<\/p>\n<p><strong>PRODUITS EN ESPAGNE<\/strong> | Ces bonbons sont produits en Espagne.<\/p>\n<p><strong>DLU ET CONSERVATION<\/strong> | \u00a0Consommation privil\u00e9gi\u00e9e dans les 9 mois suivant sa fabrication. Conservez-le dans un endroit frais et sec et prot\u00e9gez-le du soleil.<\/p>\n<\/div>\n","protected":false},"featured_media":22215,"template":"","meta":{"_acf_changed":false,"_uag_custom_page_level_css":"","_genesis_hide_title":false,"_genesis_hide_breadcrumbs":false,"_genesis_hide_singular_image":false,"_genesis_hide_footer_widgets":false,"_genesis_custom_body_class":"","_genesis_custom_post_class":"","_genesis_layout":""},"product_brand":[],"product_cat":[1728,1671,1743,1730,1672],"product_tag":[],"class_list":{"0":"post-13472","1":"product","2":"type-product","3":"status-publish","4":"has-post-thumbnail","6":"product_cat-boutique-en-ligne","7":"product_cat-chocolat-gourmet","8":"product_cat-confiseries-de-noel-emballees","9":"product_cat-distributeurs","10":"product_cat-fruits-confits-au-chocolat","11":"entry","13":"first","14":"instock","15":"shipping-taxable","16":"purchasable","17":"product-type-simple"},"acf":[],"df_price":29.29,"df_sale_price":"","df_regular_price":29.29,"df_image_link":"https:\/\/lapasion.es\/wp-content\/uploads\/2018\/10\/estuches-guindas-al-licor-120g-300x300.png","uagb_featured_image_src":{"full":["https:\/\/lapasion.es\/wp-content\/uploads\/2018\/10\/estuches-guindas-al-licor-120g.png",500,500,false],"thumbnail":["https:\/\/lapasion.es\/wp-content\/uploads\/2018\/10\/estuches-guindas-al-licor-120g-150x150.png",150,150,true],"medium":["https:\/\/lapasion.es\/wp-content\/uploads\/2018\/10\/estuches-guindas-al-licor-120g-300x300.png",300,300,true],"medium_large":["https:\/\/lapasion.es\/wp-content\/uploads\/2018\/10\/estuches-guindas-al-licor-120g.png",500,500,false],"large":["https:\/\/lapasion.es\/wp-content\/uploads\/2018\/10\/estuches-guindas-al-licor-120g.png",500,500,false],"1536x1536":["https:\/\/lapasion.es\/wp-content\/uploads\/2018\/10\/estuches-guindas-al-licor-120g.png",500,500,false],"2048x2048":["https:\/\/lapasion.es\/wp-content\/uploads\/2018\/10\/estuches-guindas-al-licor-120g.png",500,500,false],"gur_featured_image":["https:\/\/lapasion.es\/wp-content\/uploads\/2018\/10\/estuches-guindas-al-licor-120g.png",500,500,false],"gur_blog_thumbnail":["https:\/\/lapasion.es\/wp-content\/uploads\/2018\/10\/estuches-guindas-al-licor-120g.png",500,500,false],"woocommerce_thumbnail":["https:\/\/lapasion.es\/wp-content\/uploads\/2018\/10\/estuches-guindas-al-licor-120g.png",500,500,false],"woocommerce_single":["https:\/\/lapasion.es\/wp-content\/uploads\/2018\/10\/estuches-guindas-al-licor-120g.png",500,500,false],"woocommerce_gallery_thumbnail":["https:\/\/lapasion.es\/wp-content\/uploads\/2018\/10\/estuches-guindas-al-licor-120g-100x100.png",100,100,true]},"uagb_author_info":{"display_name":"incaelum","author_link":"https:\/\/lapasion.es\/fr\/author\/"},"uagb_comment_info":0,"uagb_excerpt":"QUALIT\u00c9 SUPR\u00caME | Les CERISES \u00c0 L\u00b4ALCOOL de Lapasion sont Cerises confites \u00e0 l\u00b4alcool et au avec enrobage de delicieux chocolat. MOMENT PARFAIT | Id\u00e9al pour les desserts, snack et petit dejeuner. PR\u00c9SENTATION | 120 g x 10 paquets | Total 1.2 kg PRODUITS EN ESPAGNE | Ces bonbons sont produits en Espagne. DLU ET\u2026","_links":{"self":[{"href":"https:\/\/lapasion.es\/fr\/wp-json\/wp\/v2\/product\/13472","targetHints":{"allow":["GET"]}}],"collection":[{"href":"https:\/\/lapasion.es\/fr\/wp-json\/wp\/v2\/product"}],"about":[{"href":"https:\/\/lapasion.es\/fr\/wp-json\/wp\/v2\/types\/product"}],"wp:featuredmedia":[{"embeddable":true,"href":"https:\/\/lapasion.es\/fr\/wp-json\/wp\/v2\/media\/22215"}],"wp:attachment":[{"href":"https:\/\/lapasion.es\/fr\/wp-json\/wp\/v2\/media?parent=13472"}],"wp:term":[{"taxonomy":"product_brand","embeddable":true,"href":"https:\/\/lapasion.es\/fr\/wp-json\/wp\/v2\/product_brand?post=13472"},{"taxonomy":"product_cat","embeddable":true,"href":"https:\/\/lapasion.es\/fr\/wp-json\/wp\/v2\/product_cat?post=13472"},{"taxonomy":"product_tag","embeddable":true,"href":"https:\/\/lapasion.es\/fr\/wp-json\/wp\/v2\/product_tag?post=13472"}],"curies":[{"name":"wp","href":"https:\/\/api.w.org\/{rel}","templated":true}]}}