{"id":13466,"date":"2019-01-08T11:07:42","date_gmt":"2019-01-08T11:07:42","guid":{"rendered":"https:\/\/lapasion.es\/producto\/pepi-pepitas-2000g\/"},"modified":"2024-10-08T18:25:04","modified_gmt":"2024-10-08T16:25:04","slug":"pepi-pepitas-2000g","status":"publish","type":"product","link":"https:\/\/lapasion.es\/fr\/produit\/pepi-pepitas-2000g\/","title":{"rendered":"Pepi-p\u00e9pites | G\u00e2teau \u00e9ponge avec p\u00e9pites | 200g x 11 paquets"},"content":{"rendered":"<p>Farine de <strong>BL\u00c9<\/strong>, sucre, <strong>OEUFS<\/strong>, huiles de tournesol et de soja en proportions variables, eau, graines 8% [Sucre, graisse v\u00e9g\u00e9tale enti\u00e8rement hydrog\u00e9n\u00e9e (palmiste), poudre de cacao d\u00e9graiss\u00e9e, huile v\u00e9g\u00e9tale (tournesol), \u00e9mulsifiant (l\u00e9cithine de <strong>SOJA<\/strong>), vanille naturelle ar\u00f4me)], poudres \u00e0 lever (E450i, E500ii), sirop [eau, sucre, E330 et E202], humectants (sorbitol, dextrose), glyc\u00e9rine, conservateur (E202), acidifiant (E330), gomme xanthane, ar\u00f4mes (citron, chocolat ) et du sel. <strong>Il peut contenir des traces de lait, fruits \u00e0 coque, sulfites, s\u00e9same et moutarde.<\/strong><\/p>\n","protected":false},"excerpt":{"rendered":"<p><strong>QUALIT\u00c9 SUPR\u00caME<\/strong> | Produit de p\u00e2tisserie appel\u00e9 PEPI-PEPITAS. Il est identifi\u00e9 comme un g\u00e2teau moelleux fait maison avec forme rectangulaire et des p\u00e9pites \u00e0 l&rsquo;int\u00e9rieur.<\/p>\n<p><strong>MOMENT PARFAIT<\/strong> | Id\u00e9al pour les desserts, snack et petit dejeuner.<\/p>\n<p><strong>PR\u00c9SENTATION | <\/strong>Paquets avec 200g x 11 paquets | Total 2,2 kg<\/p>\n<p><strong>PRODUITS EN ESPAGNE<\/strong> | Ces bonbons sont produits en Espagne.<\/p>\n<p><strong>DLU ET CONSERVATION<\/strong> | \u00a0Consommation privil\u00e9gi\u00e9e dans les 7 mois suivant sa fabrication. Conservez-le dans un endroit frais et sec et prot\u00e9gez-le du soleil.<\/p>\n","protected":false},"featured_media":15632,"template":"","meta":{"_acf_changed":false,"_uag_custom_page_level_css":"","_genesis_hide_title":false,"_genesis_hide_breadcrumbs":false,"_genesis_hide_singular_image":false,"_genesis_hide_footer_widgets":false,"_genesis_custom_body_class":"","_genesis_custom_post_class":"","_genesis_layout":""},"product_brand":[],"product_cat":[1736,1728,1730,1665,1664],"product_tag":[],"class_list":{"0":"post-13466","1":"product","2":"type-product","3":"status-publish","4":"has-post-thumbnail","6":"product_cat-produits-de-confiserie-et-de-boulangerie-emballes","7":"product_cat-boutique-en-ligne","8":"product_cat-distributeurs","9":"product_cat-biscuits-fr","10":"product_cat-confiserie-boulangerie","11":"entry","13":"first","14":"instock","15":"shipping-taxable","16":"purchasable","17":"product-type-simple"},"acf":[],"df_price":28.8,"df_sale_price":"","df_regular_price":28.8,"df_image_link":"https:\/\/lapasion.es\/wp-content\/uploads\/2019\/01\/2361-pepipepitas-300x300.jpg","uagb_featured_image_src":{"full":["https:\/\/lapasion.es\/wp-content\/uploads\/2019\/01\/2361-pepipepitas.jpg",500,500,false],"thumbnail":["https:\/\/lapasion.es\/wp-content\/uploads\/2019\/01\/2361-pepipepitas-150x150.jpg",150,150,true],"medium":["https:\/\/lapasion.es\/wp-content\/uploads\/2019\/01\/2361-pepipepitas-300x300.jpg",300,300,true],"medium_large":["https:\/\/lapasion.es\/wp-content\/uploads\/2019\/01\/2361-pepipepitas.jpg",500,500,false],"large":["https:\/\/lapasion.es\/wp-content\/uploads\/2019\/01\/2361-pepipepitas.jpg",500,500,false],"1536x1536":["https:\/\/lapasion.es\/wp-content\/uploads\/2019\/01\/2361-pepipepitas.jpg",500,500,false],"2048x2048":["https:\/\/lapasion.es\/wp-content\/uploads\/2019\/01\/2361-pepipepitas.jpg",500,500,false],"gur_featured_image":["https:\/\/lapasion.es\/wp-content\/uploads\/2019\/01\/2361-pepipepitas.jpg",500,500,false],"gur_blog_thumbnail":["https:\/\/lapasion.es\/wp-content\/uploads\/2019\/01\/2361-pepipepitas-240x240.jpg",240,240,true],"woocommerce_thumbnail":["https:\/\/lapasion.es\/wp-content\/uploads\/2019\/01\/2361-pepipepitas.jpg",500,500,false],"woocommerce_single":["https:\/\/lapasion.es\/wp-content\/uploads\/2019\/01\/2361-pepipepitas.jpg",500,500,false],"woocommerce_gallery_thumbnail":["https:\/\/lapasion.es\/wp-content\/uploads\/2019\/01\/2361-pepipepitas-100x100.jpg",100,100,true]},"uagb_author_info":{"display_name":"incaelum","author_link":"https:\/\/lapasion.es\/fr\/author\/"},"uagb_comment_info":0,"uagb_excerpt":"QUALIT\u00c9 SUPR\u00caME | Produit de p\u00e2tisserie appel\u00e9 PEPI-PEPITAS. Il est identifi\u00e9 comme un g\u00e2teau moelleux fait maison avec forme rectangulaire et des p\u00e9pites \u00e0 l'int\u00e9rieur. MOMENT PARFAIT | Id\u00e9al pour les desserts, snack et petit dejeuner. PR\u00c9SENTATION | Paquets avec 200g x 11 paquets | Total 2,2 kg PRODUITS EN ESPAGNE | Ces bonbons sont\u2026","_links":{"self":[{"href":"https:\/\/lapasion.es\/fr\/wp-json\/wp\/v2\/product\/13466","targetHints":{"allow":["GET"]}}],"collection":[{"href":"https:\/\/lapasion.es\/fr\/wp-json\/wp\/v2\/product"}],"about":[{"href":"https:\/\/lapasion.es\/fr\/wp-json\/wp\/v2\/types\/product"}],"wp:featuredmedia":[{"embeddable":true,"href":"https:\/\/lapasion.es\/fr\/wp-json\/wp\/v2\/media\/15632"}],"wp:attachment":[{"href":"https:\/\/lapasion.es\/fr\/wp-json\/wp\/v2\/media?parent=13466"}],"wp:term":[{"taxonomy":"product_brand","embeddable":true,"href":"https:\/\/lapasion.es\/fr\/wp-json\/wp\/v2\/product_brand?post=13466"},{"taxonomy":"product_cat","embeddable":true,"href":"https:\/\/lapasion.es\/fr\/wp-json\/wp\/v2\/product_cat?post=13466"},{"taxonomy":"product_tag","embeddable":true,"href":"https:\/\/lapasion.es\/fr\/wp-json\/wp\/v2\/product_tag?post=13466"}],"curies":[{"name":"wp","href":"https:\/\/api.w.org\/{rel}","templated":true}]}}