{"id":13464,"date":"2019-01-24T10:13:15","date_gmt":"2019-01-24T08:13:15","guid":{"rendered":"https:\/\/lapasion.es\/producto\/sitos-relleno-choco-200g\/"},"modified":"2025-02-07T09:17:24","modified_gmt":"2025-02-07T07:17:24","slug":"sitos-relleno-choco-200g","status":"publish","type":"product","link":"https:\/\/lapasion.es\/fr\/produit\/sitos-relleno-choco-200g\/","title":{"rendered":"SITOS CACAO | Gate\u00e2u Fourr\u00e9 \u00e0 la Cr\u00e8me au Cacao | 200g x 9 paquets"},"content":{"rendered":"<p>Farine de <strong>BL\u00c9<\/strong>, sucre, garniture 20% [Sirop de glucose, eau, sucre, graisse v\u00e9g\u00e9tale non hydrog\u00e9n\u00e9e (palme), amidon modifi\u00e9, poudre de cacao d\u00e9graiss\u00e9 (4%), stabilisants (E-460, E-466), conservateurs (E-202, E-200), ar\u00f4me, sel, acidulant (E-330), \u00e9mulsifiant (E-472c)], <strong>OEUFS<\/strong>, huiles de tournesol et de soja en proportions variables, eau, poudres \u00e0 lever (E450i, E500ii), humectant (glyc\u00e9rine), sirop (eau, sucre, E330, E202), <strong>LACTOS\u00c9RUM<\/strong>, sel, gomme xanthane, acidulant (E330), ar\u00f4me citron et conservateurs (E-200, E202). <strong>Peut contenir des traces de lait, soja, fruits \u00e0 coque, sulfites, s\u00e9same et moutarde.<\/strong><\/p>\n","protected":false},"excerpt":{"rendered":"<p><strong>QUALIT\u00c9 SUPR\u00caME<\/strong> | Produit p\u00e2tissier r\u00e9pondant \u00e0 l&rsquo;appellation SITOS FOURR\u00c9S A LA CREME DE CACAO. D\u00e9licieux g\u00e2teau moelleux fourr\u00e9 \u00e0 la cr\u00e8me de cacao, id\u00e9al pour profiter de collations et de petits d\u00e9jeuners amusants !! Pr\u00e9sent\u00e9 dans une alv\u00e9ole avec 4 unit\u00e9s. (Produit de p\u00e2tisserie).<\/p>\n<p><strong>MOMENT PARFAIT<\/strong> | Id\u00e9al pour les desserts, snack et petit dejeuner.<\/p>\n<p><strong>PR\u00c9SENTATION<\/strong> | 200 g x 9 paquets | Total 1.8 kg<\/p>\n<p><strong>PRODUITS EN ESPAGNE<\/strong> | Ces bonbons sont produits en Espagne.<\/p>\n<p><strong>DLU ET CONSERVATION<\/strong> | \u00a0Consommation privil\u00e9gi\u00e9e dans les 7 mois suivant sa fabrication. Conservez-le dans un endroit frais et sec et prot\u00e9gez-le du soleil.<\/p>\n","protected":false},"featured_media":11178,"template":"","meta":{"_acf_changed":false,"_uag_custom_page_level_css":"","_genesis_hide_title":false,"_genesis_hide_breadcrumbs":false,"_genesis_hide_singular_image":false,"_genesis_hide_footer_widgets":false,"_genesis_custom_body_class":"","_genesis_custom_post_class":"","_genesis_layout":""},"product_brand":[],"product_cat":[1736,1728,1730,1665,1664],"product_tag":[],"class_list":{"0":"post-13464","1":"product","2":"type-product","3":"status-publish","4":"has-post-thumbnail","6":"product_cat-produits-de-confiserie-et-de-boulangerie-emballes","7":"product_cat-boutique-en-ligne","8":"product_cat-distributeurs","9":"product_cat-biscuits-fr","10":"product_cat-confiserie-boulangerie","11":"entry","13":"first","14":"outofstock","15":"shipping-taxable","16":"purchasable","17":"product-type-simple"},"acf":[],"df_price":20.45,"df_sale_price":"","df_regular_price":20.45,"df_image_link":"https:\/\/lapasion.es\/wp-content\/uploads\/2019\/01\/SITOS-CHOCOLATE-1-300x300.jpg","uagb_featured_image_src":{"full":["https:\/\/lapasion.es\/wp-content\/uploads\/2019\/01\/SITOS-CHOCOLATE-1.jpg",500,500,false],"thumbnail":["https:\/\/lapasion.es\/wp-content\/uploads\/2019\/01\/SITOS-CHOCOLATE-1-150x150.jpg",150,150,true],"medium":["https:\/\/lapasion.es\/wp-content\/uploads\/2019\/01\/SITOS-CHOCOLATE-1-300x300.jpg",300,300,true],"medium_large":["https:\/\/lapasion.es\/wp-content\/uploads\/2019\/01\/SITOS-CHOCOLATE-1.jpg",500,500,false],"large":["https:\/\/lapasion.es\/wp-content\/uploads\/2019\/01\/SITOS-CHOCOLATE-1.jpg",500,500,false],"1536x1536":["https:\/\/lapasion.es\/wp-content\/uploads\/2019\/01\/SITOS-CHOCOLATE-1.jpg",500,500,false],"2048x2048":["https:\/\/lapasion.es\/wp-content\/uploads\/2019\/01\/SITOS-CHOCOLATE-1.jpg",500,500,false],"gur_featured_image":["https:\/\/lapasion.es\/wp-content\/uploads\/2019\/01\/SITOS-CHOCOLATE-1.jpg",500,500,false],"gur_blog_thumbnail":["https:\/\/lapasion.es\/wp-content\/uploads\/2019\/01\/SITOS-CHOCOLATE-1.jpg",500,500,false],"woocommerce_thumbnail":["https:\/\/lapasion.es\/wp-content\/uploads\/2019\/01\/SITOS-CHOCOLATE-1.jpg",500,500,false],"woocommerce_single":["https:\/\/lapasion.es\/wp-content\/uploads\/2019\/01\/SITOS-CHOCOLATE-1.jpg",500,500,false],"woocommerce_gallery_thumbnail":["https:\/\/lapasion.es\/wp-content\/uploads\/2019\/01\/SITOS-CHOCOLATE-1-100x100.jpg",100,100,true]},"uagb_author_info":{"display_name":"incaelum","author_link":"https:\/\/lapasion.es\/fr\/author\/"},"uagb_comment_info":0,"uagb_excerpt":"QUALIT\u00c9 SUPR\u00caME | Produit p\u00e2tissier r\u00e9pondant \u00e0 l'appellation SITOS FOURR\u00c9S A LA CREME DE CACAO. D\u00e9licieux g\u00e2teau moelleux fourr\u00e9 \u00e0 la cr\u00e8me de cacao, id\u00e9al pour profiter de collations et de petits d\u00e9jeuners amusants !! Pr\u00e9sent\u00e9 dans une alv\u00e9ole avec 4 unit\u00e9s. (Produit de p\u00e2tisserie). MOMENT PARFAIT | Id\u00e9al pour les desserts, snack et petit\u2026","_links":{"self":[{"href":"https:\/\/lapasion.es\/fr\/wp-json\/wp\/v2\/product\/13464","targetHints":{"allow":["GET"]}}],"collection":[{"href":"https:\/\/lapasion.es\/fr\/wp-json\/wp\/v2\/product"}],"about":[{"href":"https:\/\/lapasion.es\/fr\/wp-json\/wp\/v2\/types\/product"}],"wp:featuredmedia":[{"embeddable":true,"href":"https:\/\/lapasion.es\/fr\/wp-json\/wp\/v2\/media\/11178"}],"wp:attachment":[{"href":"https:\/\/lapasion.es\/fr\/wp-json\/wp\/v2\/media?parent=13464"}],"wp:term":[{"taxonomy":"product_brand","embeddable":true,"href":"https:\/\/lapasion.es\/fr\/wp-json\/wp\/v2\/product_brand?post=13464"},{"taxonomy":"product_cat","embeddable":true,"href":"https:\/\/lapasion.es\/fr\/wp-json\/wp\/v2\/product_cat?post=13464"},{"taxonomy":"product_tag","embeddable":true,"href":"https:\/\/lapasion.es\/fr\/wp-json\/wp\/v2\/product_tag?post=13464"}],"curies":[{"name":"wp","href":"https:\/\/api.w.org\/{rel}","templated":true}]}}