{"id":13462,"date":"2019-01-24T10:22:49","date_gmt":"2019-01-24T08:22:49","guid":{"rendered":"https:\/\/lapasion.es\/producto\/sitos-naranja\/"},"modified":"2024-10-08T17:30:18","modified_gmt":"2024-10-08T15:30:18","slug":"sitos-naranja","status":"publish","type":"product","link":"https:\/\/lapasion.es\/fr\/produit\/sitos-naranja\/","title":{"rendered":"Sitos Orange | G\u00e2teau \u00c9ponge \u00e0 l\u00b4Orange Confite | 200g x 12 paquets"},"content":{"rendered":"<p>Farine de <strong>BL\u00c9<\/strong>, sucre, <strong>\u0152UF<\/strong>, huiles de tournesol et de soja en proportions variables, eau, p\u00e2te d\u00b4orange 6,9% [(zeste d\u00b4orange, sirop de glucose et fructose, sucre, acidifiant E330, conservateurs (E202, E223 (<strong>SULFITES<\/strong>)], \u00a0agents levants (E450i, E500ii), humectant (glyc\u00e9rine), sirop (eau, sucre, E330, E202 ), sel, gomme xanthane, acidulant (E330), ar\u00f4me citron et conservateurs (E200, E202). <strong>Peut contenir des traces de lait, soja, s\u00e9same, moutarde et fruits \u00e0 coque.<\/strong><\/p>\n","protected":false},"excerpt":{"rendered":"<p style=\"text-align: left;\"><strong>QUALIT\u00c9 SUPR\u00caME<\/strong> | Les g\u00e2teau SITOS ORANGE de Lapasion sont des g\u00e2teau juteux \u00e0 l\u00b4orange confite et tremp\u00e9s dans du sirop.<\/p>\n<div class=\"woocommerce-product-details__short-description\">\n<p><strong>MOMENT PARFAIT<\/strong> | Id\u00e9al pour les desserts, snack et petit dejeuner.<\/p>\n<p><strong>PR\u00c9SENTATION<\/strong> | 200 g x 9 paquets | Total 1.8 kg<\/p>\n<p><strong>PRODUITS EN ESPAGNE<\/strong> | Ces bonbons sont produits en Espagne.<\/p>\n<p><strong>DLU ET CONSERVATION<\/strong> | \u00a0Consommation privil\u00e9gi\u00e9e dans les 8 mois suivant sa fabrication. Conservez-le dans un endroit frais et sec et prot\u00e9gez-le du soleil.<\/p>\n<\/div>\n","protected":false},"featured_media":11180,"template":"","meta":{"_acf_changed":false,"_uag_custom_page_level_css":"","_genesis_hide_title":false,"_genesis_hide_breadcrumbs":false,"_genesis_hide_singular_image":false,"_genesis_hide_footer_widgets":false,"_genesis_custom_body_class":"","_genesis_custom_post_class":"","_genesis_layout":""},"product_brand":[],"product_cat":[1736,1728,1730,1665,1664],"product_tag":[],"class_list":{"0":"post-13462","1":"product","2":"type-product","3":"status-publish","4":"has-post-thumbnail","6":"product_cat-produits-de-confiserie-et-de-boulangerie-emballes","7":"product_cat-boutique-en-ligne","8":"product_cat-distributeurs","9":"product_cat-biscuits-fr","10":"product_cat-confiserie-boulangerie","11":"entry","13":"first","14":"outofstock","15":"shipping-taxable","16":"purchasable","17":"product-type-simple"},"acf":[],"df_price":30.3,"df_sale_price":"","df_regular_price":30.3,"df_image_link":"https:\/\/lapasion.es\/wp-content\/uploads\/2019\/01\/SITOS-NARANJA-1-300x300.jpg","uagb_featured_image_src":{"full":["https:\/\/lapasion.es\/wp-content\/uploads\/2019\/01\/SITOS-NARANJA-1.jpg",500,500,false],"thumbnail":["https:\/\/lapasion.es\/wp-content\/uploads\/2019\/01\/SITOS-NARANJA-1-150x150.jpg",150,150,true],"medium":["https:\/\/lapasion.es\/wp-content\/uploads\/2019\/01\/SITOS-NARANJA-1-300x300.jpg",300,300,true],"medium_large":["https:\/\/lapasion.es\/wp-content\/uploads\/2019\/01\/SITOS-NARANJA-1.jpg",500,500,false],"large":["https:\/\/lapasion.es\/wp-content\/uploads\/2019\/01\/SITOS-NARANJA-1.jpg",500,500,false],"1536x1536":["https:\/\/lapasion.es\/wp-content\/uploads\/2019\/01\/SITOS-NARANJA-1.jpg",500,500,false],"2048x2048":["https:\/\/lapasion.es\/wp-content\/uploads\/2019\/01\/SITOS-NARANJA-1.jpg",500,500,false],"gur_featured_image":["https:\/\/lapasion.es\/wp-content\/uploads\/2019\/01\/SITOS-NARANJA-1.jpg",500,500,false],"gur_blog_thumbnail":["https:\/\/lapasion.es\/wp-content\/uploads\/2019\/01\/SITOS-NARANJA-1.jpg",500,500,false],"woocommerce_thumbnail":["https:\/\/lapasion.es\/wp-content\/uploads\/2019\/01\/SITOS-NARANJA-1.jpg",500,500,false],"woocommerce_single":["https:\/\/lapasion.es\/wp-content\/uploads\/2019\/01\/SITOS-NARANJA-1.jpg",500,500,false],"woocommerce_gallery_thumbnail":["https:\/\/lapasion.es\/wp-content\/uploads\/2019\/01\/SITOS-NARANJA-1-100x100.jpg",100,100,true]},"uagb_author_info":{"display_name":"incaelum","author_link":"https:\/\/lapasion.es\/fr\/author\/"},"uagb_comment_info":0,"uagb_excerpt":"QUALIT\u00c9 SUPR\u00caME | Les g\u00e2teau SITOS ORANGE de Lapasion sont des g\u00e2teau juteux \u00e0 l\u00b4orange confite et tremp\u00e9s dans du sirop. MOMENT PARFAIT | Id\u00e9al pour les desserts, snack et petit dejeuner. PR\u00c9SENTATION | 200 g x 9 paquets | Total 1.8 kg PRODUITS EN ESPAGNE | Ces bonbons sont produits en Espagne. DLU ET\u2026","_links":{"self":[{"href":"https:\/\/lapasion.es\/fr\/wp-json\/wp\/v2\/product\/13462","targetHints":{"allow":["GET"]}}],"collection":[{"href":"https:\/\/lapasion.es\/fr\/wp-json\/wp\/v2\/product"}],"about":[{"href":"https:\/\/lapasion.es\/fr\/wp-json\/wp\/v2\/types\/product"}],"wp:featuredmedia":[{"embeddable":true,"href":"https:\/\/lapasion.es\/fr\/wp-json\/wp\/v2\/media\/11180"}],"wp:attachment":[{"href":"https:\/\/lapasion.es\/fr\/wp-json\/wp\/v2\/media?parent=13462"}],"wp:term":[{"taxonomy":"product_brand","embeddable":true,"href":"https:\/\/lapasion.es\/fr\/wp-json\/wp\/v2\/product_brand?post=13462"},{"taxonomy":"product_cat","embeddable":true,"href":"https:\/\/lapasion.es\/fr\/wp-json\/wp\/v2\/product_cat?post=13462"},{"taxonomy":"product_tag","embeddable":true,"href":"https:\/\/lapasion.es\/fr\/wp-json\/wp\/v2\/product_tag?post=13462"}],"curies":[{"name":"wp","href":"https:\/\/api.w.org\/{rel}","templated":true}]}}