{"id":13460,"date":"2019-01-24T10:35:22","date_gmt":"2019-01-24T08:35:22","guid":{"rendered":"https:\/\/lapasion.es\/producto\/sitos-coco-200g-2\/"},"modified":"2024-10-08T12:53:21","modified_gmt":"2024-10-08T10:53:21","slug":"sitos-coco-200g-2","status":"publish","type":"product","link":"https:\/\/lapasion.es\/fr\/produit\/sitos-coco-200g-2\/","title":{"rendered":"Sitos Coco | G\u00e2teau \u00e9ponge \u00e0 la Noix de Coco r\u00e2p\u00e9e | 200g x 9 paquets"},"content":{"rendered":"<p>Farine de <strong>BL\u00c9<\/strong>, sucre, <strong>\u0152UF<\/strong>, huiles de tournesol et de soja en proportions variables, eau, noix de coco r\u00e2p\u00e9e (4%) (Contient des <strong>SULFITES<\/strong>), agents levants (E450i, E500ii), humectant (glyc\u00e9rine), sirop (eau, sucre, E330, E202 ), sel, gomme xanthane, acidulant (E330), ar\u00f4me citron et conservateurs (E200, E202). <strong>Peut contenir des traces de lait, soja, s\u00e9same, moutarde et fruits \u00e0 coque.<\/strong><\/p>\n","protected":false},"excerpt":{"rendered":"<p><strong>QUALIT\u00c9 SUPR\u00caME<\/strong> | Les gate\u00e2ux SITOS COCO de Lapasion sont des gate\u00e2ux moelleux avec de la noix de coco r\u00e2p\u00e9e.<\/p>\n<p><strong>MOMENT PARFAIT<\/strong> | Id\u00e9al pour les desserts, snack et petit dejeuner.<\/p>\n<p><strong>PR\u00c9SENTATION | <\/strong>200 g x 9 paquets | Total 1.8 kg<\/p>\n<p><strong>PRODUITS EN ESPAGNE<\/strong> | Ces bonbons sont produits en Espagne.<\/p>\n<p><strong>DLU ET CONSERVATION<\/strong> | \u00a0Consommation privil\u00e9gi\u00e9e dans les 7 mois suivant sa fabrication. Conservez-le dans un endroit frais et sec et prot\u00e9gez-le du soleil.<\/p>\n","protected":false},"featured_media":11182,"template":"","meta":{"_acf_changed":false,"_uag_custom_page_level_css":"","_genesis_hide_title":false,"_genesis_hide_breadcrumbs":false,"_genesis_hide_singular_image":false,"_genesis_hide_footer_widgets":false,"_genesis_custom_body_class":"","_genesis_custom_post_class":"","_genesis_layout":""},"product_brand":[],"product_cat":[1736,1728,1730,1665,1664],"product_tag":[],"class_list":{"0":"post-13460","1":"product","2":"type-product","3":"status-publish","4":"has-post-thumbnail","6":"product_cat-produits-de-confiserie-et-de-boulangerie-emballes","7":"product_cat-boutique-en-ligne","8":"product_cat-distributeurs","9":"product_cat-biscuits-fr","10":"product_cat-confiserie-boulangerie","11":"entry","13":"first","14":"outofstock","15":"shipping-taxable","16":"purchasable","17":"product-type-simple"},"acf":[],"df_price":30.3,"df_sale_price":"","df_regular_price":30.3,"df_image_link":"https:\/\/lapasion.es\/wp-content\/uploads\/2019\/01\/SITOS-COCO-300x300.jpg","uagb_featured_image_src":{"full":["https:\/\/lapasion.es\/wp-content\/uploads\/2019\/01\/SITOS-COCO.jpg",500,500,false],"thumbnail":["https:\/\/lapasion.es\/wp-content\/uploads\/2019\/01\/SITOS-COCO-150x150.jpg",150,150,true],"medium":["https:\/\/lapasion.es\/wp-content\/uploads\/2019\/01\/SITOS-COCO-300x300.jpg",300,300,true],"medium_large":["https:\/\/lapasion.es\/wp-content\/uploads\/2019\/01\/SITOS-COCO.jpg",500,500,false],"large":["https:\/\/lapasion.es\/wp-content\/uploads\/2019\/01\/SITOS-COCO.jpg",500,500,false],"1536x1536":["https:\/\/lapasion.es\/wp-content\/uploads\/2019\/01\/SITOS-COCO.jpg",500,500,false],"2048x2048":["https:\/\/lapasion.es\/wp-content\/uploads\/2019\/01\/SITOS-COCO.jpg",500,500,false],"gur_featured_image":["https:\/\/lapasion.es\/wp-content\/uploads\/2019\/01\/SITOS-COCO.jpg",500,500,false],"gur_blog_thumbnail":["https:\/\/lapasion.es\/wp-content\/uploads\/2019\/01\/SITOS-COCO.jpg",500,500,false],"woocommerce_thumbnail":["https:\/\/lapasion.es\/wp-content\/uploads\/2019\/01\/SITOS-COCO.jpg",500,500,false],"woocommerce_single":["https:\/\/lapasion.es\/wp-content\/uploads\/2019\/01\/SITOS-COCO.jpg",500,500,false],"woocommerce_gallery_thumbnail":["https:\/\/lapasion.es\/wp-content\/uploads\/2019\/01\/SITOS-COCO-100x100.jpg",100,100,true]},"uagb_author_info":{"display_name":"incaelum","author_link":"https:\/\/lapasion.es\/fr\/author\/"},"uagb_comment_info":0,"uagb_excerpt":"QUALIT\u00c9 SUPR\u00caME | Les gate\u00e2ux SITOS COCO de Lapasion sont des gate\u00e2ux moelleux avec de la noix de coco r\u00e2p\u00e9e. MOMENT PARFAIT | Id\u00e9al pour les desserts, snack et petit dejeuner. PR\u00c9SENTATION | 200 g x 9 paquets | Total 1.8 kg PRODUITS EN ESPAGNE | Ces bonbons sont produits en Espagne. DLU ET CONSERVATION\u2026","_links":{"self":[{"href":"https:\/\/lapasion.es\/fr\/wp-json\/wp\/v2\/product\/13460","targetHints":{"allow":["GET"]}}],"collection":[{"href":"https:\/\/lapasion.es\/fr\/wp-json\/wp\/v2\/product"}],"about":[{"href":"https:\/\/lapasion.es\/fr\/wp-json\/wp\/v2\/types\/product"}],"wp:featuredmedia":[{"embeddable":true,"href":"https:\/\/lapasion.es\/fr\/wp-json\/wp\/v2\/media\/11182"}],"wp:attachment":[{"href":"https:\/\/lapasion.es\/fr\/wp-json\/wp\/v2\/media?parent=13460"}],"wp:term":[{"taxonomy":"product_brand","embeddable":true,"href":"https:\/\/lapasion.es\/fr\/wp-json\/wp\/v2\/product_brand?post=13460"},{"taxonomy":"product_cat","embeddable":true,"href":"https:\/\/lapasion.es\/fr\/wp-json\/wp\/v2\/product_cat?post=13460"},{"taxonomy":"product_tag","embeddable":true,"href":"https:\/\/lapasion.es\/fr\/wp-json\/wp\/v2\/product_tag?post=13460"}],"curies":[{"name":"wp","href":"https:\/\/api.w.org\/{rel}","templated":true}]}}