{"id":13458,"date":"2019-01-25T11:12:58","date_gmt":"2019-01-25T09:12:58","guid":{"rendered":"https:\/\/lapasion.es\/producto\/sitos-original-220g\/"},"modified":"2024-10-08T17:53:22","modified_gmt":"2024-10-08T15:53:22","slug":"sitos-original-220g","status":"publish","type":"product","link":"https:\/\/lapasion.es\/fr\/produit\/sitos-original-220g\/","title":{"rendered":"Sitos Original | G\u00e2teau \u00e9ponge \u00e0 la Cr\u00e8me de Cacao | 220g x 9 paquets"},"content":{"rendered":"<p>Farine de <strong>BL\u00c9<\/strong>, sucre, <strong>\u0152UFS<\/strong>, huile de tournesol et de SOJA en proportions variables, eau, couverture de cacao 10% [sucre, graisse v\u00e9g\u00e9tale totalement hydrog\u00e9n\u00e9e (palmiste), poudre de cacao maigre (13,5%), lactos\u00e9rum en poudre, amidon de ma\u00efs, huiles v\u00e9g\u00e9tales (colza, palme) et \u00e9mulsifiants (E 322, E 492)], agents de levage (E450i, E500ii), humectant (glyc\u00e9rol), sucre inverti (eau, sucre, E330, E202),\u00a0 sel, gomme xanthane, acidifiant (E330), ar\u00f4me de citron et conservateurs (E200 et E202).<\/p>\n","protected":false},"excerpt":{"rendered":"<p><strong>QUALIT\u00c9 SUPR\u00caME<\/strong> | Produit de p\u00e2tisserie appel\u00e9 SITOS ORIGINAL. P\u00e2tisserie \u00e9labor\u00e9e \u00e0 partir de p\u00e2te travaill\u00e9e avec de la farine de bl\u00e9 et des huiles v\u00e9g\u00e9tales, cuite au four et recouverte de cr\u00e8me au cacao sur sa base.<\/p>\n<p><strong>MOMENT PARFAIT<\/strong> | Id\u00e9al pour les desserts, snack et petit dejeuner.<\/p>\n<p><strong>PR\u00c9SENTATION | <\/strong>4 units | 220g x 9 paquets | Total 1.98 kg<\/p>\n<p><strong>PRODUITS EN ESPAGNE<\/strong> | Ces bonbons sont produits en Espagne.<\/p>\n<p><strong>DLU ET CONSERVATION<\/strong> | \u00a0Consommation privil\u00e9gi\u00e9e dans les 7 mois suivant sa fabrication. Conservez-le dans un endroit frais et sec et prot\u00e9gez-le du soleil.<\/p>\n","protected":false},"featured_media":11186,"template":"","meta":{"_acf_changed":false,"_uag_custom_page_level_css":"","_genesis_hide_title":false,"_genesis_hide_breadcrumbs":false,"_genesis_hide_singular_image":false,"_genesis_hide_footer_widgets":false,"_genesis_custom_body_class":"","_genesis_custom_post_class":"","_genesis_layout":""},"product_brand":[],"product_cat":[1736,1728,1730,1665,1664],"product_tag":[],"class_list":{"0":"post-13458","1":"product","2":"type-product","3":"status-publish","4":"has-post-thumbnail","6":"product_cat-produits-de-confiserie-et-de-boulangerie-emballes","7":"product_cat-boutique-en-ligne","8":"product_cat-distributeurs","9":"product_cat-biscuits-fr","10":"product_cat-confiserie-boulangerie","11":"entry","13":"first","14":"outofstock","15":"shipping-taxable","16":"purchasable","17":"product-type-simple"},"acf":[],"df_price":30.3,"df_sale_price":"","df_regular_price":30.3,"df_image_link":"https:\/\/lapasion.es\/wp-content\/uploads\/2019\/01\/SITOS-ORIGINAL-1-300x300.jpg","uagb_featured_image_src":{"full":["https:\/\/lapasion.es\/wp-content\/uploads\/2019\/01\/SITOS-ORIGINAL-1.jpg",500,500,false],"thumbnail":["https:\/\/lapasion.es\/wp-content\/uploads\/2019\/01\/SITOS-ORIGINAL-1-150x150.jpg",150,150,true],"medium":["https:\/\/lapasion.es\/wp-content\/uploads\/2019\/01\/SITOS-ORIGINAL-1-300x300.jpg",300,300,true],"medium_large":["https:\/\/lapasion.es\/wp-content\/uploads\/2019\/01\/SITOS-ORIGINAL-1.jpg",500,500,false],"large":["https:\/\/lapasion.es\/wp-content\/uploads\/2019\/01\/SITOS-ORIGINAL-1.jpg",500,500,false],"1536x1536":["https:\/\/lapasion.es\/wp-content\/uploads\/2019\/01\/SITOS-ORIGINAL-1.jpg",500,500,false],"2048x2048":["https:\/\/lapasion.es\/wp-content\/uploads\/2019\/01\/SITOS-ORIGINAL-1.jpg",500,500,false],"gur_featured_image":["https:\/\/lapasion.es\/wp-content\/uploads\/2019\/01\/SITOS-ORIGINAL-1.jpg",500,500,false],"gur_blog_thumbnail":["https:\/\/lapasion.es\/wp-content\/uploads\/2019\/01\/SITOS-ORIGINAL-1.jpg",500,500,false],"woocommerce_thumbnail":["https:\/\/lapasion.es\/wp-content\/uploads\/2019\/01\/SITOS-ORIGINAL-1.jpg",500,500,false],"woocommerce_single":["https:\/\/lapasion.es\/wp-content\/uploads\/2019\/01\/SITOS-ORIGINAL-1.jpg",500,500,false],"woocommerce_gallery_thumbnail":["https:\/\/lapasion.es\/wp-content\/uploads\/2019\/01\/SITOS-ORIGINAL-1-100x100.jpg",100,100,true]},"uagb_author_info":{"display_name":"incaelum","author_link":"https:\/\/lapasion.es\/fr\/author\/"},"uagb_comment_info":0,"uagb_excerpt":"QUALIT\u00c9 SUPR\u00caME | Produit de p\u00e2tisserie appel\u00e9 SITOS ORIGINAL. P\u00e2tisserie \u00e9labor\u00e9e \u00e0 partir de p\u00e2te travaill\u00e9e avec de la farine de bl\u00e9 et des huiles v\u00e9g\u00e9tales, cuite au four et recouverte de cr\u00e8me au cacao sur sa base. MOMENT PARFAIT | Id\u00e9al pour les desserts, snack et petit dejeuner. PR\u00c9SENTATION | 4 units | 220g\u2026","_links":{"self":[{"href":"https:\/\/lapasion.es\/fr\/wp-json\/wp\/v2\/product\/13458","targetHints":{"allow":["GET"]}}],"collection":[{"href":"https:\/\/lapasion.es\/fr\/wp-json\/wp\/v2\/product"}],"about":[{"href":"https:\/\/lapasion.es\/fr\/wp-json\/wp\/v2\/types\/product"}],"wp:featuredmedia":[{"embeddable":true,"href":"https:\/\/lapasion.es\/fr\/wp-json\/wp\/v2\/media\/11186"}],"wp:attachment":[{"href":"https:\/\/lapasion.es\/fr\/wp-json\/wp\/v2\/media?parent=13458"}],"wp:term":[{"taxonomy":"product_brand","embeddable":true,"href":"https:\/\/lapasion.es\/fr\/wp-json\/wp\/v2\/product_brand?post=13458"},{"taxonomy":"product_cat","embeddable":true,"href":"https:\/\/lapasion.es\/fr\/wp-json\/wp\/v2\/product_cat?post=13458"},{"taxonomy":"product_tag","embeddable":true,"href":"https:\/\/lapasion.es\/fr\/wp-json\/wp\/v2\/product_tag?post=13458"}],"curies":[{"name":"wp","href":"https:\/\/api.w.org\/{rel}","templated":true}]}}