{"id":13456,"date":"2019-01-25T11:23:41","date_gmt":"2019-01-25T09:23:41","guid":{"rendered":"https:\/\/lapasion.es\/producto\/sitos-oro-220g\/"},"modified":"2024-10-08T17:33:35","modified_gmt":"2024-10-08T15:33:35","slug":"sitos-oro-220g","status":"publish","type":"product","link":"https:\/\/lapasion.es\/fr\/produit\/sitos-oro-220g\/","title":{"rendered":"Sitos Oro | G\u00e2teau \u00e9ponge enrob\u00e9 de Cr\u00e8me au Cacao | 220g x 9 paquets"},"content":{"rendered":"<p>Farine de <strong>BL\u00c9<\/strong>, sucre, couverture sp\u00e9ciale avec graisse v\u00e9g\u00e9tale 20% [sucre, graisse v\u00e9g\u00e9tale totalement hydrog\u00e9n\u00e9e (palmiste), poudre de cacao d\u00e9graiss\u00e9 (13,5%), lactos\u00e9rum en poudre, amidon de ma\u00efs, huiles v\u00e9g\u00e9tales (colza, palme) et \u00e9mulsifiants (E-322, E-492)], <strong>\u0152UFS<\/strong>, huile v\u00e9g\u00e9tale (tournesol ou <strong>SOJA<\/strong>) en proportions variables, eau, poudres \u00e0 lever (E-450i, E-500ii), humectant (glyc\u00e9rine), sucre inverti (eau, sucre, E330 et E202), sel, gomme xanthane, acidifiant (E330), ar\u00f4me de citron et conservateurs (E200 et E202).<\/p>\n","protected":false},"excerpt":{"rendered":"<p><strong>QUALIT\u00c9 SUPR\u00caME<\/strong> | Les g\u00e2teau SITOS ORO de Lapasion sont des g\u00e2teaux moelleux remplis de sirop et recouverts d\u00b4un d\u00e9licieux cr\u00e8me au cacao.<\/p>\n<p><strong>MOMENT PARFAIT<\/strong> | Id\u00e9al pour les desserts, snack et petit dejeuner.<\/p>\n<p><strong>PR\u00c9SENTATION | <\/strong>envelopp\u00e9 individuallement | Total 2 kg<\/p>\n<p><strong>PRODUITS EN ESPAGNE<\/strong> | Ces bonbons sont produits en Espagne.<\/p>\n<p><strong>DLU ET CONSERVATION<\/strong> | \u00a0Consommation privil\u00e9gi\u00e9e dans les 8 mois suivant sa fabrication. Conservez-le dans un endroit frais et sec et prot\u00e9gez-le du soleil.<\/p>\n","protected":false},"featured_media":11188,"template":"","meta":{"_acf_changed":false,"_uag_custom_page_level_css":"","_genesis_hide_title":false,"_genesis_hide_breadcrumbs":false,"_genesis_hide_singular_image":false,"_genesis_hide_footer_widgets":false,"_genesis_custom_body_class":"","_genesis_custom_post_class":"","_genesis_layout":""},"product_brand":[],"product_cat":[1736,1728,1730,1665,1664],"product_tag":[],"class_list":{"0":"post-13456","1":"product","2":"type-product","3":"status-publish","4":"has-post-thumbnail","6":"product_cat-produits-de-confiserie-et-de-boulangerie-emballes","7":"product_cat-boutique-en-ligne","8":"product_cat-distributeurs","9":"product_cat-biscuits-fr","10":"product_cat-confiserie-boulangerie","11":"entry","13":"first","14":"outofstock","15":"shipping-taxable","16":"purchasable","17":"product-type-simple"},"acf":[],"df_price":30.3,"df_sale_price":"","df_regular_price":30.3,"df_image_link":"https:\/\/lapasion.es\/wp-content\/uploads\/2019\/01\/SITOS-ORO-1-300x300.jpg","uagb_featured_image_src":{"full":["https:\/\/lapasion.es\/wp-content\/uploads\/2019\/01\/SITOS-ORO-1.jpg",500,500,false],"thumbnail":["https:\/\/lapasion.es\/wp-content\/uploads\/2019\/01\/SITOS-ORO-1-150x150.jpg",150,150,true],"medium":["https:\/\/lapasion.es\/wp-content\/uploads\/2019\/01\/SITOS-ORO-1-300x300.jpg",300,300,true],"medium_large":["https:\/\/lapasion.es\/wp-content\/uploads\/2019\/01\/SITOS-ORO-1.jpg",500,500,false],"large":["https:\/\/lapasion.es\/wp-content\/uploads\/2019\/01\/SITOS-ORO-1.jpg",500,500,false],"1536x1536":["https:\/\/lapasion.es\/wp-content\/uploads\/2019\/01\/SITOS-ORO-1.jpg",500,500,false],"2048x2048":["https:\/\/lapasion.es\/wp-content\/uploads\/2019\/01\/SITOS-ORO-1.jpg",500,500,false],"gur_featured_image":["https:\/\/lapasion.es\/wp-content\/uploads\/2019\/01\/SITOS-ORO-1.jpg",500,500,false],"gur_blog_thumbnail":["https:\/\/lapasion.es\/wp-content\/uploads\/2019\/01\/SITOS-ORO-1.jpg",500,500,false],"woocommerce_thumbnail":["https:\/\/lapasion.es\/wp-content\/uploads\/2019\/01\/SITOS-ORO-1.jpg",500,500,false],"woocommerce_single":["https:\/\/lapasion.es\/wp-content\/uploads\/2019\/01\/SITOS-ORO-1.jpg",500,500,false],"woocommerce_gallery_thumbnail":["https:\/\/lapasion.es\/wp-content\/uploads\/2019\/01\/SITOS-ORO-1-100x100.jpg",100,100,true]},"uagb_author_info":{"display_name":"incaelum","author_link":"https:\/\/lapasion.es\/fr\/author\/"},"uagb_comment_info":0,"uagb_excerpt":"QUALIT\u00c9 SUPR\u00caME | Les g\u00e2teau SITOS ORO de Lapasion sont des g\u00e2teaux moelleux remplis de sirop et recouverts d\u00b4un d\u00e9licieux cr\u00e8me au cacao. MOMENT PARFAIT | Id\u00e9al pour les desserts, snack et petit dejeuner. PR\u00c9SENTATION | envelopp\u00e9 individuallement | Total 2 kg PRODUITS EN ESPAGNE | Ces bonbons sont produits en Espagne. DLU ET CONSERVATION\u2026","_links":{"self":[{"href":"https:\/\/lapasion.es\/fr\/wp-json\/wp\/v2\/product\/13456","targetHints":{"allow":["GET"]}}],"collection":[{"href":"https:\/\/lapasion.es\/fr\/wp-json\/wp\/v2\/product"}],"about":[{"href":"https:\/\/lapasion.es\/fr\/wp-json\/wp\/v2\/types\/product"}],"wp:featuredmedia":[{"embeddable":true,"href":"https:\/\/lapasion.es\/fr\/wp-json\/wp\/v2\/media\/11188"}],"wp:attachment":[{"href":"https:\/\/lapasion.es\/fr\/wp-json\/wp\/v2\/media?parent=13456"}],"wp:term":[{"taxonomy":"product_brand","embeddable":true,"href":"https:\/\/lapasion.es\/fr\/wp-json\/wp\/v2\/product_brand?post=13456"},{"taxonomy":"product_cat","embeddable":true,"href":"https:\/\/lapasion.es\/fr\/wp-json\/wp\/v2\/product_cat?post=13456"},{"taxonomy":"product_tag","embeddable":true,"href":"https:\/\/lapasion.es\/fr\/wp-json\/wp\/v2\/product_tag?post=13456"}],"curies":[{"name":"wp","href":"https:\/\/api.w.org\/{rel}","templated":true}]}}