{"id":13452,"date":"2019-02-07T11:29:04","date_gmt":"2019-02-07T11:29:04","guid":{"rendered":"https:\/\/lapasion.es\/producto\/mini-choki-env\/"},"modified":"2024-10-08T17:56:05","modified_gmt":"2024-10-08T15:56:05","slug":"mini-choki-env","status":"publish","type":"product","link":"https:\/\/lapasion.es\/fr\/produit\/mini-choki-env\/","title":{"rendered":"Mini choki | Mini cookie | 2 Kg"},"content":{"rendered":"<p>Farine de <strong>BL\u00c9<\/strong>, margarine* [graisse v\u00e9g\u00e9tale (palme) et huile v\u00e9g\u00e9tale (tournesol), eau, sel, \u00e9mulsifiants (E471 et E322 (tournesol)), acidifiant (E330), conservateur (E200), ar\u00f4mes, antioxydants (E304i et E306) et colorant (E160a)], sucre, p\u00e9pites de chocolat (16,2%) [sucre, p\u00e2te de cacao, beurre de cacao, \u00e9mulsifiant (l\u00e9cithine de SOJA)], extrait de malt <strong>d&rsquo;ORGE<\/strong>, poudres \u00e0 lever : bicarbonates de sodium et d&rsquo;ammonium, sel et ar\u00f4mes. <strong>Peut contenir des traces de fruits \u00e0 coque, d&rsquo;\u0153ufs, de lait et d&rsquo;arachides.<\/strong><\/p>\n","protected":false},"excerpt":{"rendered":"<p style=\"text-align: left;\"><strong>QUALIT\u00c9 SUPR\u00caME<\/strong> | Les MINI CHOKIES de Lapasion sont des Biscuits aux p\u00e9pites de chocolat, tr\u00e8s croustillants et au d\u00e9licieux go\u00fbt de chocolat.<\/p>\n<div class=\"woocommerce-product-details__short-description\">\n<p><strong>MOMENT PARFAIT<\/strong> | Id\u00e9al pour les desserts, snack et petit dejeuner.<\/p>\n<p><strong>PR\u00c9SENTATION<\/strong> | envelopp\u00e9 individuallement | Total 2 kg<\/p>\n<p><strong>PRODUITS EN ESPAGNE<\/strong> | Ces bonbons sont produits en Espagne.<\/p>\n<p><strong>DLU ET CONSERVATION<\/strong> | \u00a0Consommation privil\u00e9gi\u00e9e dans les 12 mois suivant sa fabrication. Conservez-le dans un endroit frais et sec et prot\u00e9gez-le du soleil.<\/p>\n<\/div>\n","protected":false},"featured_media":11224,"template":"","meta":{"_acf_changed":false,"_uag_custom_page_level_css":"","_genesis_hide_title":false,"_genesis_hide_breadcrumbs":false,"_genesis_hide_singular_image":false,"_genesis_hide_footer_widgets":false,"_genesis_custom_body_class":"","_genesis_custom_post_class":"","_genesis_layout":""},"product_brand":[],"product_cat":[1668,1734,1728,1730,1664],"product_tag":[],"class_list":{"0":"post-13452","1":"product","2":"type-product","3":"status-publish","4":"has-post-thumbnail","6":"product_cat-patisseries-gaufrettes","7":"product_cat-produits-de-confiserie-et-de-boulangerie-en-vrac-emballes","8":"product_cat-boutique-en-ligne","9":"product_cat-distributeurs","10":"product_cat-confiserie-boulangerie","11":"entry","13":"first","14":"instock","15":"shipping-taxable","16":"purchasable","17":"product-type-simple"},"acf":[],"df_price":29.17,"df_sale_price":"","df_regular_price":29.17,"df_image_link":"https:\/\/lapasion.es\/wp-content\/uploads\/2019\/02\/mini-chokis-env-300x300.jpg","uagb_featured_image_src":{"full":["https:\/\/lapasion.es\/wp-content\/uploads\/2019\/02\/mini-chokis-env.jpg",500,500,false],"thumbnail":["https:\/\/lapasion.es\/wp-content\/uploads\/2019\/02\/mini-chokis-env-150x150.jpg",150,150,true],"medium":["https:\/\/lapasion.es\/wp-content\/uploads\/2019\/02\/mini-chokis-env-300x300.jpg",300,300,true],"medium_large":["https:\/\/lapasion.es\/wp-content\/uploads\/2019\/02\/mini-chokis-env.jpg",500,500,false],"large":["https:\/\/lapasion.es\/wp-content\/uploads\/2019\/02\/mini-chokis-env.jpg",500,500,false],"1536x1536":["https:\/\/lapasion.es\/wp-content\/uploads\/2019\/02\/mini-chokis-env.jpg",500,500,false],"2048x2048":["https:\/\/lapasion.es\/wp-content\/uploads\/2019\/02\/mini-chokis-env.jpg",500,500,false],"gur_featured_image":["https:\/\/lapasion.es\/wp-content\/uploads\/2019\/02\/mini-chokis-env.jpg",500,500,false],"gur_blog_thumbnail":["https:\/\/lapasion.es\/wp-content\/uploads\/2019\/02\/mini-chokis-env.jpg",500,500,false],"woocommerce_thumbnail":["https:\/\/lapasion.es\/wp-content\/uploads\/2019\/02\/mini-chokis-env.jpg",500,500,false],"woocommerce_single":["https:\/\/lapasion.es\/wp-content\/uploads\/2019\/02\/mini-chokis-env.jpg",500,500,false],"woocommerce_gallery_thumbnail":["https:\/\/lapasion.es\/wp-content\/uploads\/2019\/02\/mini-chokis-env-100x100.jpg",100,100,true]},"uagb_author_info":{"display_name":"incaelum","author_link":"https:\/\/lapasion.es\/fr\/author\/"},"uagb_comment_info":0,"uagb_excerpt":"QUALIT\u00c9 SUPR\u00caME | Les MINI CHOKIES de Lapasion sont des Biscuits aux p\u00e9pites de chocolat, tr\u00e8s croustillants et au d\u00e9licieux go\u00fbt de chocolat. MOMENT PARFAIT | Id\u00e9al pour les desserts, snack et petit dejeuner. PR\u00c9SENTATION | envelopp\u00e9 individuallement | Total 2 kg PRODUITS EN ESPAGNE | Ces bonbons sont produits en Espagne. DLU ET CONSERVATION\u2026","_links":{"self":[{"href":"https:\/\/lapasion.es\/fr\/wp-json\/wp\/v2\/product\/13452","targetHints":{"allow":["GET"]}}],"collection":[{"href":"https:\/\/lapasion.es\/fr\/wp-json\/wp\/v2\/product"}],"about":[{"href":"https:\/\/lapasion.es\/fr\/wp-json\/wp\/v2\/types\/product"}],"wp:featuredmedia":[{"embeddable":true,"href":"https:\/\/lapasion.es\/fr\/wp-json\/wp\/v2\/media\/11224"}],"wp:attachment":[{"href":"https:\/\/lapasion.es\/fr\/wp-json\/wp\/v2\/media?parent=13452"}],"wp:term":[{"taxonomy":"product_brand","embeddable":true,"href":"https:\/\/lapasion.es\/fr\/wp-json\/wp\/v2\/product_brand?post=13452"},{"taxonomy":"product_cat","embeddable":true,"href":"https:\/\/lapasion.es\/fr\/wp-json\/wp\/v2\/product_cat?post=13452"},{"taxonomy":"product_tag","embeddable":true,"href":"https:\/\/lapasion.es\/fr\/wp-json\/wp\/v2\/product_tag?post=13452"}],"curies":[{"name":"wp","href":"https:\/\/api.w.org\/{rel}","templated":true}]}}