{"id":13448,"date":"2019-02-20T08:19:19","date_gmt":"2019-02-20T08:19:19","guid":{"rendered":"https:\/\/lapasion.es\/producto\/coc-pepitas-chocolate-env\/"},"modified":"2024-10-08T12:48:29","modified_gmt":"2024-10-08T10:48:29","slug":"coc-pepitas-chocolate-env","status":"publish","type":"product","link":"https:\/\/lapasion.es\/fr\/produit\/coc-pepitas-chocolate-env\/","title":{"rendered":"Gate\u00e2u Coc Moelleux aux Pepites Envelopp\u00e9 | 2Kg"},"content":{"rendered":"<p>INGR\u00c9DIENTS : Farine de <strong>BL\u00c9<\/strong>, huile de tournesol et <strong>SOJA<\/strong> en proportion variable, sucre, <strong>\u0152UF<\/strong> pasteuris\u00e9, p\u00e9pites de chocolat noir 7%) (min. cacao (sucre, p\u00e2te de cacao, beurre de cacao, \u00e9mulsifiant : l\u00e9cithine de <strong>SOJA<\/strong>. Peut contenir des traces de <strong>LAIT),<\/strong> sucre inverti, amidon de ma\u00efs, agents levants (carbonate acide de sodium, diphosphate disodique), prot\u00e9ines de <strong>LAIT<\/strong>, humectants (sorbitol et glyc\u00e9rine), acidulant (acide citrique), conservateurs (acide sorbique, sorbate de potassium), sel, ar\u00f4me (beurre, chocolat) , colorant (carot\u00e8ne). <strong>Peut contenir des traces de PEAU DE FRUITS.<\/strong><\/p>\n","protected":false},"excerpt":{"rendered":"<p><strong>QUALIT\u00c9 SUPR\u00caME<\/strong> |Produit de p\u00e2tisserie r\u00e9pondant \u00e0 la d\u00e9nomination COC PEPITAS CHOCOLATE. Il s\u00b4agit d\u00b4un g\u00e2teau fait maison typique de la r\u00e9gion, l\u00e9g\u00e8rement parfum\u00e9 \u00e0 la vanille, pr\u00e9sent\u00e9 sous forme rectangulaire avec des p\u00e9pites de chocolat \u00e0 l\u00b4int\u00e9rieur.<\/p>\n<p><strong>MOMENT PARFAIT<\/strong> | Id\u00e9al pour les desserts, snack et petit dejeuner.<\/p>\n<p><strong>PR\u00c9SENTATION<\/strong> | Emball\u00e9s individuellement avec 60g | Total 2 kg<\/p>\n<p><strong>PRODUITS EN ESPAGNE<\/strong> | Ces bonbons sont produits en Espagne.<\/p>\n<p><strong>DLU ET CONSERVATION<\/strong> | \u00a0Consommation privil\u00e9gi\u00e9e dans les 7 mois suivant sa fabrication. Conservez-le dans un endroit frais et sec et prot\u00e9gez-le du soleil.<\/p>\n","protected":false},"featured_media":11266,"template":"","meta":{"_acf_changed":false,"_uag_custom_page_level_css":"","_genesis_hide_title":false,"_genesis_hide_breadcrumbs":false,"_genesis_hide_singular_image":false,"_genesis_hide_footer_widgets":false,"_genesis_custom_body_class":"","_genesis_custom_post_class":"","_genesis_layout":""},"product_brand":[],"product_cat":[1734,1728,1730,1665,1664],"product_tag":[],"class_list":{"0":"post-13448","1":"product","2":"type-product","3":"status-publish","4":"has-post-thumbnail","6":"product_cat-produits-de-confiserie-et-de-boulangerie-en-vrac-emballes","7":"product_cat-boutique-en-ligne","8":"product_cat-distributeurs","9":"product_cat-biscuits-fr","10":"product_cat-confiserie-boulangerie","11":"entry","13":"first","14":"instock","15":"shipping-taxable","16":"purchasable","17":"product-type-simple"},"acf":[],"df_price":27.92,"df_sale_price":"","df_regular_price":27.92,"df_image_link":"https:\/\/lapasion.es\/wp-content\/uploads\/2019\/02\/coc-pepitas-env-300x300.jpg","uagb_featured_image_src":{"full":["https:\/\/lapasion.es\/wp-content\/uploads\/2019\/02\/coc-pepitas-env.jpg",500,500,false],"thumbnail":["https:\/\/lapasion.es\/wp-content\/uploads\/2019\/02\/coc-pepitas-env-150x150.jpg",150,150,true],"medium":["https:\/\/lapasion.es\/wp-content\/uploads\/2019\/02\/coc-pepitas-env-300x300.jpg",300,300,true],"medium_large":["https:\/\/lapasion.es\/wp-content\/uploads\/2019\/02\/coc-pepitas-env.jpg",500,500,false],"large":["https:\/\/lapasion.es\/wp-content\/uploads\/2019\/02\/coc-pepitas-env.jpg",500,500,false],"1536x1536":["https:\/\/lapasion.es\/wp-content\/uploads\/2019\/02\/coc-pepitas-env.jpg",500,500,false],"2048x2048":["https:\/\/lapasion.es\/wp-content\/uploads\/2019\/02\/coc-pepitas-env.jpg",500,500,false],"gur_featured_image":["https:\/\/lapasion.es\/wp-content\/uploads\/2019\/02\/coc-pepitas-env.jpg",500,500,false],"gur_blog_thumbnail":["https:\/\/lapasion.es\/wp-content\/uploads\/2019\/02\/coc-pepitas-env.jpg",500,500,false],"woocommerce_thumbnail":["https:\/\/lapasion.es\/wp-content\/uploads\/2019\/02\/coc-pepitas-env.jpg",500,500,false],"woocommerce_single":["https:\/\/lapasion.es\/wp-content\/uploads\/2019\/02\/coc-pepitas-env.jpg",500,500,false],"woocommerce_gallery_thumbnail":["https:\/\/lapasion.es\/wp-content\/uploads\/2019\/02\/coc-pepitas-env-100x100.jpg",100,100,true]},"uagb_author_info":{"display_name":"incaelum","author_link":"https:\/\/lapasion.es\/fr\/author\/"},"uagb_comment_info":0,"uagb_excerpt":"QUALIT\u00c9 SUPR\u00caME |Produit de p\u00e2tisserie r\u00e9pondant \u00e0 la d\u00e9nomination COC PEPITAS CHOCOLATE. Il s\u00b4agit d\u00b4un g\u00e2teau fait maison typique de la r\u00e9gion, l\u00e9g\u00e8rement parfum\u00e9 \u00e0 la vanille, pr\u00e9sent\u00e9 sous forme rectangulaire avec des p\u00e9pites de chocolat \u00e0 l\u00b4int\u00e9rieur. MOMENT PARFAIT | Id\u00e9al pour les desserts, snack et petit dejeuner. PR\u00c9SENTATION | Emball\u00e9s individuellement avec 60g\u2026","_links":{"self":[{"href":"https:\/\/lapasion.es\/fr\/wp-json\/wp\/v2\/product\/13448","targetHints":{"allow":["GET"]}}],"collection":[{"href":"https:\/\/lapasion.es\/fr\/wp-json\/wp\/v2\/product"}],"about":[{"href":"https:\/\/lapasion.es\/fr\/wp-json\/wp\/v2\/types\/product"}],"wp:featuredmedia":[{"embeddable":true,"href":"https:\/\/lapasion.es\/fr\/wp-json\/wp\/v2\/media\/11266"}],"wp:attachment":[{"href":"https:\/\/lapasion.es\/fr\/wp-json\/wp\/v2\/media?parent=13448"}],"wp:term":[{"taxonomy":"product_brand","embeddable":true,"href":"https:\/\/lapasion.es\/fr\/wp-json\/wp\/v2\/product_brand?post=13448"},{"taxonomy":"product_cat","embeddable":true,"href":"https:\/\/lapasion.es\/fr\/wp-json\/wp\/v2\/product_cat?post=13448"},{"taxonomy":"product_tag","embeddable":true,"href":"https:\/\/lapasion.es\/fr\/wp-json\/wp\/v2\/product_tag?post=13448"}],"curies":[{"name":"wp","href":"https:\/\/api.w.org\/{rel}","templated":true}]}}