{"id":13432,"date":"2020-06-18T11:52:05","date_gmt":"2020-06-18T11:52:05","guid":{"rendered":"https:\/\/lapasion.es\/producto\/cocofres-envuelto\/"},"modified":"2024-07-19T12:00:49","modified_gmt":"2024-07-19T10:00:49","slug":"cocofres-envuelto","status":"publish","type":"product","link":"https:\/\/lapasion.es\/fr\/produit\/cocofres-envuelto\/","title":{"rendered":"Boules compl\u00e8tes \u00e0 la noix de coco d\u00e9cor\u00e9es avec de la confiture de fraises | 2 Kg"},"content":{"rendered":"<p>Noix de coco r\u00e2p\u00e9e (34%) (Contient des <strong>SULFITES<\/strong>), sucre, <strong>OEUF<\/strong>, eau, sirop (eau, sucre, E330, E202), garniture \u00e0 la fraise 4,5% [pulpe de fraise, sucre, sirop de glucose, \u00e9paississant (pectine), acidifiant (E330) , conservateur (E202), colorant (E-120) et ar\u00f4me], acidifiant (E330), conservateur (E202), ar\u00f4me et stabilisant du beurre (E466). <strong>Peut contenir des traces de gluten, s\u00e9same, soja, moutarde, fruits \u00e0 coque et lait.<\/strong><\/p>\n","protected":false},"excerpt":{"rendered":"<p>COCOFRES | D\u00e9licieuses boules de coco d\u00e9cor\u00e9es de confiture de fraise. Produit \u00e9labor\u00e9 \u00e0 partir de p\u00e2te travaill\u00e9e avec de la noix de coco et du sucre. D\u00e9cor\u00e9 avec de la confiture de fraise. Avec une forme et un go\u00fbt caract\u00e9ristiques de la noix de coco. PR\u00c9SENTATION | 1 kg | 2 kg.<\/p>\n","protected":false},"featured_media":16849,"template":"","meta":{"_acf_changed":false,"_uag_custom_page_level_css":"","_genesis_hide_title":false,"_genesis_hide_breadcrumbs":false,"_genesis_hide_singular_image":false,"_genesis_hide_footer_widgets":false,"_genesis_custom_body_class":"","_genesis_custom_post_class":"","_genesis_layout":""},"product_brand":[],"product_cat":[1676,1728,1671,1745,1730],"product_tag":[],"class_list":{"0":"post-13432","1":"product","2":"type-product","3":"status-publish","4":"has-post-thumbnail","6":"product_cat-bonbons-a-la-noix-de-coco","7":"product_cat-boutique-en-ligne","8":"product_cat-chocolat-gourmet","9":"product_cat-confiseries-de-noel-emballees-fr","10":"product_cat-distributeurs","11":"entry","13":"first","14":"outofstock","15":"shipping-taxable","16":"purchasable","17":"product-type-variable"},"acf":[],"df_price":26,"df_sale_price":"","df_regular_price":26,"df_image_link":"https:\/\/lapasion.es\/wp-content\/uploads\/2020\/06\/Bolitas-de-coco-decoradas-con-mermelada-de-fresa-1-300x300.jpg","uagb_featured_image_src":{"full":["https:\/\/lapasion.es\/wp-content\/uploads\/2020\/06\/Bolitas-de-coco-decoradas-con-mermelada-de-fresa-1.jpg",800,800,false],"thumbnail":["https:\/\/lapasion.es\/wp-content\/uploads\/2020\/06\/Bolitas-de-coco-decoradas-con-mermelada-de-fresa-1-150x150.jpg",150,150,true],"medium":["https:\/\/lapasion.es\/wp-content\/uploads\/2020\/06\/Bolitas-de-coco-decoradas-con-mermelada-de-fresa-1-300x300.jpg",300,300,true],"medium_large":["https:\/\/lapasion.es\/wp-content\/uploads\/2020\/06\/Bolitas-de-coco-decoradas-con-mermelada-de-fresa-1-768x768.jpg",768,768,true],"large":["https:\/\/lapasion.es\/wp-content\/uploads\/2020\/06\/Bolitas-de-coco-decoradas-con-mermelada-de-fresa-1.jpg",800,800,false],"1536x1536":["https:\/\/lapasion.es\/wp-content\/uploads\/2020\/06\/Bolitas-de-coco-decoradas-con-mermelada-de-fresa-1.jpg",800,800,false],"2048x2048":["https:\/\/lapasion.es\/wp-content\/uploads\/2020\/06\/Bolitas-de-coco-decoradas-con-mermelada-de-fresa-1.jpg",800,800,false],"gur_featured_image":["https:\/\/lapasion.es\/wp-content\/uploads\/2020\/06\/Bolitas-de-coco-decoradas-con-mermelada-de-fresa-1-800x630.jpg",800,630,true],"gur_blog_thumbnail":["https:\/\/lapasion.es\/wp-content\/uploads\/2020\/06\/Bolitas-de-coco-decoradas-con-mermelada-de-fresa-1-240x240.jpg",240,240,true],"woocommerce_thumbnail":["https:\/\/lapasion.es\/wp-content\/uploads\/2020\/06\/Bolitas-de-coco-decoradas-con-mermelada-de-fresa-1-500x500.jpg",500,500,true],"woocommerce_single":["https:\/\/lapasion.es\/wp-content\/uploads\/2020\/06\/Bolitas-de-coco-decoradas-con-mermelada-de-fresa-1-655x655.jpg",655,655,true],"woocommerce_gallery_thumbnail":["https:\/\/lapasion.es\/wp-content\/uploads\/2020\/06\/Bolitas-de-coco-decoradas-con-mermelada-de-fresa-1-100x100.jpg",100,100,true]},"uagb_author_info":{"display_name":"incaelum","author_link":"https:\/\/lapasion.es\/fr\/author\/"},"uagb_comment_info":0,"uagb_excerpt":"COCOFRES | D\u00e9licieuses boules de coco d\u00e9cor\u00e9es de confiture de fraise. Produit \u00e9labor\u00e9 \u00e0 partir de p\u00e2te travaill\u00e9e avec de la noix de coco et du sucre. D\u00e9cor\u00e9 avec de la confiture de fraise. Avec une forme et un go\u00fbt caract\u00e9ristiques de la noix de coco. PR\u00c9SENTATION | 1 kg | 2 kg.","_links":{"self":[{"href":"https:\/\/lapasion.es\/fr\/wp-json\/wp\/v2\/product\/13432","targetHints":{"allow":["GET"]}}],"collection":[{"href":"https:\/\/lapasion.es\/fr\/wp-json\/wp\/v2\/product"}],"about":[{"href":"https:\/\/lapasion.es\/fr\/wp-json\/wp\/v2\/types\/product"}],"wp:featuredmedia":[{"embeddable":true,"href":"https:\/\/lapasion.es\/fr\/wp-json\/wp\/v2\/media\/16849"}],"wp:attachment":[{"href":"https:\/\/lapasion.es\/fr\/wp-json\/wp\/v2\/media?parent=13432"}],"wp:term":[{"taxonomy":"product_brand","embeddable":true,"href":"https:\/\/lapasion.es\/fr\/wp-json\/wp\/v2\/product_brand?post=13432"},{"taxonomy":"product_cat","embeddable":true,"href":"https:\/\/lapasion.es\/fr\/wp-json\/wp\/v2\/product_cat?post=13432"},{"taxonomy":"product_tag","embeddable":true,"href":"https:\/\/lapasion.es\/fr\/wp-json\/wp\/v2\/product_tag?post=13432"}],"curies":[{"name":"wp","href":"https:\/\/api.w.org\/{rel}","templated":true}]}}