{"id":13424,"date":"2022-06-10T06:26:48","date_gmt":"2022-06-10T06:26:48","guid":{"rendered":"https:\/\/lapasion.es\/producto\/goles-relleno-de-chocolate\/"},"modified":"2024-11-12T10:14:03","modified_gmt":"2024-11-12T08:14:03","slug":"goles-relleno-de-chocolate","status":"publish","type":"product","link":"https:\/\/lapasion.es\/fr\/produit\/goles-relleno-de-chocolate\/","title":{"rendered":"Goles au Cacao | G\u00e2teau au Cr\u00e8me au Cacao | 2kg"},"content":{"rendered":"<p>Farine de <strong>BL\u00c9<\/strong>, sucre, agent de remplissage 20% [Sirop de glucose, eau, sucre, graisse v\u00e9g\u00e9tale non hydrog\u00e9n\u00e9e (palme), amidon modifi\u00e9, poudre de cacao d\u00e9graiss\u00e9 (4%), stabilisants (E-460, E-466), conservateurs (E-202, E-200), ar\u00f4me, sel, acidulant (E-330), \u00e9mulsifiant (E-472c)], huiles de tournesol et de soja en proportions variables, <strong>OEUFS, <\/strong>eau, poudres \u00e0 lever (E450i, E500ii), humectant (glyc\u00e9rine), sirop (Eau, sucre, E-330, E-202), <strong>LACTOS\u00c9RUM<\/strong>, sel, acidulant (E-330), ar\u00f4me de citron et conservateurs (E-200, E-202). <strong>Peut contenir des traces de soja, fruits \u00e0 coque, s\u00e9same, moutarde et sulfites.<\/strong><\/p>\n","protected":false},"excerpt":{"rendered":"<p><strong>QUALIT\u00c9 SUPR\u00caME | <\/strong>GOLES AU CHOCOLATE LAPASION | P\u00e2tisserie typique, \u00e9labor\u00e9e avec de la farine, des \u0153ufs, huile et du sucre, et fourr\u00e9 de cr\u00e8me au cacao.<\/p>\n<p><strong>MOMENT PARFAIT<\/strong> | P\u00e2tisseries traditionnelles, id\u00e9ales pour le petit dejeuner, le d\u00e9jeuner ou les collations.<\/p>\n<p><strong>PRESENTATION<\/strong> | Ils viens emball\u00e9es individualement. Dans un carton avec 2 Kg.<\/p>\n<p><strong>PRODUIT EN ESPAGNE<\/strong> | Ces d\u00e9lices ont \u00e9t\u00e9 produits en Espagne.<\/p>\n<p><strong>DATE DE CONSOMMATION PR\u00c9F\u00c9R\u00c9E <\/strong>et conditions de<strong> CONSERVATION| <\/strong>Consommation pr\u00e9f\u00e9rentielle avant 7 moins d\u00e8s sa fabrication. Et conserver dans un endroit frais, sec, et \u00e0 l\u2019abri du soleil.<\/p>\n<p>&nbsp;<\/p>\n","protected":false},"featured_media":15450,"template":"","meta":{"_acf_changed":false,"_uag_custom_page_level_css":"","_genesis_hide_title":false,"_genesis_hide_breadcrumbs":false,"_genesis_hide_singular_image":false,"_genesis_hide_footer_widgets":false,"_genesis_custom_body_class":"","_genesis_custom_post_class":"","_genesis_layout":""},"product_brand":[],"product_cat":[1734,1728,1730,1665,1664],"product_tag":[],"class_list":{"0":"post-13424","1":"product","2":"type-product","3":"status-publish","4":"has-post-thumbnail","6":"product_cat-produits-de-confiserie-et-de-boulangerie-en-vrac-emballes","7":"product_cat-boutique-en-ligne","8":"product_cat-distributeurs","9":"product_cat-biscuits-fr","10":"product_cat-confiserie-boulangerie","11":"entry","13":"first","14":"outofstock","15":"shipping-taxable","16":"purchasable","17":"product-type-simple"},"acf":[],"df_price":29.92,"df_sale_price":"","df_regular_price":29.92,"df_image_link":"https:\/\/lapasion.es\/wp-content\/uploads\/2022\/06\/004015-goles-choco-env-300x294.jpg","uagb_featured_image_src":{"full":["https:\/\/lapasion.es\/wp-content\/uploads\/2022\/06\/004015-goles-choco-env.jpg",1051,1029,false],"thumbnail":["https:\/\/lapasion.es\/wp-content\/uploads\/2022\/06\/004015-goles-choco-env-150x150.jpg",150,150,true],"medium":["https:\/\/lapasion.es\/wp-content\/uploads\/2022\/06\/004015-goles-choco-env-300x294.jpg",300,294,true],"medium_large":["https:\/\/lapasion.es\/wp-content\/uploads\/2022\/06\/004015-goles-choco-env-768x752.jpg",768,752,true],"large":["https:\/\/lapasion.es\/wp-content\/uploads\/2022\/06\/004015-goles-choco-env-1024x1003.jpg",1024,1003,true],"1536x1536":["https:\/\/lapasion.es\/wp-content\/uploads\/2022\/06\/004015-goles-choco-env.jpg",1051,1029,false],"2048x2048":["https:\/\/lapasion.es\/wp-content\/uploads\/2022\/06\/004015-goles-choco-env.jpg",1051,1029,false],"gur_featured_image":["https:\/\/lapasion.es\/wp-content\/uploads\/2022\/06\/004015-goles-choco-env-1051x630.jpg",1051,630,true],"gur_blog_thumbnail":["https:\/\/lapasion.es\/wp-content\/uploads\/2022\/06\/004015-goles-choco-env-245x240.jpg",245,240,true],"woocommerce_thumbnail":["https:\/\/lapasion.es\/wp-content\/uploads\/2022\/06\/004015-goles-choco-env-500x500.jpg",500,500,true],"woocommerce_single":["https:\/\/lapasion.es\/wp-content\/uploads\/2022\/06\/004015-goles-choco-env-655x641.jpg",655,641,true],"woocommerce_gallery_thumbnail":["https:\/\/lapasion.es\/wp-content\/uploads\/2022\/06\/004015-goles-choco-env-100x100.jpg",100,100,true]},"uagb_author_info":{"display_name":"incaelum","author_link":"https:\/\/lapasion.es\/fr\/author\/"},"uagb_comment_info":0,"uagb_excerpt":"QUALIT\u00c9 SUPR\u00caME | GOLES AU CHOCOLATE LAPASION | P\u00e2tisserie typique, \u00e9labor\u00e9e avec de la farine, des \u0153ufs, huile et du sucre, et fourr\u00e9 de cr\u00e8me au cacao. MOMENT PARFAIT | P\u00e2tisseries traditionnelles, id\u00e9ales pour le petit dejeuner, le d\u00e9jeuner ou les collations. PRESENTATION | Ils viens emball\u00e9es individualement. Dans un carton avec 2 Kg. PRODUIT\u2026","_links":{"self":[{"href":"https:\/\/lapasion.es\/fr\/wp-json\/wp\/v2\/product\/13424","targetHints":{"allow":["GET"]}}],"collection":[{"href":"https:\/\/lapasion.es\/fr\/wp-json\/wp\/v2\/product"}],"about":[{"href":"https:\/\/lapasion.es\/fr\/wp-json\/wp\/v2\/types\/product"}],"wp:featuredmedia":[{"embeddable":true,"href":"https:\/\/lapasion.es\/fr\/wp-json\/wp\/v2\/media\/15450"}],"wp:attachment":[{"href":"https:\/\/lapasion.es\/fr\/wp-json\/wp\/v2\/media?parent=13424"}],"wp:term":[{"taxonomy":"product_brand","embeddable":true,"href":"https:\/\/lapasion.es\/fr\/wp-json\/wp\/v2\/product_brand?post=13424"},{"taxonomy":"product_cat","embeddable":true,"href":"https:\/\/lapasion.es\/fr\/wp-json\/wp\/v2\/product_cat?post=13424"},{"taxonomy":"product_tag","embeddable":true,"href":"https:\/\/lapasion.es\/fr\/wp-json\/wp\/v2\/product_tag?post=13424"}],"curies":[{"name":"wp","href":"https:\/\/api.w.org\/{rel}","templated":true}]}}