{"id":13808,"date":"2023-05-08T20:50:12","date_gmt":"2023-05-08T18:50:12","guid":{"rendered":"https:\/\/lapasion.es\/politica-privacidad\/"},"modified":"2023-05-18T15:08:13","modified_gmt":"2023-05-18T13:08:13","slug":"politique-de-confidentialite","status":"publish","type":"page","link":"https:\/\/lapasion.es\/fr\/politique-de-confidentialite\/","title":{"rendered":"Politique de confidentialit\u00e9"},"content":{"rendered":"\n<div class=\"wp-block-uagb-container uagb-block-a7dc6dd5 alignfull uagb-is-root-container\"><div class=\"uagb-container-inner-blocks-wrap\">\n<p>INFORMATIONS SUR L&rsquo;UTILISATEUR<\/p>\n\n\n\n<p>Qui est responsable du traitement de vos donn\u00e9es personnelles ?<\/p>\n\n\n\n<p>LAPASION INTERNACIONAL, SA est responsable du traitement des donn\u00e9es personnelles de l&rsquo;UTILISATEUR et vous informe que ces donn\u00e9es seront trait\u00e9es conform\u00e9ment aux dispositions du r\u00e8glement (UE) 2016\/679, du 27 avril (GDPR), et de la loi organique 3\/2018, du 5 d\u00e9cembre (LOPDGDD).<\/p>\n\n\n\n<p>Dans quel but et pourquoi traitons-nous vos donn\u00e9es \u00e0 caract\u00e8re personnel ?<\/p>\n\n\n\n<p>Selon le formulaire o\u00f9 nous avons obtenu vos donn\u00e9es personnelles, nous les traiterons de mani\u00e8re confidentielle pour atteindre les objectifs suivants : Sur le formulaire de contact Pour r\u00e9pondre aux questions ou \u00e0 tout type de demande formul\u00e9e par l&rsquo;utilisateur via l&rsquo;un des formulaires de contact mis \u00e0 disposition sur le site web du responsable du traitement (pour l&rsquo;int\u00e9r\u00eat l\u00e9gitime du responsable du traitement, art. 6.1.f GDPR) Pour effectuer des analyses statistiques et des \u00e9tudes de march\u00e9 (pour l&rsquo;int\u00e9r\u00eat l\u00e9gitime du responsable du traitement, art. 6.1.f GDPR).<\/p>\n\n\n\n<p>Combien de temps conserverons-nous vos donn\u00e9es \u00e0 caract\u00e8re personnel ?<\/p>\n\n\n\n<p>Elles seront conserv\u00e9es pendant une dur\u00e9e n&rsquo;exc\u00e9dant pas celle n\u00e9cessaire \u00e0 la r\u00e9alisation de la finalit\u00e9 du traitement ou \u00e0 l&rsquo;existence de prescriptions l\u00e9gales imposant leur conservation et, lorsqu&rsquo;elles ne seront plus n\u00e9cessaires \u00e0 cette fin, elles seront supprim\u00e9es avec des mesures de s\u00e9curit\u00e9 appropri\u00e9es pour garantir l&rsquo;anonymisation des donn\u00e9es ou leur destruction totale.<\/p>\n\n\n\n<p>\u00c0 qui communiquons-nous vos donn\u00e9es personnelles ?<\/p>\n\n\n\n<p>Aucune communication de donn\u00e9es \u00e0 caract\u00e8re personnel \u00e0 des tiers n&rsquo;est pr\u00e9vue, sauf, si cela est n\u00e9cessaire au d\u00e9veloppement et \u00e0 l&rsquo;ex\u00e9cution des finalit\u00e9s du traitement, \u00e0 nos prestataires de services li\u00e9s aux communications, avec lesquels le RESPONSABLE a sign\u00e9 les contrats de confidentialit\u00e9 et de traitement des donn\u00e9es requis par la r\u00e9glementation en vigueur en mati\u00e8re de protection de la vie priv\u00e9e.<\/p>\n\n\n\n<p>Quels sont vos droits ?<\/p>\n\n\n\n<p>Les droits de l&rsquo;UTILISATEUR sont les suivants<\/p>\n\n\n\n<p>Le droit de retirer son consentement \u00e0 tout moment.<\/p>\n\n\n\n<p>Droit d&rsquo;acc\u00e8s, de rectification, de portabilit\u00e9 et d&rsquo;effacement de ses donn\u00e9es, et de limiter ou de s&rsquo;opposer \u00e0 leur traitement.<\/p>\n\n\n\n<p>Le droit d&rsquo;introduire une r\u00e9clamation aupr\u00e8s de l&rsquo;autorit\u00e9 de contr\u00f4le (www.aepd.es) s&rsquo;il estime que le traitement n&rsquo;est pas conforme \u00e0 la r\u00e9glementation en vigueur.<\/p>\n\n\n\n<p>Coordonn\u00e9es pour l&rsquo;exercice de vos droits :<\/p>\n\n\n\n<p>LAPASION INTERNACIONAL, SA. POL. IND. MALPICA &#8211; C\/F OESTE, PARCELA 47 &#8211; 50016 ZARAGOZA (Zaragoza). Courrier \u00e9lectronique : marketing@lapasion.es<\/p>\n\n\n\n<p>CARACT\u00c8RE OBLIGATOIRE OU FACULTATIF DES INFORMATIONS FOURNIES PAR L&rsquo;UTILISATEUR<\/p>\n\n\n\n<p>L&rsquo;UTILISATEUR, en cochant les cases correspondantes et en saisissant des donn\u00e9es dans les champs marqu\u00e9s d&rsquo;un ast\u00e9risque (*) dans le formulaire de contact ou pr\u00e9sent\u00e9s dans les formulaires de t\u00e9l\u00e9chargement, accepte express\u00e9ment, librement et sans \u00e9quivoque que ses donn\u00e9es soient n\u00e9cessaires au traitement de sa demande par le fournisseur, l&rsquo;inclusion de donn\u00e9es dans les autres champs \u00e9tant facultative. L&rsquo;UTILISATEUR garantit que les donn\u00e9es personnelles fournies au RESPONSABLE sont v\u00e9ridiques et il est responsable de la communication de toute modification de ces donn\u00e9es. Le RESPONSABLE informe que toutes les donn\u00e9es demand\u00e9es par l&rsquo;interm\u00e9diaire du site web sont obligatoires, car elles sont n\u00e9cessaires \u00e0 la fourniture d&rsquo;un service optimal \u00e0 l&rsquo;UTILISATEUR. Dans le cas o\u00f9 toutes les donn\u00e9es ne seraient pas fournies, il n&rsquo;y a aucune garantie que les informations et les services fournis seront totalement adapt\u00e9s \u00e0 vos besoins.<\/p>\n\n\n\n<ol class=\"wp-block-list\" start=\"3\">\n<li>MESURES DE S\u00c9CURIT\u00c9<\/li>\n<\/ol>\n\n\n\n<p>Conform\u00e9ment aux dispositions de la r\u00e9glementation en vigueur en mati\u00e8re de protection des donn\u00e9es \u00e0 caract\u00e8re personnel, le RESPONSABLE respecte toutes les dispositions du RGPD et de la LOPDGDD pour le traitement des donn\u00e9es \u00e0 caract\u00e8re personnel sous sa responsabilit\u00e9, et manifestement les principes d\u00e9crits \u00e0 l&rsquo;article 5 du RGPD, selon lesquels elles sont trait\u00e9es de mani\u00e8re licite, loyale et transparente \u00e0 l&rsquo;\u00e9gard de la personne concern\u00e9e et sont ad\u00e9quates, pertinentes et limit\u00e9es \u00e0 ce qui est n\u00e9cessaire au regard des finalit\u00e9s pour lesquelles elles sont trait\u00e9es. Le CONTR\u00d4LEUR garantit qu&rsquo;il a mis en \u0153uvre les politiques techniques et organisationnelles appropri\u00e9es pour appliquer les mesures de s\u00e9curit\u00e9 \u00e9tablies par le GDPR et la LOPDGDD afin de prot\u00e9ger les droits et libert\u00e9s des UTILISATEURS et qu&rsquo;il leur a communiqu\u00e9 les informations appropri\u00e9es pour qu&rsquo;ils puissent les exercer. Pour plus d&rsquo;informations sur les garanties de confidentialit\u00e9, vous pouvez contacter le RESPONSABLE par l&rsquo;interm\u00e9diaire de LAPASION INTERNACIONAL, SA. POL. IND. MALPICA &#8211; C\/F OESTE, PARCELA 47 &#8211; 50016 ZARAGOZA (Zaragoza). Courrier \u00e9lectronique : marketing@lapasion.es<\/p>\n<\/div><\/div>\n","protected":false},"excerpt":{"rendered":"<p>INFORMATIONS SUR L&rsquo;UTILISATEUR Qui est responsable du traitement de vos donn\u00e9es personnelles ? LAPASION INTERNACIONAL, SA est responsable du traitement des donn\u00e9es personnelles de l&rsquo;UTILISATEUR et vous informe que ces donn\u00e9es seront trait\u00e9es conform\u00e9ment aux dispositions du r\u00e8glement (UE) 2016\/679, du 27 avril (GDPR), et de la loi organique 3\/2018, du 5 d\u00e9cembre (LOPDGDD). Dans [&hellip;]<\/p>\n","protected":false},"author":1,"featured_media":0,"parent":0,"menu_order":0,"comment_status":"closed","ping_status":"closed","template":"","meta":{"_acf_changed":false,"_uag_custom_page_level_css":"","_genesis_hide_title":false,"_genesis_hide_breadcrumbs":false,"_genesis_hide_singular_image":false,"_genesis_hide_footer_widgets":false,"_genesis_custom_body_class":"","_genesis_custom_post_class":"","_genesis_layout":"","footnotes":""},"class_list":{"0":"post-13808","1":"page","2":"type-page","3":"status-publish","5":"entry"},"acf":[],"uagb_featured_image_src":{"full":false,"thumbnail":false,"medium":false,"medium_large":false,"large":false,"1536x1536":false,"2048x2048":false,"gur_featured_image":false,"gur_blog_thumbnail":false,"woocommerce_thumbnail":false,"woocommerce_single":false,"woocommerce_gallery_thumbnail":false},"uagb_author_info":{"display_name":"incaelum","author_link":"https:\/\/lapasion.es\/fr\/author\/incaelum\/"},"uagb_comment_info":0,"uagb_excerpt":"INFORMATIONS SUR L&rsquo;UTILISATEUR Qui est responsable du traitement de vos donn\u00e9es personnelles ? LAPASION INTERNACIONAL, SA est responsable du traitement des donn\u00e9es personnelles de l&rsquo;UTILISATEUR et vous informe que ces donn\u00e9es seront trait\u00e9es conform\u00e9ment aux dispositions du r\u00e8glement (UE) 2016\/679, du 27 avril (GDPR), et de la loi organique 3\/2018, du 5 d\u00e9cembre (LOPDGDD). Dans\u2026","_links":{"self":[{"href":"https:\/\/lapasion.es\/fr\/wp-json\/wp\/v2\/pages\/13808","targetHints":{"allow":["GET"]}}],"collection":[{"href":"https:\/\/lapasion.es\/fr\/wp-json\/wp\/v2\/pages"}],"about":[{"href":"https:\/\/lapasion.es\/fr\/wp-json\/wp\/v2\/types\/page"}],"author":[{"embeddable":true,"href":"https:\/\/lapasion.es\/fr\/wp-json\/wp\/v2\/users\/1"}],"replies":[{"embeddable":true,"href":"https:\/\/lapasion.es\/fr\/wp-json\/wp\/v2\/comments?post=13808"}],"version-history":[{"count":0,"href":"https:\/\/lapasion.es\/fr\/wp-json\/wp\/v2\/pages\/13808\/revisions"}],"wp:attachment":[{"href":"https:\/\/lapasion.es\/fr\/wp-json\/wp\/v2\/media?parent=13808"}],"curies":[{"name":"wp","href":"https:\/\/api.w.org\/{rel}","templated":true}]}}