{"id":13795,"date":"2023-05-08T23:07:23","date_gmt":"2023-05-08T21:07:23","guid":{"rendered":"https:\/\/lapasion.es\/politica-devoluciones\/"},"modified":"2023-05-29T08:24:43","modified_gmt":"2023-05-29T06:24:43","slug":"politique-retour","status":"publish","type":"page","link":"https:\/\/lapasion.es\/fr\/politique-retour\/","title":{"rendered":"Politique de retour"},"content":{"rendered":"\n<div class=\"wp-block-uagb-container uagb-block-b6a0ddce alignfull uagb-is-root-container\"><div class=\"uagb-container-inner-blocks-wrap\">\n<p>POLITIQUE DE RETOUR : Chez LAPASION, la r\u00e9tractation peut \u00eatre exerc\u00e9e jusqu&rsquo;\u00e0 14 jours apr\u00e8s la r\u00e9ception des marchandises, et rembourse 100% du montant du produit (moins les frais d&rsquo;exp\u00e9dition). Une fois le d\u00e9lai de quatorze (14) jours calendaires expir\u00e9, LAPASION n&rsquo;acceptera pas de retours pour la r\u00e9tractation des achats de produits. Conditions de retour : Nous acceptons tous les retours qui r\u00e9pondent \u00e0 ces conditions :<\/p>\n\n\n\n<ul class=\"wp-block-list\">\n<li>Vous pouvez demander un retour dans les 14 jours suivant l&rsquo;achat.<\/li>\n\n\n\n<li>L&rsquo;article doit \u00eatre dans son EMBALLAGE ORIGINAL et en parfait \u00e9tat, il ne doit pas avoir \u00e9t\u00e9 alt\u00e9r\u00e9 de quelque mani\u00e8re que ce soit. Les articles doivent parvenir \u00e0 LAPASION dans une bo\u00eete qui prot\u00e8ge l&#8217;emballage d&rsquo;origine.<\/li>\n\n\n\n<li>Les frais de retour sont \u00e0 la charge du client, sauf si le produit est d\u00e9fectueux ou s&rsquo;il y a eu une erreur de la part de LAPASION.<\/li>\n\n\n\n<li>Une fois que nous aurons re\u00e7u l&rsquo;article et v\u00e9rifi\u00e9 qu&rsquo;il est correct, nous vous rembourserons le montant en utilisant le m\u00eame syst\u00e8me que celui que vous avez utilis\u00e9 pour payer.<\/li>\n\n\n\n<li>Pour des raisons d&rsquo;hygi\u00e8ne, nous n&rsquo;acceptons pas les retours de produits alimentaires qui ont \u00e9t\u00e9 alt\u00e9r\u00e9s ou ouverts, quelles que soient les circonstances.<\/li>\n\n\n\n<li>Si vous achetez \u00e0 CEUTA, MELILLA ou aux \u00ceLES CANARIES, vous acceptez le paiement du SAD et de l&rsquo;IGIC des \u00celes Canaries. Si vous n&rsquo;acceptez pas le paiement de ces taxes et formalit\u00e9s, n&rsquo;achetez pas \u00e0 ces endroits. Avant d&rsquo;effectuer un retour, veuillez nous contacter par courrier \u00e9lectronique \u00e0 l&rsquo;adresse ventas@lapasion.es.<\/li>\n\n\n\n<li>L&rsquo;adresse \u00e0 laquelle les retours peuvent \u00eatre effectu\u00e9s est la suivante :<\/li>\n<\/ul>\n\n\n\n<p>Lapasion Store<br>Pol. Ind. Malpica C\/F, Oeste<br>Parcela 47<br>50016 Zaragoza<br>Zaragoza<br>Espagne<\/p>\n<\/div><\/div>\n","protected":false},"excerpt":{"rendered":"<p>POLITIQUE DE RETOUR : Chez LAPASION, la r\u00e9tractation peut \u00eatre exerc\u00e9e jusqu&rsquo;\u00e0 14 jours apr\u00e8s la r\u00e9ception des marchandises, et rembourse 100% du montant du produit (moins les frais d&rsquo;exp\u00e9dition). Une fois le d\u00e9lai de quatorze (14) jours calendaires expir\u00e9, LAPASION n&rsquo;acceptera pas de retours pour la r\u00e9tractation des achats de produits. Conditions de retour [&hellip;]<\/p>\n","protected":false},"author":1,"featured_media":0,"parent":0,"menu_order":0,"comment_status":"closed","ping_status":"closed","template":"","meta":{"_acf_changed":false,"_uag_custom_page_level_css":"","_genesis_hide_title":false,"_genesis_hide_breadcrumbs":false,"_genesis_hide_singular_image":false,"_genesis_hide_footer_widgets":false,"_genesis_custom_body_class":"","_genesis_custom_post_class":"","_genesis_layout":"","footnotes":""},"class_list":{"0":"post-13795","1":"page","2":"type-page","3":"status-publish","5":"entry"},"acf":[],"uagb_featured_image_src":{"full":false,"thumbnail":false,"medium":false,"medium_large":false,"large":false,"1536x1536":false,"2048x2048":false,"gur_featured_image":false,"gur_blog_thumbnail":false,"woocommerce_thumbnail":false,"woocommerce_single":false,"woocommerce_gallery_thumbnail":false},"uagb_author_info":{"display_name":"incaelum","author_link":"https:\/\/lapasion.es\/fr\/author\/incaelum\/"},"uagb_comment_info":0,"uagb_excerpt":"POLITIQUE DE RETOUR : Chez LAPASION, la r\u00e9tractation peut \u00eatre exerc\u00e9e jusqu&rsquo;\u00e0 14 jours apr\u00e8s la r\u00e9ception des marchandises, et rembourse 100% du montant du produit (moins les frais d&rsquo;exp\u00e9dition). Une fois le d\u00e9lai de quatorze (14) jours calendaires expir\u00e9, LAPASION n&rsquo;acceptera pas de retours pour la r\u00e9tractation des achats de produits. Conditions de retour\u2026","_links":{"self":[{"href":"https:\/\/lapasion.es\/fr\/wp-json\/wp\/v2\/pages\/13795","targetHints":{"allow":["GET"]}}],"collection":[{"href":"https:\/\/lapasion.es\/fr\/wp-json\/wp\/v2\/pages"}],"about":[{"href":"https:\/\/lapasion.es\/fr\/wp-json\/wp\/v2\/types\/page"}],"author":[{"embeddable":true,"href":"https:\/\/lapasion.es\/fr\/wp-json\/wp\/v2\/users\/1"}],"replies":[{"embeddable":true,"href":"https:\/\/lapasion.es\/fr\/wp-json\/wp\/v2\/comments?post=13795"}],"version-history":[{"count":0,"href":"https:\/\/lapasion.es\/fr\/wp-json\/wp\/v2\/pages\/13795\/revisions"}],"wp:attachment":[{"href":"https:\/\/lapasion.es\/fr\/wp-json\/wp\/v2\/media?parent=13795"}],"curies":[{"name":"wp","href":"https:\/\/api.w.org\/{rel}","templated":true}]}}